{"id":77926,"date":"2025-09-17T20:19:16","date_gmt":"2025-09-17T18:19:16","guid":{"rendered":"https:\/\/allwindows.eu\/slapuku-politika\/"},"modified":"2025-09-17T20:19:16","modified_gmt":"2025-09-17T18:19:16","slug":"slapuku-politika","status":"publish","type":"page","link":"https:\/\/allwindows.eu\/lt\/slapuku-politika\/","title":{"rendered":"Slapuk\u0173 politika"},"content":{"rendered":"\t\t<div data-elementor-type=\"wp-page\" data-elementor-id=\"77926\" class=\"elementor elementor-77926 elementor-18980\" data-elementor-post-type=\"page\">\n\t\t\t\t\t\t<section class=\"elementor-section elementor-top-section elementor-element elementor-element-2030a4a elementor-section-boxed elementor-section-height-default elementor-section-height-default\" data-id=\"2030a4a\" data-element_type=\"section\" data-e-type=\"section\">\n\t\t\t\t\t\t<div class=\"elementor-container elementor-column-gap-default\">\n\t\t\t\t\t<div class=\"elementor-column elementor-col-100 elementor-top-column elementor-element elementor-element-deac9a7\" data-id=\"deac9a7\" data-element_type=\"column\" data-e-type=\"column\">\n\t\t\t<div class=\"elementor-widget-wrap elementor-element-populated\">\n\t\t\t\t\t\t<div class=\"elementor-element elementor-element-6dcea12 elementor-widget elementor-widget-text-editor\" data-id=\"6dcea12\" data-element_type=\"widget\" data-e-type=\"widget\" data-widget_type=\"text-editor.default\">\n\t\t\t\t<div class=\"elementor-widget-container\">\n\t\t\t\t\t\t\t\t\t<center><h3><strong>SLAPUK\u0172 POLITIKA<\/strong><\/h3><\/center>\n<ol>\n \t<li>All Windows Group ribotos atsakomyb\u0117s bendrov\u0117, \u012fsik\u016brusi Nysoje, Karpacka 6, 48-303 Nysa, \u012fregistruota Nacionalinio teism\u0173 registro Verslinink\u0173 registre, KRS Nr.: 0000345467, kurios dokumentai saugomi Nacionalinio teism\u0173 registro Opol\u0117s VIII apylink\u0117s teismo Ekonomikos skyriuje, NIP: 7531608850, REGON: 531212343, kaip interneto svetain\u0117s, valdomos domenu www.<a href=\"https:\/\/allwindows.eu\/lt\/\">allwindows.eu<\/a> (toliau &#8211; Svetain\u0117) ir kaip Svetain\u0117je surinkt\u0173 asmens duomen\u0173 valdytojas, toliau pateikia informacij\u0105 apie slapuk\u0173, vadinam\u0173j\u0173 &#8222;cookies&#8221;, taikym\u0105 ir naudojim\u0105 Svetain\u0117je. <\/li>\n \t<li>Svetain\u0117 nerenka jokios informacijos automati\u0161kai, i\u0161skyrus slapuk\u0173 informacij\u0105.<\/li>\n \t<li>Slapukai &#8211; tai IT duomenys, ypa\u010d tekstiniai failai, kurie saugomi Paslaugos naudotojo galin\u0117je \u012frangoje ir yra skirti naudotis Paslaugos interneto svetain\u0117mis. Slapukuose paprastai nurodomas svetain\u0117s, i\u0161 kurios jie gauti, pavadinimas, j\u0173 saugojimo galin\u0117je \u012frangoje laikas ir unikalus numeris. <\/li>\n \t<li>Subjektas, kuris \u012fra\u0161o slapukus \u012f Svetain\u0117s naudotojo galin\u0119 \u012frang\u0105 ir gauna prieig\u0105 prie j\u0173, yra Svetain\u0117s operatorius &#8211; All Windows Group Sp\u00f3\u0142ka z ograniczon\u0105 odpowiedzialno\u015bci\u0105, kurios registruota buvein\u0117 yra Nysa, Karpacka6, 48-303 Nysa.<\/li>\n \t<li>Slapukai naudojami siekiant pritaikyti Svetain\u0117s turin\u012f prie Vartotojo pageidavim\u0173 ir optimizuoti naudojim\u0105si Svetaine; ypa\u010d \u0161ie slapukai leid\u017eia atpa\u017einti Svetain\u0117s Vartotojo \u012frengin\u012f ir tinkamai rodyti Svetain\u0119, pritaikyt\u0105 prie individuali\u0173 Vartotojo poreiki\u0173, ir kurti statistik\u0105, padedan\u010di\u0105 suprasti, kaip Svetain\u0117s Vartotojai naudojasi Svetaine, o tai leid\u017eia tobulinti jos strukt\u016br\u0105 ir turin\u012f.<\/li>\n \t<li>Svetain\u0117je naudojami dviej\u0173 pagrindini\u0173 tip\u0173 slapukai: &#8222;sesijos&#8221;<em>(sesijos slapukai<\/em>) ir &#8222;nuolatiniai&#8221;<em>(nuolatiniai slapukai<\/em>). &#8222;Sesijos&#8221; slapukai &#8211; tai laikini failai, kurie saugomi Vartotojo galin\u0117je \u012frangoje tol, kol jis atsijungia, i\u0161eina i\u0161 svetain\u0117s arba i\u0161jungia programin\u0119 \u012frang\u0105 (interneto nar\u0161ykl\u0119). &#8222;Nuolatiniai&#8221; slapukai Vartotojo galin\u0117je \u012frangoje saugomi slapuk\u0173 parametruose nurodyt\u0105 laik\u0105 arba tol, kol Vartotojas juos i\u0161trina.  <\/li>\n \t<li>Be to, Paslaugoje naudojami \u0161i\u0173 tip\u0173 slapukai:\n<ol>\n \t<li>&#8222;b\u016btini&#8221; slapukai, kad b\u016bt\u0173 galima naudotis Svetain\u0117je teikiamomis paslaugomis, pvz., autentifikavimo slapukai, naudojami paslaugoms, kurioms reikia autentifikavimo Svetain\u0117je;<\/li>\n \t<li>slapukai, naudojami saugumo tikslais, pvz., naudojami siekiant aptikti netinkam\u0105 autentifikavimo naudojim\u0105 Svetain\u0117je;<\/li>\n \t<li>&#8222;na\u0161umo&#8221; slapukai, leid\u017eiantys rinkti informacij\u0105 apie naudojim\u0105si Svetain\u0117s svetain\u0117mis;<\/li>\n \t<li>&#8222;funkciniai&#8221; slapukai, leid\u017eiantys &#8222;\u012fsiminti&#8221; Vartotojo pasirinktus nustatymus ir personalizuoti Vartotojo s\u0105saj\u0105, pvz., atsi\u017evelgiant \u012f Vartotojo pasirinkt\u0105 kalb\u0105 ar kilm\u0117s region\u0105, \u0161rifto dyd\u012f, svetain\u0117s dizain\u0105 ir pan;<\/li>\n \t<li>&#8222;reklaminiai&#8221; slapukai, leid\u017eiantys pateikti Vartotojams j\u0173 interesus labiau atitinkant\u012f reklamin\u012f turin\u012f.<\/li>\n<\/ol>\n<\/li>\n \t<li>I\u0161 slapuk\u0173 nuskaityt\u0173 asmens duomen\u0173 rinkimo teisinis pagrindas yra RODO 6 straipsnio 1 dalies f punktas, leid\u017eiantis tvarkyti asmens duomenis siekiant teis\u0117to duomen\u0173 valdytojo tikslo. Toks tikslas &#8211; pritaikyti svetain\u0119 prie individuali\u0173 naudotojo nustatym\u0173 ir \u012fsiminti naudotojo \u012fvestus duomenis, susijusius su svetain\u0117s naudojimu, taip pat atlikti statistin\u0119 naudotoj\u0173 ir svetain\u0117s lankytoj\u0173 analiz\u0119 svetain\u0117s administratoriaus tikslais.<\/li>\n \t<li>Daugeliu atvej\u0173 interneto nar\u0161ymo programin\u0117 \u012franga (interneto nar\u0161ykl\u0117) pagal nutyl\u0117jim\u0105 leid\u017eia saugoti slapukus Vartotojo galiniame \u012frenginyje. Svetain\u0117s naudotojai gali bet kada pakeisti slapuk\u0173 nustatymus. \u0160iuos nustatymus vis\u0173 pirma galima pakeisti taip, kad interneto nar\u0161ykl\u0117s nustatymuose b\u016bt\u0173 blokuojamas automatinis slapuk\u0173 tvarkymas, arba informuoti apie j\u0173 kiekvien\u0105 kart\u0105 patalpinim\u0105 Paslaugos naudotojo \u012frenginyje. I\u0161sami\u0105 informacij\u0105 apie slapuk\u0173 naudojimo galimybes ir b\u016bdus rasite savo programin\u0117s \u012frangos (interneto nar\u0161ykl\u0117s) nustatymuose.   <\/li>\n \t<li>Paslaug\u0173 naudotojai taip pat gali susipa\u017einti su savo \u012frenginyje saugomais failais analizuodami slapuk\u0173 turin\u012f per savo nar\u0161ykl\u0117s nustatymus. Per savo nar\u0161ykl\u0117s nustatymus Paslaug\u0173 naudotojai taip pat gali bet kada i\u0161trinti savo \u012frenginiuose saugomus failus. <\/li>\n \t<li>Svetain\u0117s operatorius informuoja, kad slapuk\u0173 naudojimo apribojimai gali tur\u0117ti \u012ftakos kai kurioms Svetain\u0117s funkcijoms.<\/li>\n \t<li>Slapukai \u012fra\u0161omi \u012f Paslaug\u0173 naudotojo galin\u0119 \u012frang\u0105, juos taip pat gali naudoti reklamuotojai ir partneriai, bendradarbiaujantys su Paslaug\u0173 operatoriumi.<\/li>\n \t<li>Daugiau informacijos apie slapukus galima rasti adresu http:\/\/wszystkoociasteczkach.pl\/ arba nar\u0161ykl\u0117s meniu skyriuje &#8222;Pagalba&#8221;.<\/li>\n<\/ol>\t\t\t\t\t\t\t\t<\/div>\n\t\t\t\t<\/div>\n\t\t\t\t\t<\/div>\n\t\t<\/div>\n\t\t\t\t\t<\/div>\n\t\t<\/section>\n\t\t\t\t<\/div>\n\t\t<script>function getWR360PopupSkin(){return 'light_clean';}<\/script>","protected":false},"excerpt":{"rendered":"<p>SLAPUK\u0172 POLITIKA All Windows Group ribotos atsakomyb\u0117s bendrov\u0117, \u012fsik\u016brusi Nysoje, Karpacka 6, 48-303 Nysa, \u012fregistruota Nacionalinio teism\u0173 registro Verslinink\u0173 registre, KRS Nr.: 0000345467, kurios dokumentai saugomi Nacionalinio teism\u0173 registro Opol\u0117s VIII apylink\u0117s teismo Ekonomikos skyriuje, NIP: 7531608850, REGON: 531212343, kaip interneto svetain\u0117s, valdomos domenu www.allwindows.eu (toliau &#8211; Svetain\u0117) ir kaip Svetain\u0117je surinkt\u0173 asmens duomen\u0173 valdytojas, [&hellip;]<\/p>\n","protected":false},"author":2,"featured_media":0,"parent":0,"menu_order":0,"comment_status":"closed","ping_status":"closed","template":"","meta":{"_acf_changed":false,"site-sidebar-layout":"no-sidebar","site-content-layout":"page-builder","ast-site-content-layout":"","site-content-style":"default","site-sidebar-style":"default","ast-global-header-display":"","ast-banner-title-visibility":"","ast-main-header-display":"","ast-hfb-above-header-display":"","ast-hfb-below-header-display":"","ast-hfb-mobile-header-display":"","site-post-title":"disabled","ast-breadcrumbs-content":"","ast-featured-img":"disabled","footer-sml-layout":"","theme-transparent-header-meta":"default","adv-header-id-meta":"","stick-header-meta":"default","header-above-stick-meta":"","header-main-stick-meta":"","header-below-stick-meta":"","astra-migrate-meta-layouts":"default","ast-page-background-enabled":"default","ast-page-background-meta":{"desktop":{"background-color":"","background-image":"","background-repeat":"repeat","background-position":"center center","background-size":"auto","background-attachment":"scroll","background-type":"","background-media":"","overlay-type":"","overlay-color":"","overlay-opacity":"","overlay-gradient":""},"tablet":{"background-color":"","background-image":"","background-repeat":"repeat","background-position":"center center","background-size":"auto","background-attachment":"scroll","background-type":"","background-media":"","overlay-type":"","overlay-color":"","overlay-opacity":"","overlay-gradient":""},"mobile":{"background-color":"","background-image":"","background-repeat":"repeat","background-position":"center center","background-size":"auto","background-attachment":"scroll","background-type":"","background-media":"","overlay-type":"","overlay-color":"","overlay-opacity":"","overlay-gradient":""}},"ast-content-background-meta":{"desktop":{"background-color":"var(--ast-global-color-5)","background-image":"","background-repeat":"repeat","background-position":"center center","background-size":"auto","background-attachment":"scroll","background-type":"","background-media":"","overlay-type":"","overlay-color":"","overlay-opacity":"","overlay-gradient":""},"tablet":{"background-color":"var(--ast-global-color-5)","background-image":"","background-repeat":"repeat","background-position":"center center","background-size":"auto","background-attachment":"scroll","background-type":"","background-media":"","overlay-type":"","overlay-color":"","overlay-opacity":"","overlay-gradient":""},"mobile":{"background-color":"var(--ast-global-color-5)","background-image":"","background-repeat":"repeat","background-position":"center center","background-size":"auto","background-attachment":"scroll","background-type":"","background-media":"","overlay-type":"","overlay-color":"","overlay-opacity":"","overlay-gradient":""}},"footnotes":""},"class_list":["post-77926","page","type-page","status-publish","hentry"],"acf":[],"yoast_head":"<!-- This site is optimized with the Yoast SEO plugin v27.1.1 - https:\/\/yoast.com\/product\/yoast-seo-wordpress\/ -->\n<title>Slapuk\u0173 politika - All Windows Group | Polski Producent Okien, Drzwi, Rolet i Bram<\/title>\n<meta name=\"robots\" content=\"index, follow, max-snippet:-1, max-image-preview:large, max-video-preview:-1\" \/>\n<link rel=\"canonical\" href=\"https:\/\/allwindows.eu\/lt\/slapuku-politika\/\" \/>\n<meta property=\"og:locale\" content=\"lt_LT\" \/>\n<meta property=\"og:type\" content=\"article\" \/>\n<meta property=\"og:title\" content=\"Slapuk\u0173 politika - All Windows Group | Polski Producent Okien, Drzwi, Rolet i Bram\" \/>\n<meta property=\"og:description\" content=\"SLAPUK\u0172 POLITIKA All Windows Group ribotos atsakomyb\u0117s bendrov\u0117, \u012fsik\u016brusi Nysoje, Karpacka 6, 48-303 Nysa, \u012fregistruota Nacionalinio teism\u0173 registro Verslinink\u0173 registre, KRS Nr.: 0000345467, kurios dokumentai saugomi Nacionalinio teism\u0173 registro Opol\u0117s VIII apylink\u0117s teismo Ekonomikos skyriuje, NIP: 7531608850, REGON: 531212343, kaip interneto svetain\u0117s, valdomos domenu www.allwindows.eu (toliau &#8211; Svetain\u0117) ir kaip Svetain\u0117je surinkt\u0173 asmens duomen\u0173 valdytojas, [&hellip;]\" \/>\n<meta property=\"og:url\" content=\"https:\/\/allwindows.eu\/lt\/slapuku-politika\/\" \/>\n<meta property=\"og:site_name\" content=\"All Windows Group | Polski Producent Okien, Drzwi, Rolet i Bram\" \/>\n<meta property=\"article:publisher\" content=\"https:\/\/www.facebook.com\/AllWindowsGroup?locale=pl_PL\" \/>\n<meta name=\"twitter:card\" content=\"summary_large_image\" \/>\n<meta name=\"twitter:label1\" content=\"Est. reading time\" \/>\n\t<meta name=\"twitter:data1\" content=\"3 minut\u0117s\" \/>\n<script type=\"application\/ld+json\" class=\"yoast-schema-graph\">{\"@context\":\"https:\/\/schema.org\",\"@graph\":[{\"@type\":\"WebPage\",\"@id\":\"https:\/\/allwindows.eu\/lt\/slapuku-politika\/\",\"url\":\"https:\/\/allwindows.eu\/lt\/slapuku-politika\/\",\"name\":\"Slapuk\u0173 politika - All Windows Group | Polski Producent Okien, Drzwi, Rolet i Bram\",\"isPartOf\":{\"@id\":\"https:\/\/allwindows.eu\/lt\/#website\"},\"datePublished\":\"2025-09-17T18:19:16+00:00\",\"breadcrumb\":{\"@id\":\"https:\/\/allwindows.eu\/lt\/slapuku-politika\/#breadcrumb\"},\"inLanguage\":\"lt-LT\",\"potentialAction\":[{\"@type\":\"ReadAction\",\"target\":[\"https:\/\/allwindows.eu\/lt\/slapuku-politika\/\"]}]},{\"@type\":\"BreadcrumbList\",\"@id\":\"https:\/\/allwindows.eu\/lt\/slapuku-politika\/#breadcrumb\",\"itemListElement\":[{\"@type\":\"ListItem\",\"position\":1,\"name\":\"Prad\u017eia\",\"item\":\"https:\/\/allwindows.eu\/lt\/\"},{\"@type\":\"ListItem\",\"position\":2,\"name\":\"Slapuk\u0173 politika\"}]},{\"@type\":\"WebSite\",\"@id\":\"https:\/\/allwindows.eu\/lt\/#website\",\"url\":\"https:\/\/allwindows.eu\/lt\/\",\"name\":\"All Windows Group | Polski Producent Okien, Drzwi, Rolet i Bram\",\"description\":\"Polski Producent Okien, Drzwi, Rolet i Bram\",\"publisher\":{\"@id\":\"https:\/\/allwindows.eu\/lt\/#organization\"},\"potentialAction\":[{\"@type\":\"SearchAction\",\"target\":{\"@type\":\"EntryPoint\",\"urlTemplate\":\"https:\/\/allwindows.eu\/lt\/?s={search_term_string}\"},\"query-input\":{\"@type\":\"PropertyValueSpecification\",\"valueRequired\":true,\"valueName\":\"search_term_string\"}}],\"inLanguage\":\"lt-LT\"},{\"@type\":\"Organization\",\"@id\":\"https:\/\/allwindows.eu\/lt\/#organization\",\"name\":\"All Windows Group | Polski Producent Okien, Drzwi, Rolet i Bram\",\"url\":\"https:\/\/allwindows.eu\/lt\/\",\"logo\":{\"@type\":\"ImageObject\",\"inLanguage\":\"lt-LT\",\"@id\":\"https:\/\/allwindows.eu\/lt\/#\/schema\/logo\/image\/\",\"url\":\"https:\/\/allwindows.eu\/wp-content\/uploads\/2022\/05\/cropped-Logo_All-Windows_poziom.png\",\"contentUrl\":\"https:\/\/allwindows.eu\/wp-content\/uploads\/2022\/05\/cropped-Logo_All-Windows_poziom.png\",\"width\":2115,\"height\":551,\"caption\":\"All Windows Group | Polski Producent Okien, Drzwi, Rolet i Bram\"},\"image\":{\"@id\":\"https:\/\/allwindows.eu\/lt\/#\/schema\/logo\/image\/\"},\"sameAs\":[\"https:\/\/www.facebook.com\/AllWindowsGroup?locale=pl_PL\",\"https:\/\/www.linkedin.com\/company\/allwindowsgroup\/\",\"https:\/\/www.instagram.com\/allwindowsgroup\/\"]}]}<\/script>\n<!-- \/ Yoast SEO plugin. -->","yoast_head_json":{"title":"Slapuk\u0173 politika - All Windows Group | Polski Producent Okien, Drzwi, Rolet i Bram","robots":{"index":"index","follow":"follow","max-snippet":"max-snippet:-1","max-image-preview":"max-image-preview:large","max-video-preview":"max-video-preview:-1"},"canonical":"https:\/\/allwindows.eu\/lt\/slapuku-politika\/","og_locale":"lt_LT","og_type":"article","og_title":"Slapuk\u0173 politika - All Windows Group | Polski Producent Okien, Drzwi, Rolet i Bram","og_description":"SLAPUK\u0172 POLITIKA All Windows Group ribotos atsakomyb\u0117s bendrov\u0117, \u012fsik\u016brusi Nysoje, Karpacka 6, 48-303 Nysa, \u012fregistruota Nacionalinio teism\u0173 registro Verslinink\u0173 registre, KRS Nr.: 0000345467, kurios dokumentai saugomi Nacionalinio teism\u0173 registro Opol\u0117s VIII apylink\u0117s teismo Ekonomikos skyriuje, NIP: 7531608850, REGON: 531212343, kaip interneto svetain\u0117s, valdomos domenu www.allwindows.eu (toliau &#8211; Svetain\u0117) ir kaip Svetain\u0117je surinkt\u0173 asmens duomen\u0173 valdytojas, [&hellip;]","og_url":"https:\/\/allwindows.eu\/lt\/slapuku-politika\/","og_site_name":"All Windows Group | Polski Producent Okien, Drzwi, Rolet i Bram","article_publisher":"https:\/\/www.facebook.com\/AllWindowsGroup?locale=pl_PL","twitter_card":"summary_large_image","twitter_misc":{"Est. reading time":"3 minut\u0117s"},"schema":{"@context":"https:\/\/schema.org","@graph":[{"@type":"WebPage","@id":"https:\/\/allwindows.eu\/lt\/slapuku-politika\/","url":"https:\/\/allwindows.eu\/lt\/slapuku-politika\/","name":"Slapuk\u0173 politika - All Windows Group | Polski Producent Okien, Drzwi, Rolet i Bram","isPartOf":{"@id":"https:\/\/allwindows.eu\/lt\/#website"},"datePublished":"2025-09-17T18:19:16+00:00","breadcrumb":{"@id":"https:\/\/allwindows.eu\/lt\/slapuku-politika\/#breadcrumb"},"inLanguage":"lt-LT","potentialAction":[{"@type":"ReadAction","target":["https:\/\/allwindows.eu\/lt\/slapuku-politika\/"]}]},{"@type":"BreadcrumbList","@id":"https:\/\/allwindows.eu\/lt\/slapuku-politika\/#breadcrumb","itemListElement":[{"@type":"ListItem","position":1,"name":"Prad\u017eia","item":"https:\/\/allwindows.eu\/lt\/"},{"@type":"ListItem","position":2,"name":"Slapuk\u0173 politika"}]},{"@type":"WebSite","@id":"https:\/\/allwindows.eu\/lt\/#website","url":"https:\/\/allwindows.eu\/lt\/","name":"All Windows Group | Polski Producent Okien, Drzwi, Rolet i Bram","description":"Polski Producent Okien, Drzwi, Rolet i Bram","publisher":{"@id":"https:\/\/allwindows.eu\/lt\/#organization"},"potentialAction":[{"@type":"SearchAction","target":{"@type":"EntryPoint","urlTemplate":"https:\/\/allwindows.eu\/lt\/?s={search_term_string}"},"query-input":{"@type":"PropertyValueSpecification","valueRequired":true,"valueName":"search_term_string"}}],"inLanguage":"lt-LT"},{"@type":"Organization","@id":"https:\/\/allwindows.eu\/lt\/#organization","name":"All Windows Group | Polski Producent Okien, Drzwi, Rolet i Bram","url":"https:\/\/allwindows.eu\/lt\/","logo":{"@type":"ImageObject","inLanguage":"lt-LT","@id":"https:\/\/allwindows.eu\/lt\/#\/schema\/logo\/image\/","url":"https:\/\/allwindows.eu\/wp-content\/uploads\/2022\/05\/cropped-Logo_All-Windows_poziom.png","contentUrl":"https:\/\/allwindows.eu\/wp-content\/uploads\/2022\/05\/cropped-Logo_All-Windows_poziom.png","width":2115,"height":551,"caption":"All Windows Group | Polski Producent Okien, Drzwi, Rolet i Bram"},"image":{"@id":"https:\/\/allwindows.eu\/lt\/#\/schema\/logo\/image\/"},"sameAs":["https:\/\/www.facebook.com\/AllWindowsGroup?locale=pl_PL","https:\/\/www.linkedin.com\/company\/allwindowsgroup\/","https:\/\/www.instagram.com\/allwindowsgroup\/"]}]}},"_links":{"self":[{"href":"https:\/\/allwindows.eu\/lt\/wp-json\/wp\/v2\/pages\/77926","targetHints":{"allow":["GET"]}}],"collection":[{"href":"https:\/\/allwindows.eu\/lt\/wp-json\/wp\/v2\/pages"}],"about":[{"href":"https:\/\/allwindows.eu\/lt\/wp-json\/wp\/v2\/types\/page"}],"author":[{"embeddable":true,"href":"https:\/\/allwindows.eu\/lt\/wp-json\/wp\/v2\/users\/2"}],"replies":[{"embeddable":true,"href":"https:\/\/allwindows.eu\/lt\/wp-json\/wp\/v2\/comments?post=77926"}],"version-history":[{"count":1,"href":"https:\/\/allwindows.eu\/lt\/wp-json\/wp\/v2\/pages\/77926\/revisions"}],"predecessor-version":[{"id":77927,"href":"https:\/\/allwindows.eu\/lt\/wp-json\/wp\/v2\/pages\/77926\/revisions\/77927"}],"wp:attachment":[{"href":"https:\/\/allwindows.eu\/lt\/wp-json\/wp\/v2\/media?parent=77926"}],"curies":[{"name":"wp","href":"https:\/\/api.w.org\/{rel}","templated":true}]}}