{"id":49447,"date":"2025-01-29T08:54:06","date_gmt":"2025-01-29T07:54:06","guid":{"rendered":"https:\/\/allwindows.eu\/politica-sui-cookie\/"},"modified":"2025-01-29T08:54:07","modified_gmt":"2025-01-29T07:54:07","slug":"politica-sui-cookie","status":"publish","type":"page","link":"https:\/\/allwindows.eu\/it\/politica-sui-cookie\/","title":{"rendered":"Politica sui cookie"},"content":{"rendered":"\t\t<div data-elementor-type=\"wp-page\" data-elementor-id=\"49447\" class=\"elementor elementor-49447 elementor-18980\" data-elementor-post-type=\"page\">\n\t\t\t\t\t\t<section class=\"elementor-section elementor-top-section elementor-element elementor-element-2030a4a elementor-section-boxed elementor-section-height-default elementor-section-height-default\" data-id=\"2030a4a\" data-element_type=\"section\" data-e-type=\"section\">\n\t\t\t\t\t\t<div class=\"elementor-container elementor-column-gap-default\">\n\t\t\t\t\t<div class=\"elementor-column elementor-col-100 elementor-top-column elementor-element elementor-element-deac9a7\" data-id=\"deac9a7\" data-element_type=\"column\" data-e-type=\"column\">\n\t\t\t<div class=\"elementor-widget-wrap elementor-element-populated\">\n\t\t\t\t\t\t<div class=\"elementor-element elementor-element-6dcea12 elementor-widget elementor-widget-text-editor\" data-id=\"6dcea12\" data-element_type=\"widget\" data-e-type=\"widget\" data-widget_type=\"text-editor.default\">\n\t\t\t\t<div class=\"elementor-widget-container\">\n\t\t\t\t\t\t\t\t\t<center><h3><strong>POLITICA DEI COOKIE<\/strong><\/h3><\/center>\n<ol>\n \t<li>All Windows Group Limited Liability Company con sede legale a Nysa, Karpacka6, 48-303 Nysa, registrata nel Registro degli Imprenditori del Registro Nazionale Giudiziario con il numero KRS: 0000345467, la cui documentazione \u00e8 conservata presso il Tribunale distrettuale di Opole, 8a Divisione commerciale del Registro nazionale dei tribunali, NIP: 7531608850, REGON: 531212343, in qualit\u00e0 di proprietario e gestore del sito Web gestito sotto il dominio <a href=\"https:\/\/allwindows.eu\/it\/\">www.allwindows.eu<\/a> (di seguito denominato &#8220;Sito Web&#8221;) e in qualit\u00e0 di amministratore dei dati personali raccolti tramite il Sito, si riportano di seguito le informazioni relative all\u2019applicazione e all\u2019utilizzo dei cookie, c.d. cookie, nel Sito. &#8220;biscotti.&#8221; <\/li>\n \t<li>Il sito web non raccoglie automaticamente alcuna informazione, ad eccezione delle informazioni contenute nei cookie.<\/li>\n \t<li>I cookie sono dati informatici, in particolare file di testo, che vengono memorizzati sul dispositivo finale dell&#8217;Utente del Servizio e sono destinati all&#8217;utilizzo dei siti web del Servizio. I cookie solitamente contengono il nome del sito web da cui provengono, l&#8217;orario della loro memorizzazione sul dispositivo finale e un numero univoco. <\/li>\n \t<li>L&#8217;entit\u00e0 che inserisce i cookie sul dispositivo finale dell&#8217;Utente del Sito Web e ottiene l&#8217;accesso ad essi \u00e8 l&#8217;operatore del Sito Web &#8211; All Windows Group Sp\u00f3\u0142ka z ograniczon\u0105 odpowiedzialno\u015bci\u0105 con sede legale a Nysa, Karpacka6, 48-303 Nysa.<\/li>\n \t<li>I cookie vengono utilizzati per adattare il contenuto del Sito alle preferenze dell&#8217;Utente e per ottimizzare l&#8217;utilizzo del Sito; in particolare, questi file consentono di riconoscere il dispositivo dell&#8217;Utente del Servizio e di visualizzare correttamente il sito web, adattandolo alle sue esigenze individuali, nonch\u00e9 di creare statistiche che aiutano a comprendere come gli Utenti del Servizio utilizzano i siti web, il che consente di migliorarne la struttura e il contenuto.<\/li>\n \t<li>Il Servizio utilizza due tipi fondamentali di cookie: i &#8220;<em>cookie di sessione<\/em>&#8221; e i &#8220;<em>cookie persistenti<\/em>&#8220;. I cookie di &#8220;sessione&#8221; sono file temporanei che vengono memorizzati sul dispositivo finale dell&#8217;Utente fino al momento in cui l&#8217;Utente effettua il logout, abbandona il sito web o spegne il software (browser web). I cookie \u201cpersistenti\u201d vengono memorizzati sul dispositivo finale dell\u2019Utente per il tempo specificato nei parametri del file cookie o fino a quando non vengono eliminati dall\u2019Utente.  <\/li>\n \t<li>Inoltre, all&#8217;interno del Servizio vengono utilizzati i seguenti tipi di cookie:\n<ol>\n \t<li>cookie \u201cessenziali\u201d, che consentono l\u2019utilizzo dei servizi disponibili sul Sito, ad esempio cookie di autenticazione utilizzati per i servizi che richiedono l\u2019autenticazione sul Sito;<\/li>\n \t<li>cookie utilizzati per garantire la sicurezza, ad esempio utilizzati per rilevare abusi di autenticazione all&#8217;interno del Servizio;<\/li>\n \t<li>cookie \u201cprestazionali\u201d, che consentono la raccolta di informazioni su come vengono utilizzate le pagine web del Servizio;<\/li>\n \t<li>cookie &#8220;funzionali&#8221;, che consentono di &#8220;ricordare&#8221; le impostazioni selezionate dall&#8217;Utente e di personalizzare l&#8217;interfaccia Utente, ad esempio in termini di lingua selezionata o regione di provenienza dell&#8217;Utente, dimensione del carattere, aspetto del sito web, ecc.;<\/li>\n \t<li>cookie \u201cpubblicitari\u201d, che consentono di fornire agli Utenti contenuti pubblicitari maggiormente in linea con i loro interessi.<\/li>\n<\/ol>\n<\/li>\n \t<li>La base giuridica per la raccolta di dati personali letti dai file \u201ccookie\u201d \u00e8 l\u2019art. 6 paragrafo 1 lett. (f) GDPR, che consente il trattamento dei dati personali per il raggiungimento dello scopo legittimo del titolare del trattamento. Lo scopo \u00e8 quello di adattare il sito web alle impostazioni individuali dell&#8217;utente e di ricordare i dati inseriti dall&#8217;utente in relazione all&#8217;utilizzo del sito web, nonch\u00e9 di condurre analisi statistiche degli utenti e dei visitatori del sito web per le esigenze del sito web. amministratore.<\/li>\n \t<li>In molti casi, il software utilizzato per navigare sui siti web (browser Internet) consente di default che i cookie vengano salvati sul dispositivo finale dell&#8217;Utente. Gli utenti del Sito possono modificare le impostazioni dei cookie in qualsiasi momento. Tali impostazioni possono essere modificate in particolare in modo da bloccare la gestione automatica dei cookie nelle impostazioni del browser web o da essere informati ogni volta che essi vengono inseriti nel dispositivo dell&#8217;Utente del Servizio. Informazioni dettagliate sulle possibilit\u00e0 e le modalit\u00e0 di gestione dei cookie sono disponibili nelle impostazioni del software (browser web).   <\/li>\n \t<li>Gli utenti del Servizio possono inoltre accedere ai file memorizzati sul proprio dispositivo analizzando il contenuto dei cookie tramite le impostazioni del browser web. Tramite le impostazioni del browser, gli Utenti del Servizio possono anche eliminare in qualsiasi momento i file memorizzati sui propri dispositivi.<br data-mce-bogus=\"1\"> <\/li>\n \t<li>Il Gestore del Servizio informa che le restrizioni all&#8217;uso dei cookie potrebbero influire su alcune funzionalit\u00e0 disponibili sui siti web del Servizio.<\/li>\n \t<li>I cookie posizionati sul dispositivo finale dell&#8217;Utente del Sito Web possono essere utilizzati anche da inserzionisti e partner che collaborano con il gestore del Sito Web.<\/li>\n \t<li>Nelle impostazioni dei cookie, la versione finale del Sito Web dell&#8217;Utente pu\u00f2 essere utilizzata anche dall&#8217;installatore e dal partner che collabora con il Gestore del Sito Web.<\/li>\n<\/ol>\t\t\t\t\t\t\t\t<\/div>\n\t\t\t\t<\/div>\n\t\t\t\t\t<\/div>\n\t\t<\/div>\n\t\t\t\t\t<\/div>\n\t\t<\/section>\n\t\t\t\t<\/div>\n\t\t<script>function getWR360PopupSkin(){return 'light_clean';}<\/script>","protected":false},"excerpt":{"rendered":"<p>POLITICA DEI COOKIE All Windows Group Limited Liability Company con sede legale a Nysa, Karpacka6, 48-303 Nysa, registrata nel Registro degli Imprenditori del Registro Nazionale Giudiziario con il numero KRS: 0000345467, la cui documentazione \u00e8 conservata presso il Tribunale distrettuale di Opole, 8a Divisione commerciale del Registro nazionale dei tribunali, NIP: 7531608850, REGON: 531212343, in [&hellip;]<\/p>\n","protected":false},"author":2,"featured_media":0,"parent":0,"menu_order":0,"comment_status":"closed","ping_status":"closed","template":"","meta":{"_acf_changed":false,"site-sidebar-layout":"no-sidebar","site-content-layout":"page-builder","ast-site-content-layout":"","site-content-style":"default","site-sidebar-style":"default","ast-global-header-display":"","ast-banner-title-visibility":"","ast-main-header-display":"","ast-hfb-above-header-display":"","ast-hfb-below-header-display":"","ast-hfb-mobile-header-display":"","site-post-title":"disabled","ast-breadcrumbs-content":"","ast-featured-img":"disabled","footer-sml-layout":"","theme-transparent-header-meta":"default","adv-header-id-meta":"","stick-header-meta":"default","header-above-stick-meta":"","header-main-stick-meta":"","header-below-stick-meta":"","astra-migrate-meta-layouts":"default","ast-page-background-enabled":"default","ast-page-background-meta":{"desktop":{"background-color":"","background-image":"","background-repeat":"repeat","background-position":"center center","background-size":"auto","background-attachment":"scroll","background-type":"","background-media":"","overlay-type":"","overlay-color":"","overlay-opacity":"","overlay-gradient":""},"tablet":{"background-color":"","background-image":"","background-repeat":"repeat","background-position":"center center","background-size":"auto","background-attachment":"scroll","background-type":"","background-media":"","overlay-type":"","overlay-color":"","overlay-opacity":"","overlay-gradient":""},"mobile":{"background-color":"","background-image":"","background-repeat":"repeat","background-position":"center center","background-size":"auto","background-attachment":"scroll","background-type":"","background-media":"","overlay-type":"","overlay-color":"","overlay-opacity":"","overlay-gradient":""}},"ast-content-background-meta":{"desktop":{"background-color":"var(--ast-global-color-5)","background-image":"","background-repeat":"repeat","background-position":"center center","background-size":"auto","background-attachment":"scroll","background-type":"","background-media":"","overlay-type":"","overlay-color":"","overlay-opacity":"","overlay-gradient":""},"tablet":{"background-color":"var(--ast-global-color-5)","background-image":"","background-repeat":"repeat","background-position":"center center","background-size":"auto","background-attachment":"scroll","background-type":"","background-media":"","overlay-type":"","overlay-color":"","overlay-opacity":"","overlay-gradient":""},"mobile":{"background-color":"var(--ast-global-color-5)","background-image":"","background-repeat":"repeat","background-position":"center center","background-size":"auto","background-attachment":"scroll","background-type":"","background-media":"","overlay-type":"","overlay-color":"","overlay-opacity":"","overlay-gradient":""}},"footnotes":""},"class_list":["post-49447","page","type-page","status-publish","hentry"],"acf":[],"yoast_head":"<!-- This site is optimized with the Yoast SEO plugin v27.1.1 - https:\/\/yoast.com\/product\/yoast-seo-wordpress\/ -->\n<title>Politica sui cookie - All Windows Group | Polski Producent Okien, Drzwi, Rolet i Bram<\/title>\n<meta name=\"robots\" content=\"index, follow, max-snippet:-1, max-image-preview:large, max-video-preview:-1\" \/>\n<link rel=\"canonical\" href=\"https:\/\/allwindows.eu\/it\/politica-sui-cookie\/\" \/>\n<meta property=\"og:locale\" content=\"it_IT\" \/>\n<meta property=\"og:type\" content=\"article\" \/>\n<meta property=\"og:title\" content=\"Politica sui cookie - All Windows Group | Polski Producent Okien, Drzwi, Rolet i Bram\" \/>\n<meta property=\"og:description\" content=\"POLITICA DEI COOKIE All Windows Group Limited Liability Company con sede legale a Nysa, Karpacka6, 48-303 Nysa, registrata nel Registro degli Imprenditori del Registro Nazionale Giudiziario con il numero KRS: 0000345467, la cui documentazione \u00e8 conservata presso il Tribunale distrettuale di Opole, 8a Divisione commerciale del Registro nazionale dei tribunali, NIP: 7531608850, REGON: 531212343, in [&hellip;]\" \/>\n<meta property=\"og:url\" content=\"https:\/\/allwindows.eu\/it\/politica-sui-cookie\/\" \/>\n<meta property=\"og:site_name\" content=\"All Windows Group | Polski Producent Okien, Drzwi, Rolet i Bram\" \/>\n<meta property=\"article:publisher\" content=\"https:\/\/www.facebook.com\/AllWindowsGroup?locale=pl_PL\" \/>\n<meta property=\"article:modified_time\" content=\"2025-01-29T07:54:07+00:00\" \/>\n<meta name=\"twitter:card\" content=\"summary_large_image\" \/>\n<meta name=\"twitter:label1\" content=\"Tempo di lettura stimato\" \/>\n\t<meta name=\"twitter:data1\" content=\"4 minuti\" \/>\n<script type=\"application\/ld+json\" class=\"yoast-schema-graph\">{\"@context\":\"https:\/\/schema.org\",\"@graph\":[{\"@type\":\"WebPage\",\"@id\":\"https:\/\/allwindows.eu\/it\/politica-sui-cookie\/\",\"url\":\"https:\/\/allwindows.eu\/it\/politica-sui-cookie\/\",\"name\":\"Politica sui cookie - All Windows Group | Polski Producent Okien, Drzwi, Rolet i Bram\",\"isPartOf\":{\"@id\":\"https:\/\/allwindows.eu\/it\/#website\"},\"datePublished\":\"2025-01-29T07:54:06+00:00\",\"dateModified\":\"2025-01-29T07:54:07+00:00\",\"breadcrumb\":{\"@id\":\"https:\/\/allwindows.eu\/it\/politica-sui-cookie\/#breadcrumb\"},\"inLanguage\":\"it-IT\",\"potentialAction\":[{\"@type\":\"ReadAction\",\"target\":[\"https:\/\/allwindows.eu\/it\/politica-sui-cookie\/\"]}]},{\"@type\":\"BreadcrumbList\",\"@id\":\"https:\/\/allwindows.eu\/it\/politica-sui-cookie\/#breadcrumb\",\"itemListElement\":[{\"@type\":\"ListItem\",\"position\":1,\"name\":\"Casa\",\"item\":\"https:\/\/allwindows.eu\/it\/\"},{\"@type\":\"ListItem\",\"position\":2,\"name\":\"Politica sui cookie\"}]},{\"@type\":\"WebSite\",\"@id\":\"https:\/\/allwindows.eu\/it\/#website\",\"url\":\"https:\/\/allwindows.eu\/it\/\",\"name\":\"All Windows Group | Polski Producent Okien, Drzwi, Rolet i Bram\",\"description\":\"Polski Producent Okien, Drzwi, Rolet i Bram\",\"publisher\":{\"@id\":\"https:\/\/allwindows.eu\/it\/#organization\"},\"potentialAction\":[{\"@type\":\"SearchAction\",\"target\":{\"@type\":\"EntryPoint\",\"urlTemplate\":\"https:\/\/allwindows.eu\/it\/?s={search_term_string}\"},\"query-input\":{\"@type\":\"PropertyValueSpecification\",\"valueRequired\":true,\"valueName\":\"search_term_string\"}}],\"inLanguage\":\"it-IT\"},{\"@type\":\"Organization\",\"@id\":\"https:\/\/allwindows.eu\/it\/#organization\",\"name\":\"All Windows Group | Polski Producent Okien, Drzwi, Rolet i Bram\",\"url\":\"https:\/\/allwindows.eu\/it\/\",\"logo\":{\"@type\":\"ImageObject\",\"inLanguage\":\"it-IT\",\"@id\":\"https:\/\/allwindows.eu\/it\/#\/schema\/logo\/image\/\",\"url\":\"https:\/\/allwindows.eu\/wp-content\/uploads\/2022\/05\/cropped-Logo_All-Windows_poziom.png\",\"contentUrl\":\"https:\/\/allwindows.eu\/wp-content\/uploads\/2022\/05\/cropped-Logo_All-Windows_poziom.png\",\"width\":2115,\"height\":551,\"caption\":\"All Windows Group | Polski Producent Okien, Drzwi, Rolet i Bram\"},\"image\":{\"@id\":\"https:\/\/allwindows.eu\/it\/#\/schema\/logo\/image\/\"},\"sameAs\":[\"https:\/\/www.facebook.com\/AllWindowsGroup?locale=pl_PL\",\"https:\/\/www.linkedin.com\/company\/allwindowsgroup\/\",\"https:\/\/www.instagram.com\/allwindowsgroup\/\"]}]}<\/script>\n<!-- \/ Yoast SEO plugin. -->","yoast_head_json":{"title":"Politica sui cookie - All Windows Group | Polski Producent Okien, Drzwi, Rolet i Bram","robots":{"index":"index","follow":"follow","max-snippet":"max-snippet:-1","max-image-preview":"max-image-preview:large","max-video-preview":"max-video-preview:-1"},"canonical":"https:\/\/allwindows.eu\/it\/politica-sui-cookie\/","og_locale":"it_IT","og_type":"article","og_title":"Politica sui cookie - All Windows Group | Polski Producent Okien, Drzwi, Rolet i Bram","og_description":"POLITICA DEI COOKIE All Windows Group Limited Liability Company con sede legale a Nysa, Karpacka6, 48-303 Nysa, registrata nel Registro degli Imprenditori del Registro Nazionale Giudiziario con il numero KRS: 0000345467, la cui documentazione \u00e8 conservata presso il Tribunale distrettuale di Opole, 8a Divisione commerciale del Registro nazionale dei tribunali, NIP: 7531608850, REGON: 531212343, in [&hellip;]","og_url":"https:\/\/allwindows.eu\/it\/politica-sui-cookie\/","og_site_name":"All Windows Group | Polski Producent Okien, Drzwi, Rolet i Bram","article_publisher":"https:\/\/www.facebook.com\/AllWindowsGroup?locale=pl_PL","article_modified_time":"2025-01-29T07:54:07+00:00","twitter_card":"summary_large_image","twitter_misc":{"Tempo di lettura stimato":"4 minuti"},"schema":{"@context":"https:\/\/schema.org","@graph":[{"@type":"WebPage","@id":"https:\/\/allwindows.eu\/it\/politica-sui-cookie\/","url":"https:\/\/allwindows.eu\/it\/politica-sui-cookie\/","name":"Politica sui cookie - All Windows Group | Polski Producent Okien, Drzwi, Rolet i Bram","isPartOf":{"@id":"https:\/\/allwindows.eu\/it\/#website"},"datePublished":"2025-01-29T07:54:06+00:00","dateModified":"2025-01-29T07:54:07+00:00","breadcrumb":{"@id":"https:\/\/allwindows.eu\/it\/politica-sui-cookie\/#breadcrumb"},"inLanguage":"it-IT","potentialAction":[{"@type":"ReadAction","target":["https:\/\/allwindows.eu\/it\/politica-sui-cookie\/"]}]},{"@type":"BreadcrumbList","@id":"https:\/\/allwindows.eu\/it\/politica-sui-cookie\/#breadcrumb","itemListElement":[{"@type":"ListItem","position":1,"name":"Casa","item":"https:\/\/allwindows.eu\/it\/"},{"@type":"ListItem","position":2,"name":"Politica sui cookie"}]},{"@type":"WebSite","@id":"https:\/\/allwindows.eu\/it\/#website","url":"https:\/\/allwindows.eu\/it\/","name":"All Windows Group | Polski Producent Okien, Drzwi, Rolet i Bram","description":"Polski Producent Okien, Drzwi, Rolet i Bram","publisher":{"@id":"https:\/\/allwindows.eu\/it\/#organization"},"potentialAction":[{"@type":"SearchAction","target":{"@type":"EntryPoint","urlTemplate":"https:\/\/allwindows.eu\/it\/?s={search_term_string}"},"query-input":{"@type":"PropertyValueSpecification","valueRequired":true,"valueName":"search_term_string"}}],"inLanguage":"it-IT"},{"@type":"Organization","@id":"https:\/\/allwindows.eu\/it\/#organization","name":"All Windows Group | Polski Producent Okien, Drzwi, Rolet i Bram","url":"https:\/\/allwindows.eu\/it\/","logo":{"@type":"ImageObject","inLanguage":"it-IT","@id":"https:\/\/allwindows.eu\/it\/#\/schema\/logo\/image\/","url":"https:\/\/allwindows.eu\/wp-content\/uploads\/2022\/05\/cropped-Logo_All-Windows_poziom.png","contentUrl":"https:\/\/allwindows.eu\/wp-content\/uploads\/2022\/05\/cropped-Logo_All-Windows_poziom.png","width":2115,"height":551,"caption":"All Windows Group | Polski Producent Okien, Drzwi, Rolet i Bram"},"image":{"@id":"https:\/\/allwindows.eu\/it\/#\/schema\/logo\/image\/"},"sameAs":["https:\/\/www.facebook.com\/AllWindowsGroup?locale=pl_PL","https:\/\/www.linkedin.com\/company\/allwindowsgroup\/","https:\/\/www.instagram.com\/allwindowsgroup\/"]}]}},"_links":{"self":[{"href":"https:\/\/allwindows.eu\/it\/wp-json\/wp\/v2\/pages\/49447","targetHints":{"allow":["GET"]}}],"collection":[{"href":"https:\/\/allwindows.eu\/it\/wp-json\/wp\/v2\/pages"}],"about":[{"href":"https:\/\/allwindows.eu\/it\/wp-json\/wp\/v2\/types\/page"}],"author":[{"embeddable":true,"href":"https:\/\/allwindows.eu\/it\/wp-json\/wp\/v2\/users\/2"}],"replies":[{"embeddable":true,"href":"https:\/\/allwindows.eu\/it\/wp-json\/wp\/v2\/comments?post=49447"}],"version-history":[{"count":1,"href":"https:\/\/allwindows.eu\/it\/wp-json\/wp\/v2\/pages\/49447\/revisions"}],"predecessor-version":[{"id":49448,"href":"https:\/\/allwindows.eu\/it\/wp-json\/wp\/v2\/pages\/49447\/revisions\/49448"}],"wp:attachment":[{"href":"https:\/\/allwindows.eu\/it\/wp-json\/wp\/v2\/media?parent=49447"}],"curies":[{"name":"wp","href":"https:\/\/api.w.org\/{rel}","templated":true}]}}