{"id":73712,"date":"2025-07-11T13:11:01","date_gmt":"2025-07-11T11:11:01","guid":{"rendered":"https:\/\/allwindows.eu\/produits\/modern-line-van-veyna-in-het-aanbod-van-all-windows-group\/"},"modified":"2025-07-14T10:26:20","modified_gmt":"2025-07-14T08:26:20","slug":"modern-line-de-veyna-dans-l-offre-de-all-windows-group","status":"publish","type":"page","link":"https:\/\/allwindows.eu\/fr\/modern-line-de-veyna-dans-l-offre-de-all-windows-group","title":{"rendered":"Modern Line de Veyna dans l\u2019offre de All Windows Group"},"content":{"rendered":"\t\t<div data-elementor-type=\"wp-page\" data-elementor-id=\"73712\" class=\"elementor elementor-73712 elementor-73371\" data-elementor-post-type=\"page\">\n\t\t\t\t\t\t<section class=\"elementor-section elementor-top-section elementor-element elementor-element-a441205 elementor-section-height-min-height elementor-section-items-bottom elementor-section-content-bottom newPageHeroImage elementor-section-boxed elementor-section-height-default\" data-id=\"a441205\" data-element_type=\"section\" data-e-type=\"section\" data-settings=\"{&quot;background_background&quot;:&quot;classic&quot;}\">\n\t\t\t\t\t\t\t<div class=\"elementor-background-overlay\"><\/div>\n\t\t\t\t\t\t\t<div class=\"elementor-container elementor-column-gap-no\">\n\t\t\t\t\t<div class=\"elementor-column elementor-col-100 elementor-top-column elementor-element elementor-element-ab20699 columnInHeroImage\" data-id=\"ab20699\" data-element_type=\"column\" data-e-type=\"column\" data-settings=\"{&quot;background_background&quot;:&quot;classic&quot;}\">\n\t\t\t<div class=\"elementor-widget-wrap elementor-element-populated\">\n\t\t\t\t\t\t<div class=\"elementor-element elementor-element-9ba9192 elementor-widget elementor-widget-heading\" data-id=\"9ba9192\" data-element_type=\"widget\" data-e-type=\"widget\" data-widget_type=\"heading.default\">\n\t\t\t\t<div class=\"elementor-widget-container\">\n\t\t\t\t\t<h2 class=\"elementor-heading-title elementor-size-default\">NOUVEAUT\u00c9 : Modern Line de Veyna dans l\u2019offre de All Windows Group<\/h2>\t\t\t\t<\/div>\n\t\t\t\t<\/div>\n\t\t\t\t\t<\/div>\n\t\t<\/div>\n\t\t\t\t\t<\/div>\n\t\t<\/section>\n\t\t\t\t<section class=\"elementor-section elementor-top-section elementor-element elementor-element-81d4acd elementor-section-boxed elementor-section-height-default elementor-section-height-default\" data-id=\"81d4acd\" data-element_type=\"section\" data-e-type=\"section\" data-settings=\"{&quot;background_background&quot;:&quot;classic&quot;}\">\n\t\t\t\t\t\t<div class=\"elementor-container elementor-column-gap-default\">\n\t\t\t\t\t<div class=\"elementor-column elementor-col-100 elementor-top-column elementor-element elementor-element-df2d13a\" data-id=\"df2d13a\" data-element_type=\"column\" data-e-type=\"column\">\n\t\t\t<div class=\"elementor-widget-wrap elementor-element-populated\">\n\t\t\t\t\t\t<div class=\"elementor-element elementor-element-7ec7635 elementor-widget elementor-widget-heading\" data-id=\"7ec7635\" data-element_type=\"widget\" data-e-type=\"widget\" data-widget_type=\"heading.default\">\n\t\t\t\t<div class=\"elementor-widget-container\">\n\t\t\t\t\t<h2 class=\"elementor-heading-title elementor-size-default\">Accent bois sur les panneaux de porte modernes de Veyna<\/h2>\t\t\t\t<\/div>\n\t\t\t\t<\/div>\n\t\t\t\t<section class=\"elementor-section elementor-inner-section elementor-element elementor-element-7183c0a elementor-section-full_width elementor-section-height-default elementor-section-height-default\" data-id=\"7183c0a\" data-element_type=\"section\" data-e-type=\"section\">\n\t\t\t\t\t\t<div class=\"elementor-container elementor-column-gap-default\">\n\t\t\t\t\t<div class=\"elementor-column elementor-col-50 elementor-inner-column elementor-element elementor-element-00d067e\" data-id=\"00d067e\" data-element_type=\"column\" data-e-type=\"column\">\n\t\t\t<div class=\"elementor-widget-wrap elementor-element-populated\">\n\t\t\t\t\t\t<div class=\"elementor-element elementor-element-b5f9a29 elementor-widget elementor-widget-image\" data-id=\"b5f9a29\" data-element_type=\"widget\" data-e-type=\"widget\" data-widget_type=\"image.default\">\n\t\t\t\t<div class=\"elementor-widget-container\">\n\t\t\t\t\t\t\t\t\t\t\t\t\t\t\t<img fetchpriority=\"high\" decoding=\"async\" width=\"704\" height=\"1024\" src=\"https:\/\/allwindows.eu\/wp-content\/uploads\/2025\/07\/fr-WWW-VEINA-lending-704x1024.jpg\" class=\"attachment-large size-large wp-image-73721\" alt=\"\" srcset=\"https:\/\/allwindows.eu\/wp-content\/uploads\/2025\/07\/fr-WWW-VEINA-lending-704x1024.jpg 704w, https:\/\/allwindows.eu\/wp-content\/uploads\/2025\/07\/fr-WWW-VEINA-lending-206x300.jpg 206w, https:\/\/allwindows.eu\/wp-content\/uploads\/2025\/07\/fr-WWW-VEINA-lending-768x1117.jpg 768w, https:\/\/allwindows.eu\/wp-content\/uploads\/2025\/07\/fr-WWW-VEINA-lending-1056x1536.jpg 1056w, https:\/\/allwindows.eu\/wp-content\/uploads\/2025\/07\/fr-WWW-VEINA-lending-1408x2048.jpg 1408w, https:\/\/allwindows.eu\/wp-content\/uploads\/2025\/07\/fr-WWW-VEINA-lending-scaled.jpg 1760w\" sizes=\"(max-width: 704px) 100vw, 704px\" \/>\t\t\t\t\t\t\t\t\t\t\t\t\t\t\t<\/div>\n\t\t\t\t<\/div>\n\t\t\t\t<div class=\"elementor-element elementor-element-d52c140 elementor-widget elementor-widget-text-editor\" data-id=\"d52c140\" data-element_type=\"widget\" data-e-type=\"widget\" data-widget_type=\"text-editor.default\">\n\t\t\t\t<div class=\"elementor-widget-container\">\n\t\t\t\t\t\t\t\t\t<p>En raison du mat\u00e9riau naturel utilis\u00e9 sur le panneau, les portes avec ce type de remplissage n\u00e9cessitent un auvent afin de prot\u00e9ger la surface des conditions m\u00e9t\u00e9orologiques difficiles, en particulier de l\u2019eau.<\/p><p>Il est recommand\u00e9 d\u2019impr\u00e9gner la surface avec des produits adapt\u00e9s \u00e0 ce type de mat\u00e9riau.<\/p>\t\t\t\t\t\t\t\t<\/div>\n\t\t\t\t<\/div>\n\t\t\t\t\t<\/div>\n\t\t<\/div>\n\t\t\t\t<div class=\"elementor-column elementor-col-50 elementor-inner-column elementor-element elementor-element-5bb20f3\" data-id=\"5bb20f3\" data-element_type=\"column\" data-e-type=\"column\">\n\t\t\t<div class=\"elementor-widget-wrap elementor-element-populated\">\n\t\t\t\t\t\t<div class=\"elementor-element elementor-element-abc90e1 elementor-widget elementor-widget-text-editor\" data-id=\"abc90e1\" data-element_type=\"widget\" data-e-type=\"widget\" data-widget_type=\"text-editor.default\">\n\t\t\t\t<div class=\"elementor-widget-container\">\n\t\t\t\t\t\t\t\t\t<p>La s\u00e9rie de panneaux de porte <strong>Modern Line<\/strong> de la marque Veyna s\u2019adresse aux clients de All Windows Group \u00e0 la recherche d\u2019\u00e9l\u00e9gance, de durabilit\u00e9 et de design moderne.<br \/>Les mod\u00e8les de cette gamme sont enrichis de d\u00e9cors soigneusement s\u00e9lectionn\u00e9s en bois naturel, qui donnent aux portes un caract\u00e8re unique \u2013 parfaitement adapt\u00e9s aussi bien aux projets modernes qu\u2019aux projets classiques.<\/p><p>Les remplissages rapport\u00e9s sont disponibles en \u00e9paisseurs compatibles avec les syst\u00e8mes de profil\u00e9s les plus courants, ce qui facilite grandement l\u2019int\u00e9gration aux structures existantes.<\/p><p>Les \u00e9l\u00e9ments en bois sont propos\u00e9s en six variantes de couleur, offrant une grande libert\u00e9 pour concevoir et adapter la porte aux pr\u00e9f\u00e9rences individuelles.<\/p><p>En plus des panneaux Modern Line, notre offre comprend \u00e9galement d\u2019autres gammes de panneaux qui compl\u00e8tent parfaitement le portefeuille de All Windows Group. Vous trouverez des mod\u00e8les avec cadre en bois naturel, id\u00e9aux pour les amateurs de style classique, ainsi que des panneaux Eco l\u00e9gers \u00e0 chambres, optimis\u00e9s en termes de co\u00fbt et d\u2019efficacit\u00e9 \u00e9nerg\u00e9tique.<\/p><p>Divers accessoires sont \u00e9galement disponibles pour adapter parfaitement la porte \u00e0 chaque int\u00e9rieur et fa\u00e7ade.<\/p><p>En ce moment seulement, une remise de 5 % est appliqu\u00e9e sur les syst\u00e8mes en aluminium MB-79N et MB-86 \u2013 tous les profil\u00e9s de ces gammes sont concern\u00e9s. C\u2019est le bon moment pour renouveler votre stock ou tester de nouvelles solutions \u00e0 des conditions plus avantageuses.<\/p>\t\t\t\t\t\t\t\t<\/div>\n\t\t\t\t<\/div>\n\t\t\t\t<div class=\"elementor-element elementor-element-293f31e elementor-mobile-align-justify elementor-widget elementor-widget-button\" data-id=\"293f31e\" data-element_type=\"widget\" data-e-type=\"widget\" data-widget_type=\"button.default\">\n\t\t\t\t<div class=\"elementor-widget-container\">\n\t\t\t\t\t\t\t\t\t<div class=\"elementor-button-wrapper\">\n\t\t\t\t\t<a class=\"elementor-button elementor-button-link elementor-size-sm\" href=\"\/fr\/produits\/drzwi\/portes-aluminium\/portes-a-panneaux-en-aluminium\/\">\n\t\t\t\t\t\t<span class=\"elementor-button-content-wrapper\">\n\t\t\t\t\t\t<span class=\"elementor-button-icon\">\n\t\t\t\t<svg xmlns=\"http:\/\/www.w3.org\/2000\/svg\" width=\"16\" height=\"16\" viewBox=\"0 0 16 16\" fill=\"none\"><path d=\"M14.9533 6.94724L11.4221 3.41638L10.375 4.46349L13.1655 7.25404H0V8.7349H13.1652L10.3748 11.5253L11.4219 12.5724L16 7.99435L14.9533 6.94724Z\" fill=\"white\"><\/path><\/svg>\t\t\t<\/span>\n\t\t\t\t\t\t\t\t\t<span class=\"elementor-button-text\">D\u00e9couvrez les autres options de configuration des portes \u00e0 panneau<\/span>\n\t\t\t\t\t<\/span>\n\t\t\t\t\t<\/a>\n\t\t\t\t<\/div>\n\t\t\t\t\t\t\t\t<\/div>\n\t\t\t\t<\/div>\n\t\t\t\t\t<\/div>\n\t\t<\/div>\n\t\t\t\t\t<\/div>\n\t\t<\/section>\n\t\t\t\t<div class=\"elementor-element elementor-element-b013fd0 elementor-widget elementor-widget-image-carousel\" data-id=\"b013fd0\" data-element_type=\"widget\" data-e-type=\"widget\" data-settings=\"{&quot;slides_to_show&quot;:&quot;3&quot;,&quot;slides_to_scroll&quot;:&quot;1&quot;,&quot;navigation&quot;:&quot;none&quot;,&quot;speed&quot;:500}\" data-widget_type=\"image-carousel.default\">\n\t\t\t\t<div class=\"elementor-widget-container\">\n\t\t\t\t\t\t\t<div class=\"elementor-image-carousel-wrapper swiper\" role=\"region\" aria-roledescription=\"carousel\" aria-label=\"Karuzela obrazk\u00f3w\" dir=\"ltr\">\n\t\t\t<div class=\"elementor-image-carousel swiper-wrapper\" aria-live=\"polite\">\n\t\t\t\t\t\t\t\t<div class=\"swiper-slide\" role=\"group\" aria-roledescription=\"slide\" aria-label=\"1 sur 3\"><figure class=\"swiper-slide-inner\"><img decoding=\"async\" class=\"swiper-slide-image\" src=\"https:\/\/allwindows.eu\/wp-content\/uploads\/2025\/07\/ML-09-768x768.jpg\" alt=\"ML 09\" \/><figcaption class=\"elementor-image-carousel-caption\">ML 09<\/figcaption><\/figure><\/div><div class=\"swiper-slide\" role=\"group\" aria-roledescription=\"slide\" aria-label=\"2 sur 3\"><figure class=\"swiper-slide-inner\"><img decoding=\"async\" class=\"swiper-slide-image\" src=\"https:\/\/allwindows.eu\/wp-content\/uploads\/2025\/07\/ML-12-768x768.jpg\" alt=\"ML 12\" \/><figcaption class=\"elementor-image-carousel-caption\">ML 12<\/figcaption><\/figure><\/div><div class=\"swiper-slide\" role=\"group\" aria-roledescription=\"slide\" aria-label=\"3 sur 3\"><figure class=\"swiper-slide-inner\"><img decoding=\"async\" class=\"swiper-slide-image\" src=\"https:\/\/allwindows.eu\/wp-content\/uploads\/2025\/07\/ML-14-768x768.jpg\" alt=\"ML 14\" \/><figcaption class=\"elementor-image-carousel-caption\">ML 14<\/figcaption><\/figure><\/div>\t\t\t<\/div>\n\t\t\t\t\t\t\t\n\t\t\t\t\t\t\t\t\t<\/div>\n\t\t\t\t\t\t<\/div>\n\t\t\t\t<\/div>\n\t\t\t\t\t<\/div>\n\t\t<\/div>\n\t\t\t\t\t<\/div>\n\t\t<\/section>\n\t\t\t\t<\/div>\n\t\t<script>function getWR360PopupSkin(){return 'light_clean';}<\/script>","protected":false},"excerpt":{"rendered":"<p>NOUVEAUT\u00c9 : Modern Line de Veyna dans l\u2019offre de All Windows Group Accent bois sur les panneaux de porte modernes de Veyna En raison du mat\u00e9riau naturel utilis\u00e9 sur le panneau, les portes avec ce type de remplissage n\u00e9cessitent un auvent afin de prot\u00e9ger la surface des conditions m\u00e9t\u00e9orologiques difficiles, en particulier de l\u2019eau. Il [&hellip;]<\/p>\n","protected":false},"author":2,"featured_media":73391,"parent":13134,"menu_order":0,"comment_status":"closed","ping_status":"closed","template":"","meta":{"_acf_changed":false,"site-sidebar-layout":"no-sidebar","site-content-layout":"page-builder","ast-site-content-layout":"full-width-container","site-content-style":"unboxed","site-sidebar-style":"unboxed","ast-global-header-display":"","ast-banner-title-visibility":"","ast-main-header-display":"","ast-hfb-above-header-display":"","ast-hfb-below-header-display":"","ast-hfb-mobile-header-display":"","site-post-title":"disabled","ast-breadcrumbs-content":"disabled","ast-featured-img":"disabled","footer-sml-layout":"","theme-transparent-header-meta":"default","adv-header-id-meta":"","stick-header-meta":"default","header-above-stick-meta":"","header-main-stick-meta":"","header-below-stick-meta":"","astra-migrate-meta-layouts":"set","ast-page-background-enabled":"default","ast-page-background-meta":{"desktop":{"background-color":"","background-image":"","background-repeat":"repeat","background-position":"center center","background-size":"auto","background-attachment":"scroll","background-type":"","background-media":"","overlay-type":"","overlay-color":"","overlay-opacity":"","overlay-gradient":""},"tablet":{"background-color":"","background-image":"","background-repeat":"repeat","background-position":"center center","background-size":"auto","background-attachment":"scroll","background-type":"","background-media":"","overlay-type":"","overlay-color":"","overlay-opacity":"","overlay-gradient":""},"mobile":{"background-color":"","background-image":"","background-repeat":"repeat","background-position":"center center","background-size":"auto","background-attachment":"scroll","background-type":"","background-media":"","overlay-type":"","overlay-color":"","overlay-opacity":"","overlay-gradient":""}},"ast-content-background-meta":{"desktop":{"background-color":"var(--ast-global-color-5)","background-image":"","background-repeat":"repeat","background-position":"center center","background-size":"auto","background-attachment":"scroll","background-type":"","background-media":"","overlay-type":"","overlay-color":"","overlay-opacity":"","overlay-gradient":""},"tablet":{"background-color":"var(--ast-global-color-5)","background-image":"","background-repeat":"repeat","background-position":"center center","background-size":"auto","background-attachment":"scroll","background-type":"","background-media":"","overlay-type":"","overlay-color":"","overlay-opacity":"","overlay-gradient":""},"mobile":{"background-color":"var(--ast-global-color-5)","background-image":"","background-repeat":"repeat","background-position":"center center","background-size":"auto","background-attachment":"scroll","background-type":"","background-media":"","overlay-type":"","overlay-color":"","overlay-opacity":"","overlay-gradient":""}},"footnotes":""},"class_list":["post-73712","page","type-page","status-publish","has-post-thumbnail","hentry"],"acf":[],"yoast_head":"<!-- This site is optimized with the Yoast SEO plugin v27.1.1 - https:\/\/yoast.com\/product\/yoast-seo-wordpress\/ -->\n<title>Accent bois sur les panneaux de porte modernes de Veyna<\/title>\n<meta name=\"robots\" content=\"index, follow, max-snippet:-1, max-image-preview:large, max-video-preview:-1\" \/>\n<link rel=\"canonical\" href=\"https:\/\/allwindows.eu\/fr\/modern-line-de-veyna-dans-l-offre-de-all-windows-group\/\" \/>\n<meta property=\"og:locale\" content=\"fr_FR\" \/>\n<meta property=\"og:type\" content=\"article\" \/>\n<meta property=\"og:title\" content=\"Accent bois sur les panneaux de porte modernes de Veyna\" \/>\n<meta property=\"og:description\" content=\"NOUVEAUT\u00c9 : Modern Line de Veyna dans l\u2019offre de All Windows Group Accent bois sur les panneaux de porte modernes de Veyna En raison du mat\u00e9riau naturel utilis\u00e9 sur le panneau, les portes avec ce type de remplissage n\u00e9cessitent un auvent afin de prot\u00e9ger la surface des conditions m\u00e9t\u00e9orologiques difficiles, en particulier de l\u2019eau. Il [&hellip;]\" \/>\n<meta property=\"og:url\" content=\"https:\/\/allwindows.eu\/fr\/modern-line-de-veyna-dans-l-offre-de-all-windows-group\" \/>\n<meta property=\"og:site_name\" content=\"All Windows Group | Polski Producent Okien, Drzwi, Rolet i Bram\" \/>\n<meta property=\"article:publisher\" content=\"https:\/\/www.facebook.com\/AllWindowsGroup?locale=pl_PL\" \/>\n<meta property=\"article:modified_time\" content=\"2025-07-14T08:26:20+00:00\" \/>\n<meta property=\"og:image\" content=\"https:\/\/allwindows.eu\/wp-content\/uploads\/2025\/07\/PL_Skromna_Veyna_ML_3panele_BEZ_KOLORn-scaled.jpg\" \/>\n\t<meta property=\"og:image:width\" content=\"2309\" \/>\n\t<meta property=\"og:image:height\" content=\"2560\" \/>\n\t<meta property=\"og:image:type\" content=\"image\/jpeg\" \/>\n<meta name=\"twitter:card\" content=\"summary_large_image\" \/>\n<meta name=\"twitter:label1\" content=\"Dur\u00e9e de lecture estim\u00e9e\" \/>\n\t<meta name=\"twitter:data1\" content=\"3 minutes\" \/>\n<script type=\"application\/ld+json\" class=\"yoast-schema-graph\">{\"@context\":\"https:\/\/schema.org\",\"@graph\":[{\"@type\":\"WebPage\",\"@id\":\"https:\/\/allwindows.eu\/fr\/modern-line-de-veyna-dans-l-offre-de-all-windows-group\",\"url\":\"https:\/\/allwindows.eu\/fr\/modern-line-de-veyna-dans-l-offre-de-all-windows-group\",\"name\":\"Accent bois sur les panneaux de porte modernes de Veyna\",\"isPartOf\":{\"@id\":\"https:\/\/allwindows.eu\/fr\/#website\"},\"primaryImageOfPage\":{\"@id\":\"https:\/\/allwindows.eu\/fr\/modern-line-de-veyna-dans-l-offre-de-all-windows-group#primaryimage\"},\"image\":{\"@id\":\"https:\/\/allwindows.eu\/fr\/modern-line-de-veyna-dans-l-offre-de-all-windows-group#primaryimage\"},\"thumbnailUrl\":\"https:\/\/allwindows.eu\/wp-content\/uploads\/2025\/07\/PL_Skromna_Veyna_ML_3panele_BEZ_KOLORn-scaled.jpg\",\"datePublished\":\"2025-07-11T11:11:01+00:00\",\"dateModified\":\"2025-07-14T08:26:20+00:00\",\"breadcrumb\":{\"@id\":\"https:\/\/allwindows.eu\/fr\/modern-line-de-veyna-dans-l-offre-de-all-windows-group#breadcrumb\"},\"inLanguage\":\"fr-FR\",\"potentialAction\":[{\"@type\":\"ReadAction\",\"target\":[\"https:\/\/allwindows.eu\/fr\/modern-line-de-veyna-dans-l-offre-de-all-windows-group\"]}]},{\"@type\":\"ImageObject\",\"inLanguage\":\"fr-FR\",\"@id\":\"https:\/\/allwindows.eu\/fr\/modern-line-de-veyna-dans-l-offre-de-all-windows-group#primaryimage\",\"url\":\"https:\/\/allwindows.eu\/wp-content\/uploads\/2025\/07\/PL_Skromna_Veyna_ML_3panele_BEZ_KOLORn-scaled.jpg\",\"contentUrl\":\"https:\/\/allwindows.eu\/wp-content\/uploads\/2025\/07\/PL_Skromna_Veyna_ML_3panele_BEZ_KOLORn-scaled.jpg\",\"width\":2309,\"height\":2560,\"caption\":\"modern line veyna\"},{\"@type\":\"BreadcrumbList\",\"@id\":\"https:\/\/allwindows.eu\/fr\/modern-line-de-veyna-dans-l-offre-de-all-windows-group#breadcrumb\",\"itemListElement\":[{\"@type\":\"ListItem\",\"position\":1,\"name\":\"Maison\",\"item\":\"https:\/\/allwindows.eu\/fr\/\"},{\"@type\":\"ListItem\",\"position\":2,\"name\":\"Produits\",\"item\":\"https:\/\/allwindows.eu\/fr\/produits\/\"},{\"@type\":\"ListItem\",\"position\":3,\"name\":\"Modern Line de Veyna dans l\u2019offre de All Windows Group\"}]},{\"@type\":\"WebSite\",\"@id\":\"https:\/\/allwindows.eu\/fr\/#website\",\"url\":\"https:\/\/allwindows.eu\/fr\/\",\"name\":\"All Windows Group | Polski Producent Okien, Drzwi, Rolet i Bram\",\"description\":\"Polski Producent Okien, Drzwi, Rolet i Bram\",\"publisher\":{\"@id\":\"https:\/\/allwindows.eu\/fr\/#organization\"},\"potentialAction\":[{\"@type\":\"SearchAction\",\"target\":{\"@type\":\"EntryPoint\",\"urlTemplate\":\"https:\/\/allwindows.eu\/fr\/?s={search_term_string}\"},\"query-input\":{\"@type\":\"PropertyValueSpecification\",\"valueRequired\":true,\"valueName\":\"search_term_string\"}}],\"inLanguage\":\"fr-FR\"},{\"@type\":\"Organization\",\"@id\":\"https:\/\/allwindows.eu\/fr\/#organization\",\"name\":\"All Windows Group | Polski Producent Okien, Drzwi, Rolet i Bram\",\"url\":\"https:\/\/allwindows.eu\/fr\/\",\"logo\":{\"@type\":\"ImageObject\",\"inLanguage\":\"fr-FR\",\"@id\":\"https:\/\/allwindows.eu\/fr\/#\/schema\/logo\/image\/\",\"url\":\"https:\/\/allwindows.eu\/wp-content\/uploads\/2022\/05\/cropped-Logo_All-Windows_poziom.png\",\"contentUrl\":\"https:\/\/allwindows.eu\/wp-content\/uploads\/2022\/05\/cropped-Logo_All-Windows_poziom.png\",\"width\":2115,\"height\":551,\"caption\":\"All Windows Group | Polski Producent Okien, Drzwi, Rolet i Bram\"},\"image\":{\"@id\":\"https:\/\/allwindows.eu\/fr\/#\/schema\/logo\/image\/\"},\"sameAs\":[\"https:\/\/www.facebook.com\/AllWindowsGroup?locale=pl_PL\",\"https:\/\/www.linkedin.com\/company\/allwindowsgroup\/\",\"https:\/\/www.instagram.com\/allwindowsgroup\/\"]}]}<\/script>\n<!-- \/ Yoast SEO plugin. -->","yoast_head_json":{"title":"Accent bois sur les panneaux de porte modernes de Veyna","robots":{"index":"index","follow":"follow","max-snippet":"max-snippet:-1","max-image-preview":"max-image-preview:large","max-video-preview":"max-video-preview:-1"},"canonical":"https:\/\/allwindows.eu\/fr\/modern-line-de-veyna-dans-l-offre-de-all-windows-group\/","og_locale":"fr_FR","og_type":"article","og_title":"Accent bois sur les panneaux de porte modernes de Veyna","og_description":"NOUVEAUT\u00c9 : Modern Line de Veyna dans l\u2019offre de All Windows Group Accent bois sur les panneaux de porte modernes de Veyna En raison du mat\u00e9riau naturel utilis\u00e9 sur le panneau, les portes avec ce type de remplissage n\u00e9cessitent un auvent afin de prot\u00e9ger la surface des conditions m\u00e9t\u00e9orologiques difficiles, en particulier de l\u2019eau. Il [&hellip;]","og_url":"https:\/\/allwindows.eu\/fr\/modern-line-de-veyna-dans-l-offre-de-all-windows-group","og_site_name":"All Windows Group | Polski Producent Okien, Drzwi, Rolet i Bram","article_publisher":"https:\/\/www.facebook.com\/AllWindowsGroup?locale=pl_PL","article_modified_time":"2025-07-14T08:26:20+00:00","og_image":[{"width":2309,"height":2560,"url":"https:\/\/allwindows.eu\/wp-content\/uploads\/2025\/07\/PL_Skromna_Veyna_ML_3panele_BEZ_KOLORn-scaled.jpg","type":"image\/jpeg"}],"twitter_card":"summary_large_image","twitter_misc":{"Dur\u00e9e de lecture estim\u00e9e":"3 minutes"},"schema":{"@context":"https:\/\/schema.org","@graph":[{"@type":"WebPage","@id":"https:\/\/allwindows.eu\/fr\/modern-line-de-veyna-dans-l-offre-de-all-windows-group","url":"https:\/\/allwindows.eu\/fr\/modern-line-de-veyna-dans-l-offre-de-all-windows-group","name":"Accent bois sur les panneaux de porte modernes de Veyna","isPartOf":{"@id":"https:\/\/allwindows.eu\/fr\/#website"},"primaryImageOfPage":{"@id":"https:\/\/allwindows.eu\/fr\/modern-line-de-veyna-dans-l-offre-de-all-windows-group#primaryimage"},"image":{"@id":"https:\/\/allwindows.eu\/fr\/modern-line-de-veyna-dans-l-offre-de-all-windows-group#primaryimage"},"thumbnailUrl":"https:\/\/allwindows.eu\/wp-content\/uploads\/2025\/07\/PL_Skromna_Veyna_ML_3panele_BEZ_KOLORn-scaled.jpg","datePublished":"2025-07-11T11:11:01+00:00","dateModified":"2025-07-14T08:26:20+00:00","breadcrumb":{"@id":"https:\/\/allwindows.eu\/fr\/modern-line-de-veyna-dans-l-offre-de-all-windows-group#breadcrumb"},"inLanguage":"fr-FR","potentialAction":[{"@type":"ReadAction","target":["https:\/\/allwindows.eu\/fr\/modern-line-de-veyna-dans-l-offre-de-all-windows-group"]}]},{"@type":"ImageObject","inLanguage":"fr-FR","@id":"https:\/\/allwindows.eu\/fr\/modern-line-de-veyna-dans-l-offre-de-all-windows-group#primaryimage","url":"https:\/\/allwindows.eu\/wp-content\/uploads\/2025\/07\/PL_Skromna_Veyna_ML_3panele_BEZ_KOLORn-scaled.jpg","contentUrl":"https:\/\/allwindows.eu\/wp-content\/uploads\/2025\/07\/PL_Skromna_Veyna_ML_3panele_BEZ_KOLORn-scaled.jpg","width":2309,"height":2560,"caption":"modern line veyna"},{"@type":"BreadcrumbList","@id":"https:\/\/allwindows.eu\/fr\/modern-line-de-veyna-dans-l-offre-de-all-windows-group#breadcrumb","itemListElement":[{"@type":"ListItem","position":1,"name":"Maison","item":"https:\/\/allwindows.eu\/fr\/"},{"@type":"ListItem","position":2,"name":"Produits","item":"https:\/\/allwindows.eu\/fr\/produits\/"},{"@type":"ListItem","position":3,"name":"Modern Line de Veyna dans l\u2019offre de All Windows Group"}]},{"@type":"WebSite","@id":"https:\/\/allwindows.eu\/fr\/#website","url":"https:\/\/allwindows.eu\/fr\/","name":"All Windows Group | Polski Producent Okien, Drzwi, Rolet i Bram","description":"Polski Producent Okien, Drzwi, Rolet i Bram","publisher":{"@id":"https:\/\/allwindows.eu\/fr\/#organization"},"potentialAction":[{"@type":"SearchAction","target":{"@type":"EntryPoint","urlTemplate":"https:\/\/allwindows.eu\/fr\/?s={search_term_string}"},"query-input":{"@type":"PropertyValueSpecification","valueRequired":true,"valueName":"search_term_string"}}],"inLanguage":"fr-FR"},{"@type":"Organization","@id":"https:\/\/allwindows.eu\/fr\/#organization","name":"All Windows Group | Polski Producent Okien, Drzwi, Rolet i Bram","url":"https:\/\/allwindows.eu\/fr\/","logo":{"@type":"ImageObject","inLanguage":"fr-FR","@id":"https:\/\/allwindows.eu\/fr\/#\/schema\/logo\/image\/","url":"https:\/\/allwindows.eu\/wp-content\/uploads\/2022\/05\/cropped-Logo_All-Windows_poziom.png","contentUrl":"https:\/\/allwindows.eu\/wp-content\/uploads\/2022\/05\/cropped-Logo_All-Windows_poziom.png","width":2115,"height":551,"caption":"All Windows Group | Polski Producent Okien, Drzwi, Rolet i Bram"},"image":{"@id":"https:\/\/allwindows.eu\/fr\/#\/schema\/logo\/image\/"},"sameAs":["https:\/\/www.facebook.com\/AllWindowsGroup?locale=pl_PL","https:\/\/www.linkedin.com\/company\/allwindowsgroup\/","https:\/\/www.instagram.com\/allwindowsgroup\/"]}]}},"_links":{"self":[{"href":"https:\/\/allwindows.eu\/fr\/wp-json\/wp\/v2\/pages\/73712","targetHints":{"allow":["GET"]}}],"collection":[{"href":"https:\/\/allwindows.eu\/fr\/wp-json\/wp\/v2\/pages"}],"about":[{"href":"https:\/\/allwindows.eu\/fr\/wp-json\/wp\/v2\/types\/page"}],"author":[{"embeddable":true,"href":"https:\/\/allwindows.eu\/fr\/wp-json\/wp\/v2\/users\/2"}],"replies":[{"embeddable":true,"href":"https:\/\/allwindows.eu\/fr\/wp-json\/wp\/v2\/comments?post=73712"}],"version-history":[{"count":7,"href":"https:\/\/allwindows.eu\/fr\/wp-json\/wp\/v2\/pages\/73712\/revisions"}],"predecessor-version":[{"id":73805,"href":"https:\/\/allwindows.eu\/fr\/wp-json\/wp\/v2\/pages\/73712\/revisions\/73805"}],"up":[{"embeddable":true,"href":"https:\/\/allwindows.eu\/fr\/wp-json\/wp\/v2\/pages\/13134"}],"wp:featuredmedia":[{"embeddable":true,"href":"https:\/\/allwindows.eu\/fr\/wp-json\/wp\/v2\/media\/73391"}],"wp:attachment":[{"href":"https:\/\/allwindows.eu\/fr\/wp-json\/wp\/v2\/media?parent=73712"}],"curies":[{"name":"wp","href":"https:\/\/api.w.org\/{rel}","templated":true}]}}