{"id":73286,"date":"2025-07-11T09:43:19","date_gmt":"2025-07-11T07:43:19","guid":{"rendered":"https:\/\/allwindows.eu\/produits\/fenetres-de-toit\/"},"modified":"2025-07-14T12:10:56","modified_gmt":"2025-07-14T10:10:56","slug":"fenetres-de-toit","status":"publish","type":"page","link":"https:\/\/allwindows.eu\/fr\/produits\/fenetres-de-toit\/","title":{"rendered":"Fen\u00eatres de toit"},"content":{"rendered":"\t\t<div data-elementor-type=\"wp-page\" data-elementor-id=\"73286\" class=\"elementor elementor-73286 elementor-70503\" data-elementor-post-type=\"page\">\n\t\t\t\t\t\t<section class=\"elementor-section elementor-top-section elementor-element elementor-element-3ec7e24 elementor-section-boxed elementor-section-height-default elementor-section-height-default\" data-id=\"3ec7e24\" data-element_type=\"section\" data-e-type=\"section\" data-settings=\"{&quot;background_background&quot;:&quot;classic&quot;}\">\n\t\t\t\t\t\t<div class=\"elementor-container elementor-column-gap-default\">\n\t\t\t\t\t<div class=\"elementor-column elementor-col-100 elementor-top-column elementor-element elementor-element-ce36ec0\" data-id=\"ce36ec0\" data-element_type=\"column\" data-e-type=\"column\">\n\t\t\t<div class=\"elementor-widget-wrap elementor-element-populated\">\n\t\t\t\t\t\t<div class=\"elementor-element elementor-element-28426db elementor-widget elementor-widget-breadcrumbs\" data-id=\"28426db\" data-element_type=\"widget\" data-e-type=\"widget\" data-widget_type=\"breadcrumbs.default\">\n\t\t\t\t<div class=\"elementor-widget-container\">\n\t\t\t\t\t<p id=\"breadcrumbs\"><span><span><a href=\"https:\/\/allwindows.eu\/fr\/\">Maison<\/a><\/span><\/span><\/p>\t\t\t\t<\/div>\n\t\t\t\t<\/div>\n\t\t\t\t<div class=\"elementor-element elementor-element-156e3fe elementor-widget elementor-widget-heading\" data-id=\"156e3fe\" data-element_type=\"widget\" data-e-type=\"widget\" data-widget_type=\"heading.default\">\n\t\t\t\t<div class=\"elementor-widget-container\">\n\t\t\t\t\t<h1 class=\"elementor-heading-title elementor-size-default\">Fen\u00eatres de toit<\/h1>\t\t\t\t<\/div>\n\t\t\t\t<\/div>\n\t\t\t\t\t<\/div>\n\t\t<\/div>\n\t\t\t\t\t<\/div>\n\t\t<\/section>\n\t\t\t\t<section class=\"elementor-section elementor-top-section elementor-element elementor-element-86de4e1 elementor-section-boxed elementor-section-height-default elementor-section-height-default\" data-id=\"86de4e1\" data-element_type=\"section\" data-e-type=\"section\" data-settings=\"{&quot;background_background&quot;:&quot;classic&quot;}\">\n\t\t\t\t\t\t<div class=\"elementor-container elementor-column-gap-default\">\n\t\t\t\t\t<div class=\"make-column-clickable-elementor elementor-column elementor-col-50 elementor-top-column elementor-element elementor-element-7cb9e8f\" style=\"cursor: pointer;\" data-column-clickable=\"https:\/\/allwindows.eu\/fr\/produits\/fenetres-de-toit\/fenetres-de-toit-en-pvc\/\" data-column-clickable-blank=\"_self\" data-id=\"7cb9e8f\" data-element_type=\"column\" data-e-type=\"column\" data-settings=\"{&quot;background_background&quot;:&quot;classic&quot;}\">\n\t\t\t<div class=\"elementor-widget-wrap elementor-element-populated\">\n\t\t\t\t\t\t<div class=\"elementor-element elementor-element-3e82298 elementor-widget elementor-widget-image\" data-id=\"3e82298\" data-element_type=\"widget\" data-e-type=\"widget\" data-widget_type=\"image.default\">\n\t\t\t\t<div class=\"elementor-widget-container\">\n\t\t\t\t\t\t\t\t\t\t\t\t\t\t\t<img fetchpriority=\"high\" decoding=\"async\" width=\"576\" height=\"577\" src=\"https:\/\/allwindows.eu\/wp-content\/uploads\/2025\/06\/okna-dachowe-pvc.png\" class=\"attachment-large size-large wp-image-71734\" alt=\"\" srcset=\"https:\/\/allwindows.eu\/wp-content\/uploads\/2025\/06\/okna-dachowe-pvc.png 576w, https:\/\/allwindows.eu\/wp-content\/uploads\/2025\/06\/okna-dachowe-pvc-300x300.png 300w, https:\/\/allwindows.eu\/wp-content\/uploads\/2025\/06\/okna-dachowe-pvc-150x150.png 150w\" sizes=\"(max-width: 576px) 100vw, 576px\" \/>\t\t\t\t\t\t\t\t\t\t\t\t\t\t\t<\/div>\n\t\t\t\t<\/div>\n\t\t\t\t<div class=\"elementor-element elementor-element-02032a8 elementor-widget elementor-widget-text-editor\" data-id=\"02032a8\" data-element_type=\"widget\" data-e-type=\"widget\" data-widget_type=\"text-editor.default\">\n\t\t\t\t<div class=\"elementor-widget-container\">\n\t\t\t\t\t\t\t\t\t<p>Fen\u00eatres de toit<\/p>\t\t\t\t\t\t\t\t<\/div>\n\t\t\t\t<\/div>\n\t\t\t\t<div class=\"elementor-element elementor-element-513f12d elementor-widget elementor-widget-text-editor\" data-id=\"513f12d\" data-element_type=\"widget\" data-e-type=\"widget\" data-widget_type=\"text-editor.default\">\n\t\t\t\t<div class=\"elementor-widget-container\">\n\t\t\t\t\t\t\t\t\t<p>PVC<\/p>\t\t\t\t\t\t\t\t<\/div>\n\t\t\t\t<\/div>\n\t\t\t\t\t<\/div>\n\t\t<\/div>\n\t\t\t\t<div class=\"make-column-clickable-elementor elementor-column elementor-col-50 elementor-top-column elementor-element elementor-element-02df82a\" style=\"cursor: pointer;\" data-column-clickable=\"https:\/\/allwindows.eu\/fr\/produits\/fenetres-de-toit\/fenetres-de-toit-en-bois\/\" data-column-clickable-blank=\"_self\" data-id=\"02df82a\" data-element_type=\"column\" data-e-type=\"column\" data-settings=\"{&quot;background_background&quot;:&quot;classic&quot;}\">\n\t\t\t<div class=\"elementor-widget-wrap elementor-element-populated\">\n\t\t\t\t\t\t<div class=\"elementor-element elementor-element-c7d5b72 elementor-widget elementor-widget-image\" data-id=\"c7d5b72\" data-element_type=\"widget\" data-e-type=\"widget\" data-widget_type=\"image.default\">\n\t\t\t\t<div class=\"elementor-widget-container\">\n\t\t\t\t\t\t\t\t\t\t\t\t\t\t\t<img decoding=\"async\" width=\"576\" height=\"576\" src=\"https:\/\/allwindows.eu\/wp-content\/uploads\/2025\/06\/okna-dachowe-drewno.png\" class=\"attachment-large size-large wp-image-71742\" alt=\"\" srcset=\"https:\/\/allwindows.eu\/wp-content\/uploads\/2025\/06\/okna-dachowe-drewno.png 576w, https:\/\/allwindows.eu\/wp-content\/uploads\/2025\/06\/okna-dachowe-drewno-300x300.png 300w, https:\/\/allwindows.eu\/wp-content\/uploads\/2025\/06\/okna-dachowe-drewno-150x150.png 150w\" sizes=\"(max-width: 576px) 100vw, 576px\" \/>\t\t\t\t\t\t\t\t\t\t\t\t\t\t\t<\/div>\n\t\t\t\t<\/div>\n\t\t\t\t<div class=\"elementor-element elementor-element-2f17f3d elementor-widget elementor-widget-text-editor\" data-id=\"2f17f3d\" data-element_type=\"widget\" data-e-type=\"widget\" data-widget_type=\"text-editor.default\">\n\t\t\t\t<div class=\"elementor-widget-container\">\n\t\t\t\t\t\t\t\t\t<p>Fen\u00eatres de toit<\/p>\t\t\t\t\t\t\t\t<\/div>\n\t\t\t\t<\/div>\n\t\t\t\t<div class=\"elementor-element elementor-element-6ae2c10 elementor-widget elementor-widget-text-editor\" data-id=\"6ae2c10\" data-element_type=\"widget\" data-e-type=\"widget\" data-widget_type=\"text-editor.default\">\n\t\t\t\t<div class=\"elementor-widget-container\">\n\t\t\t\t\t\t\t\t\t<p>Bois<\/p>\t\t\t\t\t\t\t\t<\/div>\n\t\t\t\t<\/div>\n\t\t\t\t\t<\/div>\n\t\t<\/div>\n\t\t\t\t\t<\/div>\n\t\t<\/section>\n\t\t\t\t<\/div>\n\t\t<script>function getWR360PopupSkin(){return 'light_clean';}<\/script>","protected":false},"excerpt":{"rendered":"<p>Fen\u00eatres de toit Fen\u00eatres de toit PVC Fen\u00eatres de toit Bois<\/p>\n","protected":false},"author":11,"featured_media":0,"parent":13134,"menu_order":0,"comment_status":"closed","ping_status":"closed","template":"","meta":{"_acf_changed":false,"site-sidebar-layout":"no-sidebar","site-content-layout":"page-builder","ast-site-content-layout":"full-width-container","site-content-style":"default","site-sidebar-style":"default","ast-global-header-display":"","ast-banner-title-visibility":"","ast-main-header-display":"","ast-hfb-above-header-display":"","ast-hfb-below-header-display":"","ast-hfb-mobile-header-display":"","site-post-title":"disabled","ast-breadcrumbs-content":"disabled","ast-featured-img":"disabled","footer-sml-layout":"","theme-transparent-header-meta":"default","adv-header-id-meta":"","stick-header-meta":"","header-above-stick-meta":"","header-main-stick-meta":"","header-below-stick-meta":"","astra-migrate-meta-layouts":"set","ast-page-background-enabled":"default","ast-page-background-meta":{"desktop":{"background-color":"","background-image":"","background-repeat":"repeat","background-position":"center center","background-size":"auto","background-attachment":"scroll","background-type":"","background-media":"","overlay-type":"","overlay-color":"","overlay-opacity":"","overlay-gradient":""},"tablet":{"background-color":"","background-image":"","background-repeat":"repeat","background-position":"center center","background-size":"auto","background-attachment":"scroll","background-type":"","background-media":"","overlay-type":"","overlay-color":"","overlay-opacity":"","overlay-gradient":""},"mobile":{"background-color":"","background-image":"","background-repeat":"repeat","background-position":"center center","background-size":"auto","background-attachment":"scroll","background-type":"","background-media":"","overlay-type":"","overlay-color":"","overlay-opacity":"","overlay-gradient":""}},"ast-content-background-meta":{"desktop":{"background-color":"var(--ast-global-color-5)","background-image":"","background-repeat":"repeat","background-position":"center center","background-size":"auto","background-attachment":"scroll","background-type":"","background-media":"","overlay-type":"","overlay-color":"","overlay-opacity":"","overlay-gradient":""},"tablet":{"background-color":"var(--ast-global-color-5)","background-image":"","background-repeat":"repeat","background-position":"center center","background-size":"auto","background-attachment":"scroll","background-type":"","background-media":"","overlay-type":"","overlay-color":"","overlay-opacity":"","overlay-gradient":""},"mobile":{"background-color":"var(--ast-global-color-5)","background-image":"","background-repeat":"repeat","background-position":"center center","background-size":"auto","background-attachment":"scroll","background-type":"","background-media":"","overlay-type":"","overlay-color":"","overlay-opacity":"","overlay-gradient":""}},"footnotes":""},"class_list":["post-73286","page","type-page","status-publish","hentry"],"acf":[],"yoast_head":"<!-- This site is optimized with the Yoast SEO plugin v27.1.1 - https:\/\/yoast.com\/product\/yoast-seo-wordpress\/ -->\n<title>Fen\u00eatres de toit - All Windows Group | Polski Producent Okien, Drzwi, Rolet i Bram<\/title>\n<meta name=\"robots\" content=\"index, follow, max-snippet:-1, max-image-preview:large, max-video-preview:-1\" \/>\n<link rel=\"canonical\" href=\"https:\/\/allwindows.eu\/fr\/produits\/fenetres-de-toit\/\" \/>\n<meta property=\"og:locale\" content=\"fr_FR\" \/>\n<meta property=\"og:type\" content=\"article\" \/>\n<meta property=\"og:title\" content=\"Fen\u00eatres de toit - All Windows Group | Polski Producent Okien, Drzwi, Rolet i Bram\" \/>\n<meta property=\"og:description\" content=\"Fen\u00eatres de toit Fen\u00eatres de toit PVC Fen\u00eatres de toit Bois\" \/>\n<meta property=\"og:url\" content=\"https:\/\/allwindows.eu\/fr\/produits\/fenetres-de-toit\/\" \/>\n<meta property=\"og:site_name\" content=\"All Windows Group | Polski Producent Okien, Drzwi, Rolet i Bram\" \/>\n<meta property=\"article:publisher\" content=\"https:\/\/www.facebook.com\/AllWindowsGroup?locale=pl_PL\" \/>\n<meta property=\"article:modified_time\" content=\"2025-07-14T10:10:56+00:00\" \/>\n<meta property=\"og:image\" content=\"https:\/\/allwindows.eu\/wp-content\/uploads\/2025\/06\/okna-dachowe-pvc.png\" \/>\n<meta name=\"twitter:card\" content=\"summary_large_image\" \/>\n<meta name=\"twitter:label1\" content=\"Dur\u00e9e de lecture estim\u00e9e\" \/>\n\t<meta name=\"twitter:data1\" content=\"1 minute\" \/>\n<script type=\"application\/ld+json\" class=\"yoast-schema-graph\">{\"@context\":\"https:\/\/schema.org\",\"@graph\":[{\"@type\":\"WebPage\",\"@id\":\"https:\/\/allwindows.eu\/fr\/produits\/fenetres-de-toit\/\",\"url\":\"https:\/\/allwindows.eu\/fr\/produits\/fenetres-de-toit\/\",\"name\":\"Fen\u00eatres de toit - All Windows Group | Polski Producent Okien, Drzwi, Rolet i Bram\",\"isPartOf\":{\"@id\":\"https:\/\/allwindows.eu\/fr\/#website\"},\"primaryImageOfPage\":{\"@id\":\"https:\/\/allwindows.eu\/fr\/produits\/fenetres-de-toit\/#primaryimage\"},\"image\":{\"@id\":\"https:\/\/allwindows.eu\/fr\/produits\/fenetres-de-toit\/#primaryimage\"},\"thumbnailUrl\":\"https:\/\/allwindows.eu\/wp-content\/uploads\/2025\/06\/okna-dachowe-pvc.png\",\"datePublished\":\"2025-07-11T07:43:19+00:00\",\"dateModified\":\"2025-07-14T10:10:56+00:00\",\"breadcrumb\":{\"@id\":\"https:\/\/allwindows.eu\/fr\/produits\/fenetres-de-toit\/#breadcrumb\"},\"inLanguage\":\"fr-FR\",\"potentialAction\":[{\"@type\":\"ReadAction\",\"target\":[\"https:\/\/allwindows.eu\/fr\/produits\/fenetres-de-toit\/\"]}]},{\"@type\":\"ImageObject\",\"inLanguage\":\"fr-FR\",\"@id\":\"https:\/\/allwindows.eu\/fr\/produits\/fenetres-de-toit\/#primaryimage\",\"url\":\"https:\/\/allwindows.eu\/wp-content\/uploads\/2025\/06\/okna-dachowe-pvc.png\",\"contentUrl\":\"https:\/\/allwindows.eu\/wp-content\/uploads\/2025\/06\/okna-dachowe-pvc.png\"},{\"@type\":\"BreadcrumbList\",\"@id\":\"https:\/\/allwindows.eu\/fr\/produits\/fenetres-de-toit\/#breadcrumb\",\"itemListElement\":[{\"@type\":\"ListItem\",\"position\":1,\"name\":\"Maison\",\"item\":\"https:\/\/allwindows.eu\/fr\/\"},{\"@type\":\"ListItem\",\"position\":2,\"name\":\"Produits\",\"item\":\"https:\/\/allwindows.eu\/fr\/produits\/\"},{\"@type\":\"ListItem\",\"position\":3,\"name\":\"Fen\u00eatres de toit\"}]},{\"@type\":\"WebSite\",\"@id\":\"https:\/\/allwindows.eu\/fr\/#website\",\"url\":\"https:\/\/allwindows.eu\/fr\/\",\"name\":\"All Windows Group | Polski Producent Okien, Drzwi, Rolet i Bram\",\"description\":\"Polski Producent Okien, Drzwi, Rolet i Bram\",\"publisher\":{\"@id\":\"https:\/\/allwindows.eu\/fr\/#organization\"},\"potentialAction\":[{\"@type\":\"SearchAction\",\"target\":{\"@type\":\"EntryPoint\",\"urlTemplate\":\"https:\/\/allwindows.eu\/fr\/?s={search_term_string}\"},\"query-input\":{\"@type\":\"PropertyValueSpecification\",\"valueRequired\":true,\"valueName\":\"search_term_string\"}}],\"inLanguage\":\"fr-FR\"},{\"@type\":\"Organization\",\"@id\":\"https:\/\/allwindows.eu\/fr\/#organization\",\"name\":\"All Windows Group | Polski Producent Okien, Drzwi, Rolet i Bram\",\"url\":\"https:\/\/allwindows.eu\/fr\/\",\"logo\":{\"@type\":\"ImageObject\",\"inLanguage\":\"fr-FR\",\"@id\":\"https:\/\/allwindows.eu\/fr\/#\/schema\/logo\/image\/\",\"url\":\"https:\/\/allwindows.eu\/wp-content\/uploads\/2022\/05\/cropped-Logo_All-Windows_poziom.png\",\"contentUrl\":\"https:\/\/allwindows.eu\/wp-content\/uploads\/2022\/05\/cropped-Logo_All-Windows_poziom.png\",\"width\":2115,\"height\":551,\"caption\":\"All Windows Group | Polski Producent Okien, Drzwi, Rolet i Bram\"},\"image\":{\"@id\":\"https:\/\/allwindows.eu\/fr\/#\/schema\/logo\/image\/\"},\"sameAs\":[\"https:\/\/www.facebook.com\/AllWindowsGroup?locale=pl_PL\",\"https:\/\/www.linkedin.com\/company\/allwindowsgroup\/\",\"https:\/\/www.instagram.com\/allwindowsgroup\/\"]}]}<\/script>\n<!-- \/ Yoast SEO plugin. -->","yoast_head_json":{"title":"Fen\u00eatres de toit - All Windows Group | Polski Producent Okien, Drzwi, Rolet i Bram","robots":{"index":"index","follow":"follow","max-snippet":"max-snippet:-1","max-image-preview":"max-image-preview:large","max-video-preview":"max-video-preview:-1"},"canonical":"https:\/\/allwindows.eu\/fr\/produits\/fenetres-de-toit\/","og_locale":"fr_FR","og_type":"article","og_title":"Fen\u00eatres de toit - All Windows Group | Polski Producent Okien, Drzwi, Rolet i Bram","og_description":"Fen\u00eatres de toit Fen\u00eatres de toit PVC Fen\u00eatres de toit Bois","og_url":"https:\/\/allwindows.eu\/fr\/produits\/fenetres-de-toit\/","og_site_name":"All Windows Group | Polski Producent Okien, Drzwi, Rolet i Bram","article_publisher":"https:\/\/www.facebook.com\/AllWindowsGroup?locale=pl_PL","article_modified_time":"2025-07-14T10:10:56+00:00","og_image":[{"url":"https:\/\/allwindows.eu\/wp-content\/uploads\/2025\/06\/okna-dachowe-pvc.png","type":"","width":"","height":""}],"twitter_card":"summary_large_image","twitter_misc":{"Dur\u00e9e de lecture estim\u00e9e":"1 minute"},"schema":{"@context":"https:\/\/schema.org","@graph":[{"@type":"WebPage","@id":"https:\/\/allwindows.eu\/fr\/produits\/fenetres-de-toit\/","url":"https:\/\/allwindows.eu\/fr\/produits\/fenetres-de-toit\/","name":"Fen\u00eatres de toit - All Windows Group | Polski Producent Okien, Drzwi, Rolet i Bram","isPartOf":{"@id":"https:\/\/allwindows.eu\/fr\/#website"},"primaryImageOfPage":{"@id":"https:\/\/allwindows.eu\/fr\/produits\/fenetres-de-toit\/#primaryimage"},"image":{"@id":"https:\/\/allwindows.eu\/fr\/produits\/fenetres-de-toit\/#primaryimage"},"thumbnailUrl":"https:\/\/allwindows.eu\/wp-content\/uploads\/2025\/06\/okna-dachowe-pvc.png","datePublished":"2025-07-11T07:43:19+00:00","dateModified":"2025-07-14T10:10:56+00:00","breadcrumb":{"@id":"https:\/\/allwindows.eu\/fr\/produits\/fenetres-de-toit\/#breadcrumb"},"inLanguage":"fr-FR","potentialAction":[{"@type":"ReadAction","target":["https:\/\/allwindows.eu\/fr\/produits\/fenetres-de-toit\/"]}]},{"@type":"ImageObject","inLanguage":"fr-FR","@id":"https:\/\/allwindows.eu\/fr\/produits\/fenetres-de-toit\/#primaryimage","url":"https:\/\/allwindows.eu\/wp-content\/uploads\/2025\/06\/okna-dachowe-pvc.png","contentUrl":"https:\/\/allwindows.eu\/wp-content\/uploads\/2025\/06\/okna-dachowe-pvc.png"},{"@type":"BreadcrumbList","@id":"https:\/\/allwindows.eu\/fr\/produits\/fenetres-de-toit\/#breadcrumb","itemListElement":[{"@type":"ListItem","position":1,"name":"Maison","item":"https:\/\/allwindows.eu\/fr\/"},{"@type":"ListItem","position":2,"name":"Produits","item":"https:\/\/allwindows.eu\/fr\/produits\/"},{"@type":"ListItem","position":3,"name":"Fen\u00eatres de toit"}]},{"@type":"WebSite","@id":"https:\/\/allwindows.eu\/fr\/#website","url":"https:\/\/allwindows.eu\/fr\/","name":"All Windows Group | Polski Producent Okien, Drzwi, Rolet i Bram","description":"Polski Producent Okien, Drzwi, Rolet i Bram","publisher":{"@id":"https:\/\/allwindows.eu\/fr\/#organization"},"potentialAction":[{"@type":"SearchAction","target":{"@type":"EntryPoint","urlTemplate":"https:\/\/allwindows.eu\/fr\/?s={search_term_string}"},"query-input":{"@type":"PropertyValueSpecification","valueRequired":true,"valueName":"search_term_string"}}],"inLanguage":"fr-FR"},{"@type":"Organization","@id":"https:\/\/allwindows.eu\/fr\/#organization","name":"All Windows Group | Polski Producent Okien, Drzwi, Rolet i Bram","url":"https:\/\/allwindows.eu\/fr\/","logo":{"@type":"ImageObject","inLanguage":"fr-FR","@id":"https:\/\/allwindows.eu\/fr\/#\/schema\/logo\/image\/","url":"https:\/\/allwindows.eu\/wp-content\/uploads\/2022\/05\/cropped-Logo_All-Windows_poziom.png","contentUrl":"https:\/\/allwindows.eu\/wp-content\/uploads\/2022\/05\/cropped-Logo_All-Windows_poziom.png","width":2115,"height":551,"caption":"All Windows Group | Polski Producent Okien, Drzwi, Rolet i Bram"},"image":{"@id":"https:\/\/allwindows.eu\/fr\/#\/schema\/logo\/image\/"},"sameAs":["https:\/\/www.facebook.com\/AllWindowsGroup?locale=pl_PL","https:\/\/www.linkedin.com\/company\/allwindowsgroup\/","https:\/\/www.instagram.com\/allwindowsgroup\/"]}]}},"_links":{"self":[{"href":"https:\/\/allwindows.eu\/fr\/wp-json\/wp\/v2\/pages\/73286","targetHints":{"allow":["GET"]}}],"collection":[{"href":"https:\/\/allwindows.eu\/fr\/wp-json\/wp\/v2\/pages"}],"about":[{"href":"https:\/\/allwindows.eu\/fr\/wp-json\/wp\/v2\/types\/page"}],"author":[{"embeddable":true,"href":"https:\/\/allwindows.eu\/fr\/wp-json\/wp\/v2\/users\/11"}],"replies":[{"embeddable":true,"href":"https:\/\/allwindows.eu\/fr\/wp-json\/wp\/v2\/comments?post=73286"}],"version-history":[{"count":2,"href":"https:\/\/allwindows.eu\/fr\/wp-json\/wp\/v2\/pages\/73286\/revisions"}],"predecessor-version":[{"id":73964,"href":"https:\/\/allwindows.eu\/fr\/wp-json\/wp\/v2\/pages\/73286\/revisions\/73964"}],"up":[{"embeddable":true,"href":"https:\/\/allwindows.eu\/fr\/wp-json\/wp\/v2\/pages\/13134"}],"wp:attachment":[{"href":"https:\/\/allwindows.eu\/fr\/wp-json\/wp\/v2\/media?parent=73286"}],"curies":[{"name":"wp","href":"https:\/\/api.w.org\/{rel}","templated":true}]}}