{"id":13181,"date":"2021-08-19T12:40:54","date_gmt":"2021-08-19T10:40:54","guid":{"rendered":"https:\/\/alsec.co\/produits\/fenetres\/"},"modified":"2026-03-04T11:01:52","modified_gmt":"2026-03-04T10:01:52","slug":"fenetres","status":"publish","type":"page","link":"https:\/\/allwindows.eu\/fr\/produits\/fenetres\/","title":{"rendered":"Fen\u00eatres"},"content":{"rendered":"\t\t<div data-elementor-type=\"wp-page\" data-elementor-id=\"13181\" class=\"elementor elementor-13181 elementor-547\" data-elementor-post-type=\"page\">\n\t\t\t\t\t\t<section class=\"elementor-section elementor-top-section elementor-element elementor-element-c5ffd7a elementor-section-boxed elementor-section-height-default elementor-section-height-default\" data-id=\"c5ffd7a\" data-element_type=\"section\" data-e-type=\"section\" data-settings=\"{&quot;background_background&quot;:&quot;classic&quot;}\">\n\t\t\t\t\t\t<div class=\"elementor-container elementor-column-gap-default\">\n\t\t\t\t\t<div class=\"elementor-column elementor-col-100 elementor-top-column elementor-element elementor-element-febbda8\" data-id=\"febbda8\" data-element_type=\"column\" data-e-type=\"column\">\n\t\t\t<div class=\"elementor-widget-wrap elementor-element-populated\">\n\t\t\t\t\t\t<div class=\"elementor-element elementor-element-6c30019 elementor-widget elementor-widget-breadcrumbs\" data-id=\"6c30019\" data-element_type=\"widget\" data-e-type=\"widget\" data-widget_type=\"breadcrumbs.default\">\n\t\t\t\t<div class=\"elementor-widget-container\">\n\t\t\t\t\t<p id=\"breadcrumbs\"><span><span><a href=\"https:\/\/allwindows.eu\/fr\/\">Maison<\/a><\/span><\/span><\/p>\t\t\t\t<\/div>\n\t\t\t\t<\/div>\n\t\t\t\t<div class=\"elementor-element elementor-element-8262382 elementor-widget elementor-widget-heading\" data-id=\"8262382\" data-element_type=\"widget\" data-e-type=\"widget\" data-widget_type=\"heading.default\">\n\t\t\t\t<div class=\"elementor-widget-container\">\n\t\t\t\t\t<h1 class=\"elementor-heading-title elementor-size-default\">Fen\u00eatres<\/h1>\t\t\t\t<\/div>\n\t\t\t\t<\/div>\n\t\t\t\t\t<\/div>\n\t\t<\/div>\n\t\t\t\t\t<\/div>\n\t\t<\/section>\n\t\t\t\t<section class=\"elementor-section elementor-top-section elementor-element elementor-element-c6450b6 elementor-section-boxed elementor-section-height-default elementor-section-height-default\" data-id=\"c6450b6\" data-element_type=\"section\" data-e-type=\"section\" data-settings=\"{&quot;background_background&quot;:&quot;classic&quot;}\">\n\t\t\t\t\t\t<div class=\"elementor-container elementor-column-gap-default\">\n\t\t\t\t\t<div class=\"make-column-clickable-elementor elementor-column elementor-col-25 elementor-top-column elementor-element elementor-element-752e9f5\" style=\"cursor: pointer;\" data-column-clickable=\"https:\/\/allwindows.eu\/fr\/produits\/fenetres\/pvc\/\" data-column-clickable-blank=\"_self\" data-id=\"752e9f5\" data-element_type=\"column\" data-e-type=\"column\" data-settings=\"{&quot;background_background&quot;:&quot;classic&quot;}\">\n\t\t\t<div class=\"elementor-widget-wrap elementor-element-populated\">\n\t\t\t\t\t\t<div class=\"elementor-element elementor-element-d75c738 elementor-widget elementor-widget-image\" data-id=\"d75c738\" data-element_type=\"widget\" data-e-type=\"widget\" data-widget_type=\"image.default\">\n\t\t\t\t<div class=\"elementor-widget-container\">\n\t\t\t\t\t\t\t\t\t\t\t\t\t\t\t<img fetchpriority=\"high\" decoding=\"async\" width=\"600\" height=\"600\" src=\"https:\/\/allwindows.eu\/wp-content\/uploads\/2021\/04\/Knipping_88_MD-1-e1617961775629.png\" class=\"attachment-large size-large wp-image-8977\" alt=\"Knipping_88_MD\" \/>\t\t\t\t\t\t\t\t\t\t\t\t\t\t\t<\/div>\n\t\t\t\t<\/div>\n\t\t\t\t<div class=\"elementor-element elementor-element-b290495 elementor-widget elementor-widget-text-editor\" data-id=\"b290495\" data-element_type=\"widget\" data-e-type=\"widget\" data-widget_type=\"text-editor.default\">\n\t\t\t\t<div class=\"elementor-widget-container\">\n\t\t\t\t\t\t\t\t\t<p>Fen\u00eatres<\/p>\t\t\t\t\t\t\t\t<\/div>\n\t\t\t\t<\/div>\n\t\t\t\t<div class=\"elementor-element elementor-element-bfd8cff elementor-widget elementor-widget-text-editor\" data-id=\"bfd8cff\" data-element_type=\"widget\" data-e-type=\"widget\" data-widget_type=\"text-editor.default\">\n\t\t\t\t<div class=\"elementor-widget-container\">\n\t\t\t\t\t\t\t\t\t<p>PVC<\/p>\t\t\t\t\t\t\t\t<\/div>\n\t\t\t\t<\/div>\n\t\t\t\t\t<\/div>\n\t\t<\/div>\n\t\t\t\t<div class=\"make-column-clickable-elementor elementor-column elementor-col-25 elementor-top-column elementor-element elementor-element-6208a53\" style=\"cursor: pointer;\" data-column-clickable=\"https:\/\/allwindows.eu\/fr\/produits\/fenetres\/aluminium\/\" data-column-clickable-blank=\"_self\" data-id=\"6208a53\" data-element_type=\"column\" data-e-type=\"column\" data-settings=\"{&quot;background_background&quot;:&quot;classic&quot;}\">\n\t\t\t<div class=\"elementor-widget-wrap elementor-element-populated\">\n\t\t\t\t\t\t<div class=\"elementor-element elementor-element-8238d1b elementor-widget elementor-widget-image\" data-id=\"8238d1b\" data-element_type=\"widget\" data-e-type=\"widget\" data-widget_type=\"image.default\">\n\t\t\t\t<div class=\"elementor-widget-container\">\n\t\t\t\t\t\t\t\t\t\t\t\t\t\t\t<img decoding=\"async\" width=\"315\" height=\"315\" src=\"https:\/\/allwindows.eu\/wp-content\/uploads\/2021\/04\/mb-86b-14-pl.png\" class=\"attachment-large size-large wp-image-8973\" alt=\"mb-86b-14-pl\" srcset=\"https:\/\/allwindows.eu\/wp-content\/uploads\/2021\/04\/mb-86b-14-pl.png 315w, https:\/\/allwindows.eu\/wp-content\/uploads\/2021\/04\/mb-86b-14-pl-300x300.png 300w, https:\/\/allwindows.eu\/wp-content\/uploads\/2021\/04\/mb-86b-14-pl-150x150.png 150w\" sizes=\"(max-width: 315px) 100vw, 315px\" \/>\t\t\t\t\t\t\t\t\t\t\t\t\t\t\t<\/div>\n\t\t\t\t<\/div>\n\t\t\t\t<div class=\"elementor-element elementor-element-8a8b831 elementor-widget elementor-widget-text-editor\" data-id=\"8a8b831\" data-element_type=\"widget\" data-e-type=\"widget\" data-widget_type=\"text-editor.default\">\n\t\t\t\t<div class=\"elementor-widget-container\">\n\t\t\t\t\t\t\t\t\t<p>Fen\u00eatres<\/p>\t\t\t\t\t\t\t\t<\/div>\n\t\t\t\t<\/div>\n\t\t\t\t<div class=\"elementor-element elementor-element-fb9e35c elementor-widget elementor-widget-text-editor\" data-id=\"fb9e35c\" data-element_type=\"widget\" data-e-type=\"widget\" data-widget_type=\"text-editor.default\">\n\t\t\t\t<div class=\"elementor-widget-container\">\n\t\t\t\t\t\t\t\t\t<p>Aluminium<\/p>\t\t\t\t\t\t\t\t<\/div>\n\t\t\t\t<\/div>\n\t\t\t\t\t<\/div>\n\t\t<\/div>\n\t\t\t\t<div class=\"make-column-clickable-elementor elementor-column elementor-col-25 elementor-top-column elementor-element elementor-element-4013800\" style=\"cursor: pointer;\" data-column-clickable=\"https:\/\/allwindows.eu\/fr\/produits\/fenetres\/bois\/\" data-column-clickable-blank=\"_self\" data-id=\"4013800\" data-element_type=\"column\" data-e-type=\"column\" data-settings=\"{&quot;background_background&quot;:&quot;classic&quot;}\">\n\t\t\t<div class=\"elementor-widget-wrap elementor-element-populated\">\n\t\t\t\t\t\t<div class=\"elementor-element elementor-element-1eaf051 elementor-widget elementor-widget-image\" data-id=\"1eaf051\" data-element_type=\"widget\" data-e-type=\"widget\" data-widget_type=\"image.default\">\n\t\t\t\t<div class=\"elementor-widget-container\">\n\t\t\t\t\t\t\t\t\t\t\t\t\t\t\t<img decoding=\"async\" width=\"1024\" height=\"1024\" src=\"https:\/\/allwindows.eu\/wp-content\/uploads\/2021\/04\/przekroj_classic_88-1024x1024.png\" class=\"attachment-large size-large wp-image-8981\" alt=\"przekroj_classic_88\" srcset=\"https:\/\/allwindows.eu\/wp-content\/uploads\/2021\/04\/przekroj_classic_88-1024x1024.png 1024w, https:\/\/allwindows.eu\/wp-content\/uploads\/2021\/04\/przekroj_classic_88-300x300.png 300w, https:\/\/allwindows.eu\/wp-content\/uploads\/2021\/04\/przekroj_classic_88-150x150.png 150w, https:\/\/allwindows.eu\/wp-content\/uploads\/2021\/04\/przekroj_classic_88-768x768.png 768w, https:\/\/allwindows.eu\/wp-content\/uploads\/2021\/04\/przekroj_classic_88-e1617961768499.png 500w\" sizes=\"(max-width: 1024px) 100vw, 1024px\" \/>\t\t\t\t\t\t\t\t\t\t\t\t\t\t\t<\/div>\n\t\t\t\t<\/div>\n\t\t\t\t<div class=\"elementor-element elementor-element-1a67557 elementor-widget elementor-widget-text-editor\" data-id=\"1a67557\" data-element_type=\"widget\" data-e-type=\"widget\" data-widget_type=\"text-editor.default\">\n\t\t\t\t<div class=\"elementor-widget-container\">\n\t\t\t\t\t\t\t\t\t<p>Fen\u00eatres<\/p>\t\t\t\t\t\t\t\t<\/div>\n\t\t\t\t<\/div>\n\t\t\t\t<div class=\"elementor-element elementor-element-ce182ca elementor-widget elementor-widget-text-editor\" data-id=\"ce182ca\" data-element_type=\"widget\" data-e-type=\"widget\" data-widget_type=\"text-editor.default\">\n\t\t\t\t<div class=\"elementor-widget-container\">\n\t\t\t\t\t\t\t\t\t<p>Bois<\/p>\t\t\t\t\t\t\t\t<\/div>\n\t\t\t\t<\/div>\n\t\t\t\t\t<\/div>\n\t\t<\/div>\n\t\t\t\t<div class=\"make-column-clickable-elementor elementor-column elementor-col-25 elementor-top-column elementor-element elementor-element-e645581\" style=\"cursor: pointer;\" data-column-clickable=\"https:\/\/allwindows.eu\/fr\/produits\/fenetres\/fenetres-hybrides\/\" data-column-clickable-blank=\"_self\" data-id=\"e645581\" data-element_type=\"column\" data-e-type=\"column\" data-settings=\"{&quot;background_background&quot;:&quot;classic&quot;}\">\n\t\t\t<div class=\"elementor-widget-wrap elementor-element-populated\">\n\t\t\t\t\t\t<div class=\"elementor-element elementor-element-96c83a7 elementor-widget elementor-widget-image\" data-id=\"96c83a7\" data-element_type=\"widget\" data-e-type=\"widget\" data-widget_type=\"image.default\">\n\t\t\t\t<div class=\"elementor-widget-container\">\n\t\t\t\t\t\t\t\t\t\t\t\t\t\t\t<img loading=\"lazy\" decoding=\"async\" width=\"800\" height=\"800\" src=\"https:\/\/allwindows.eu\/wp-content\/uploads\/2025\/10\/ASH-80-Hybrid-hero.png\" class=\"attachment-large size-large wp-image-79198\" alt=\"\" srcset=\"https:\/\/allwindows.eu\/wp-content\/uploads\/2025\/10\/ASH-80-Hybrid-hero.png 800w, https:\/\/allwindows.eu\/wp-content\/uploads\/2025\/10\/ASH-80-Hybrid-hero-300x300.png 300w, https:\/\/allwindows.eu\/wp-content\/uploads\/2025\/10\/ASH-80-Hybrid-hero-150x150.png 150w, https:\/\/allwindows.eu\/wp-content\/uploads\/2025\/10\/ASH-80-Hybrid-hero-768x768.png 768w\" sizes=\"(max-width: 800px) 100vw, 800px\" \/>\t\t\t\t\t\t\t\t\t\t\t\t\t\t\t<\/div>\n\t\t\t\t<\/div>\n\t\t\t\t<div class=\"elementor-element elementor-element-eea98e8 elementor-widget elementor-widget-text-editor\" data-id=\"eea98e8\" data-element_type=\"widget\" data-e-type=\"widget\" data-widget_type=\"text-editor.default\">\n\t\t\t\t<div class=\"elementor-widget-container\">\n\t\t\t\t\t\t\t\t\t<p>Fen\u00eatres<\/p>\t\t\t\t\t\t\t\t<\/div>\n\t\t\t\t<\/div>\n\t\t\t\t<div class=\"elementor-element elementor-element-8918f76 elementor-widget elementor-widget-text-editor\" data-id=\"8918f76\" data-element_type=\"widget\" data-e-type=\"widget\" data-widget_type=\"text-editor.default\">\n\t\t\t\t<div class=\"elementor-widget-container\">\n\t\t\t\t\t\t\t\t\t<p>Hybride<\/p>\t\t\t\t\t\t\t\t<\/div>\n\t\t\t\t<\/div>\n\t\t\t\t\t<\/div>\n\t\t<\/div>\n\t\t\t\t\t<\/div>\n\t\t<\/section>\n\t\t\t\t<\/div>\n\t\t<script>function getWR360PopupSkin(){return 'light_clean';}<\/script>","protected":false},"excerpt":{"rendered":"<p>Fen\u00eatres Fen\u00eatres PVC Fen\u00eatres Aluminium Fen\u00eatres Bois Fen\u00eatres Hybride<\/p>\n","protected":false},"author":4,"featured_media":9141,"parent":13134,"menu_order":0,"comment_status":"closed","ping_status":"closed","template":"","meta":{"_acf_changed":false,"site-sidebar-layout":"no-sidebar","site-content-layout":"page-builder","ast-site-content-layout":"full-width-container","site-content-style":"unboxed","site-sidebar-style":"unboxed","ast-global-header-display":"","ast-banner-title-visibility":"","ast-main-header-display":"","ast-hfb-above-header-display":"","ast-hfb-below-header-display":"","ast-hfb-mobile-header-display":"","site-post-title":"disabled","ast-breadcrumbs-content":"disabled","ast-featured-img":"disabled","footer-sml-layout":"","theme-transparent-header-meta":"default","adv-header-id-meta":"","stick-header-meta":"default","header-above-stick-meta":"","header-main-stick-meta":"","header-below-stick-meta":"","astra-migrate-meta-layouts":"set","ast-page-background-enabled":"default","ast-page-background-meta":{"desktop":{"background-color":"","background-image":"","background-repeat":"repeat","background-position":"center center","background-size":"auto","background-attachment":"scroll","background-type":"","background-media":"","overlay-type":"","overlay-color":"","overlay-opacity":"","overlay-gradient":""},"tablet":{"background-color":"","background-image":"","background-repeat":"repeat","background-position":"center center","background-size":"auto","background-attachment":"scroll","background-type":"","background-media":"","overlay-type":"","overlay-color":"","overlay-opacity":"","overlay-gradient":""},"mobile":{"background-color":"","background-image":"","background-repeat":"repeat","background-position":"center center","background-size":"auto","background-attachment":"scroll","background-type":"","background-media":"","overlay-type":"","overlay-color":"","overlay-opacity":"","overlay-gradient":""}},"ast-content-background-meta":{"desktop":{"background-color":"var(--ast-global-color-5)","background-image":"","background-repeat":"repeat","background-position":"center center","background-size":"auto","background-attachment":"scroll","background-type":"","background-media":"","overlay-type":"","overlay-color":"","overlay-opacity":"","overlay-gradient":""},"tablet":{"background-color":"var(--ast-global-color-5)","background-image":"","background-repeat":"repeat","background-position":"center center","background-size":"auto","background-attachment":"scroll","background-type":"","background-media":"","overlay-type":"","overlay-color":"","overlay-opacity":"","overlay-gradient":""},"mobile":{"background-color":"var(--ast-global-color-5)","background-image":"","background-repeat":"repeat","background-position":"center center","background-size":"auto","background-attachment":"scroll","background-type":"","background-media":"","overlay-type":"","overlay-color":"","overlay-opacity":"","overlay-gradient":""}},"footnotes":""},"class_list":["post-13181","page","type-page","status-publish","has-post-thumbnail","hentry"],"acf":[],"yoast_head":"<!-- This site is optimized with the Yoast SEO plugin v27.1.1 - https:\/\/yoast.com\/product\/yoast-seo-wordpress\/ -->\n<title>Fen\u00eatres - All Windows Group | Polski Producent Okien, Drzwi, Rolet i Bram<\/title>\n<meta name=\"robots\" content=\"index, follow, max-snippet:-1, max-image-preview:large, max-video-preview:-1\" \/>\n<link rel=\"canonical\" href=\"https:\/\/allwindows.eu\/fr\/produits\/fenetres\/\" \/>\n<meta property=\"og:locale\" content=\"fr_FR\" \/>\n<meta property=\"og:type\" content=\"article\" \/>\n<meta property=\"og:title\" content=\"Fen\u00eatres - All Windows Group | Polski Producent Okien, Drzwi, Rolet i Bram\" \/>\n<meta property=\"og:description\" content=\"Fen\u00eatres Fen\u00eatres PVC Fen\u00eatres Aluminium Fen\u00eatres Bois Fen\u00eatres Hybride\" \/>\n<meta property=\"og:url\" content=\"https:\/\/allwindows.eu\/fr\/produits\/fenetres\/\" \/>\n<meta property=\"og:site_name\" content=\"All Windows Group | Polski Producent Okien, Drzwi, Rolet i Bram\" \/>\n<meta property=\"article:publisher\" content=\"https:\/\/www.facebook.com\/AllWindowsGroup?locale=pl_PL\" \/>\n<meta property=\"article:modified_time\" content=\"2026-03-04T10:01:52+00:00\" \/>\n<meta property=\"og:image\" content=\"https:\/\/allwindows.eu\/wp-content\/uploads\/2021\/04\/Kommerling_88_MD-e1617970697377.png\" \/>\n\t<meta property=\"og:image:width\" content=\"500\" \/>\n\t<meta property=\"og:image:height\" content=\"1000\" \/>\n\t<meta property=\"og:image:type\" content=\"image\/png\" \/>\n<meta name=\"twitter:card\" content=\"summary_large_image\" \/>\n<script type=\"application\/ld+json\" class=\"yoast-schema-graph\">{\"@context\":\"https:\/\/schema.org\",\"@graph\":[{\"@type\":\"WebPage\",\"@id\":\"https:\/\/allwindows.eu\/fr\/produits\/fenetres\/\",\"url\":\"https:\/\/allwindows.eu\/fr\/produits\/fenetres\/\",\"name\":\"Fen\u00eatres - All Windows Group | Polski Producent Okien, Drzwi, Rolet i Bram\",\"isPartOf\":{\"@id\":\"https:\/\/allwindows.eu\/fr\/#website\"},\"primaryImageOfPage\":{\"@id\":\"https:\/\/allwindows.eu\/fr\/produits\/fenetres\/#primaryimage\"},\"image\":{\"@id\":\"https:\/\/allwindows.eu\/fr\/produits\/fenetres\/#primaryimage\"},\"thumbnailUrl\":\"https:\/\/allwindows.eu\/wp-content\/uploads\/2021\/04\/Kommerling_88_MD-e1617970697377.png\",\"datePublished\":\"2021-08-19T10:40:54+00:00\",\"dateModified\":\"2026-03-04T10:01:52+00:00\",\"breadcrumb\":{\"@id\":\"https:\/\/allwindows.eu\/fr\/produits\/fenetres\/#breadcrumb\"},\"inLanguage\":\"fr-FR\",\"potentialAction\":[{\"@type\":\"ReadAction\",\"target\":[\"https:\/\/allwindows.eu\/fr\/produits\/fenetres\/\"]}]},{\"@type\":\"ImageObject\",\"inLanguage\":\"fr-FR\",\"@id\":\"https:\/\/allwindows.eu\/fr\/produits\/fenetres\/#primaryimage\",\"url\":\"https:\/\/allwindows.eu\/wp-content\/uploads\/2021\/04\/Kommerling_88_MD-e1617970697377.png\",\"contentUrl\":\"https:\/\/allwindows.eu\/wp-content\/uploads\/2021\/04\/Kommerling_88_MD-e1617970697377.png\",\"width\":500,\"height\":1000,\"caption\":\"Kommerling_88_MD\"},{\"@type\":\"BreadcrumbList\",\"@id\":\"https:\/\/allwindows.eu\/fr\/produits\/fenetres\/#breadcrumb\",\"itemListElement\":[{\"@type\":\"ListItem\",\"position\":1,\"name\":\"Maison\",\"item\":\"https:\/\/allwindows.eu\/fr\/\"},{\"@type\":\"ListItem\",\"position\":2,\"name\":\"Produits\",\"item\":\"https:\/\/allwindows.eu\/fr\/produits\/\"},{\"@type\":\"ListItem\",\"position\":3,\"name\":\"Fen\u00eatres\"}]},{\"@type\":\"WebSite\",\"@id\":\"https:\/\/allwindows.eu\/fr\/#website\",\"url\":\"https:\/\/allwindows.eu\/fr\/\",\"name\":\"All Windows Group | Polski Producent Okien, Drzwi, Rolet i Bram\",\"description\":\"Polski Producent Okien, Drzwi, Rolet i Bram\",\"publisher\":{\"@id\":\"https:\/\/allwindows.eu\/fr\/#organization\"},\"potentialAction\":[{\"@type\":\"SearchAction\",\"target\":{\"@type\":\"EntryPoint\",\"urlTemplate\":\"https:\/\/allwindows.eu\/fr\/?s={search_term_string}\"},\"query-input\":{\"@type\":\"PropertyValueSpecification\",\"valueRequired\":true,\"valueName\":\"search_term_string\"}}],\"inLanguage\":\"fr-FR\"},{\"@type\":\"Organization\",\"@id\":\"https:\/\/allwindows.eu\/fr\/#organization\",\"name\":\"All Windows Group | Polski Producent Okien, Drzwi, Rolet i Bram\",\"url\":\"https:\/\/allwindows.eu\/fr\/\",\"logo\":{\"@type\":\"ImageObject\",\"inLanguage\":\"fr-FR\",\"@id\":\"https:\/\/allwindows.eu\/fr\/#\/schema\/logo\/image\/\",\"url\":\"https:\/\/allwindows.eu\/wp-content\/uploads\/2022\/05\/cropped-Logo_All-Windows_poziom.png\",\"contentUrl\":\"https:\/\/allwindows.eu\/wp-content\/uploads\/2022\/05\/cropped-Logo_All-Windows_poziom.png\",\"width\":2115,\"height\":551,\"caption\":\"All Windows Group | Polski Producent Okien, Drzwi, Rolet i Bram\"},\"image\":{\"@id\":\"https:\/\/allwindows.eu\/fr\/#\/schema\/logo\/image\/\"},\"sameAs\":[\"https:\/\/www.facebook.com\/AllWindowsGroup?locale=pl_PL\",\"https:\/\/www.linkedin.com\/company\/allwindowsgroup\/\",\"https:\/\/www.instagram.com\/allwindowsgroup\/\"]}]}<\/script>\n<!-- \/ Yoast SEO plugin. -->","yoast_head_json":{"title":"Fen\u00eatres - All Windows Group | Polski Producent Okien, Drzwi, Rolet i Bram","robots":{"index":"index","follow":"follow","max-snippet":"max-snippet:-1","max-image-preview":"max-image-preview:large","max-video-preview":"max-video-preview:-1"},"canonical":"https:\/\/allwindows.eu\/fr\/produits\/fenetres\/","og_locale":"fr_FR","og_type":"article","og_title":"Fen\u00eatres - All Windows Group | Polski Producent Okien, Drzwi, Rolet i Bram","og_description":"Fen\u00eatres Fen\u00eatres PVC Fen\u00eatres Aluminium Fen\u00eatres Bois Fen\u00eatres Hybride","og_url":"https:\/\/allwindows.eu\/fr\/produits\/fenetres\/","og_site_name":"All Windows Group | Polski Producent Okien, Drzwi, Rolet i Bram","article_publisher":"https:\/\/www.facebook.com\/AllWindowsGroup?locale=pl_PL","article_modified_time":"2026-03-04T10:01:52+00:00","og_image":[{"width":500,"height":1000,"url":"https:\/\/allwindows.eu\/wp-content\/uploads\/2021\/04\/Kommerling_88_MD-e1617970697377.png","type":"image\/png"}],"twitter_card":"summary_large_image","schema":{"@context":"https:\/\/schema.org","@graph":[{"@type":"WebPage","@id":"https:\/\/allwindows.eu\/fr\/produits\/fenetres\/","url":"https:\/\/allwindows.eu\/fr\/produits\/fenetres\/","name":"Fen\u00eatres - All Windows Group | Polski Producent Okien, Drzwi, Rolet i Bram","isPartOf":{"@id":"https:\/\/allwindows.eu\/fr\/#website"},"primaryImageOfPage":{"@id":"https:\/\/allwindows.eu\/fr\/produits\/fenetres\/#primaryimage"},"image":{"@id":"https:\/\/allwindows.eu\/fr\/produits\/fenetres\/#primaryimage"},"thumbnailUrl":"https:\/\/allwindows.eu\/wp-content\/uploads\/2021\/04\/Kommerling_88_MD-e1617970697377.png","datePublished":"2021-08-19T10:40:54+00:00","dateModified":"2026-03-04T10:01:52+00:00","breadcrumb":{"@id":"https:\/\/allwindows.eu\/fr\/produits\/fenetres\/#breadcrumb"},"inLanguage":"fr-FR","potentialAction":[{"@type":"ReadAction","target":["https:\/\/allwindows.eu\/fr\/produits\/fenetres\/"]}]},{"@type":"ImageObject","inLanguage":"fr-FR","@id":"https:\/\/allwindows.eu\/fr\/produits\/fenetres\/#primaryimage","url":"https:\/\/allwindows.eu\/wp-content\/uploads\/2021\/04\/Kommerling_88_MD-e1617970697377.png","contentUrl":"https:\/\/allwindows.eu\/wp-content\/uploads\/2021\/04\/Kommerling_88_MD-e1617970697377.png","width":500,"height":1000,"caption":"Kommerling_88_MD"},{"@type":"BreadcrumbList","@id":"https:\/\/allwindows.eu\/fr\/produits\/fenetres\/#breadcrumb","itemListElement":[{"@type":"ListItem","position":1,"name":"Maison","item":"https:\/\/allwindows.eu\/fr\/"},{"@type":"ListItem","position":2,"name":"Produits","item":"https:\/\/allwindows.eu\/fr\/produits\/"},{"@type":"ListItem","position":3,"name":"Fen\u00eatres"}]},{"@type":"WebSite","@id":"https:\/\/allwindows.eu\/fr\/#website","url":"https:\/\/allwindows.eu\/fr\/","name":"All Windows Group | Polski Producent Okien, Drzwi, Rolet i Bram","description":"Polski Producent Okien, Drzwi, Rolet i Bram","publisher":{"@id":"https:\/\/allwindows.eu\/fr\/#organization"},"potentialAction":[{"@type":"SearchAction","target":{"@type":"EntryPoint","urlTemplate":"https:\/\/allwindows.eu\/fr\/?s={search_term_string}"},"query-input":{"@type":"PropertyValueSpecification","valueRequired":true,"valueName":"search_term_string"}}],"inLanguage":"fr-FR"},{"@type":"Organization","@id":"https:\/\/allwindows.eu\/fr\/#organization","name":"All Windows Group | Polski Producent Okien, Drzwi, Rolet i Bram","url":"https:\/\/allwindows.eu\/fr\/","logo":{"@type":"ImageObject","inLanguage":"fr-FR","@id":"https:\/\/allwindows.eu\/fr\/#\/schema\/logo\/image\/","url":"https:\/\/allwindows.eu\/wp-content\/uploads\/2022\/05\/cropped-Logo_All-Windows_poziom.png","contentUrl":"https:\/\/allwindows.eu\/wp-content\/uploads\/2022\/05\/cropped-Logo_All-Windows_poziom.png","width":2115,"height":551,"caption":"All Windows Group | Polski Producent Okien, Drzwi, Rolet i Bram"},"image":{"@id":"https:\/\/allwindows.eu\/fr\/#\/schema\/logo\/image\/"},"sameAs":["https:\/\/www.facebook.com\/AllWindowsGroup?locale=pl_PL","https:\/\/www.linkedin.com\/company\/allwindowsgroup\/","https:\/\/www.instagram.com\/allwindowsgroup\/"]}]}},"_links":{"self":[{"href":"https:\/\/allwindows.eu\/fr\/wp-json\/wp\/v2\/pages\/13181","targetHints":{"allow":["GET"]}}],"collection":[{"href":"https:\/\/allwindows.eu\/fr\/wp-json\/wp\/v2\/pages"}],"about":[{"href":"https:\/\/allwindows.eu\/fr\/wp-json\/wp\/v2\/types\/page"}],"author":[{"embeddable":true,"href":"https:\/\/allwindows.eu\/fr\/wp-json\/wp\/v2\/users\/4"}],"replies":[{"embeddable":true,"href":"https:\/\/allwindows.eu\/fr\/wp-json\/wp\/v2\/comments?post=13181"}],"version-history":[{"count":21,"href":"https:\/\/allwindows.eu\/fr\/wp-json\/wp\/v2\/pages\/13181\/revisions"}],"predecessor-version":[{"id":85485,"href":"https:\/\/allwindows.eu\/fr\/wp-json\/wp\/v2\/pages\/13181\/revisions\/85485"}],"up":[{"embeddable":true,"href":"https:\/\/allwindows.eu\/fr\/wp-json\/wp\/v2\/pages\/13134"}],"wp:featuredmedia":[{"embeddable":true,"href":"https:\/\/allwindows.eu\/fr\/wp-json\/wp\/v2\/media\/9141"}],"wp:attachment":[{"href":"https:\/\/allwindows.eu\/fr\/wp-json\/wp\/v2\/media?parent=13181"}],"curies":[{"name":"wp","href":"https:\/\/api.w.org\/{rel}","templated":true}]}}