{"id":49712,"date":"2025-01-30T11:44:19","date_gmt":"2025-01-30T10:44:19","guid":{"rendered":"https:\/\/allwindows.eu\/ueber-uns\/"},"modified":"2025-01-30T12:49:24","modified_gmt":"2025-01-30T11:49:24","slug":"ueber-uns","status":"publish","type":"page","link":"https:\/\/allwindows.eu\/de\/ueber-uns\/","title":{"rendered":"\u00dcber uns"},"content":{"rendered":"\t\t<div data-elementor-type=\"wp-page\" data-elementor-id=\"49712\" class=\"elementor elementor-49712 elementor-42511\" data-elementor-post-type=\"page\">\n\t\t\t\t\t\t<section class=\"elementor-section elementor-top-section elementor-element elementor-element-6ae9c37 elementor-section-full_width elementor-section-height-default elementor-section-height-default\" data-id=\"6ae9c37\" data-element_type=\"section\" data-e-type=\"section\" data-settings=\"{&quot;background_background&quot;:&quot;classic&quot;}\">\n\t\t\t\t\t\t\t<div class=\"elementor-background-overlay\"><\/div>\n\t\t\t\t\t\t\t<div class=\"elementor-container elementor-column-gap-default\">\n\t\t\t\t\t<div class=\"elementor-column elementor-col-100 elementor-top-column elementor-element elementor-element-fcf7c57\" data-id=\"fcf7c57\" data-element_type=\"column\" data-e-type=\"column\">\n\t\t\t<div class=\"elementor-widget-wrap elementor-element-populated\">\n\t\t\t\t\t\t<div class=\"elementor-element elementor-element-40daac9 elementor-widget elementor-widget-heading\" data-id=\"40daac9\" data-element_type=\"widget\" data-e-type=\"widget\" data-widget_type=\"heading.default\">\n\t\t\t\t<div class=\"elementor-widget-container\">\n\t\t\t\t\t<h1 class=\"elementor-heading-title elementor-size-default\">\u00dcber uns<\/h1>\t\t\t\t<\/div>\n\t\t\t\t<\/div>\n\t\t\t\t\t<\/div>\n\t\t<\/div>\n\t\t\t\t\t<\/div>\n\t\t<\/section>\n\t\t\t\t<section class=\"elementor-section elementor-top-section elementor-element elementor-element-865a7fa elementor-section-boxed elementor-section-height-default elementor-section-height-default\" data-id=\"865a7fa\" data-element_type=\"section\" data-e-type=\"section\">\n\t\t\t\t\t\t<div class=\"elementor-container elementor-column-gap-default\">\n\t\t\t\t\t<div class=\"elementor-column elementor-col-100 elementor-top-column elementor-element elementor-element-f146e1f\" data-id=\"f146e1f\" data-element_type=\"column\" data-e-type=\"column\">\n\t\t\t<div class=\"elementor-widget-wrap elementor-element-populated\">\n\t\t\t\t\t\t<div class=\"elementor-element elementor-element-7711759 elementor-widget elementor-widget-breadcrumbs\" data-id=\"7711759\" data-element_type=\"widget\" data-e-type=\"widget\" data-widget_type=\"breadcrumbs.default\">\n\t\t\t\t<div class=\"elementor-widget-container\">\n\t\t\t\t\t<p id=\"breadcrumbs\"><span><span><a href=\"https:\/\/allwindows.eu\/de\/\">Startseite<\/a><\/span><\/span><\/p>\t\t\t\t<\/div>\n\t\t\t\t<\/div>\n\t\t\t\t\t<\/div>\n\t\t<\/div>\n\t\t\t\t\t<\/div>\n\t\t<\/section>\n\t\t\t\t<section class=\"elementor-section elementor-top-section elementor-element elementor-element-a9288f7 elementor-section-boxed elementor-section-height-default elementor-section-height-default\" data-id=\"a9288f7\" data-element_type=\"section\" data-e-type=\"section\">\n\t\t\t\t\t\t<div class=\"elementor-container elementor-column-gap-default\">\n\t\t\t\t\t<div class=\"elementor-column elementor-col-100 elementor-top-column elementor-element elementor-element-0160a18\" data-id=\"0160a18\" data-element_type=\"column\" data-e-type=\"column\">\n\t\t\t<div class=\"elementor-widget-wrap elementor-element-populated\">\n\t\t\t\t\t\t<div class=\"elementor-element elementor-element-62558ea elementor-widget elementor-widget-heading\" data-id=\"62558ea\" data-element_type=\"widget\" data-e-type=\"widget\" data-widget_type=\"heading.default\">\n\t\t\t\t<div class=\"elementor-widget-container\">\n\t\t\t\t\t<h2 class=\"elementor-heading-title elementor-size-default\">Entdecken Sie die All Windows Group<\/h2>\t\t\t\t<\/div>\n\t\t\t\t<\/div>\n\t\t\t\t<div class=\"elementor-element elementor-element-e3a3f55 elementor-widget elementor-widget-text-editor\" data-id=\"e3a3f55\" data-element_type=\"widget\" data-e-type=\"widget\" data-widget_type=\"text-editor.default\">\n\t\t\t\t<div class=\"elementor-widget-container\">\n\t\t\t\t\t\t\t\t\t<p>Seit 1997 schaffen wir mit Leidenschaft und Engagement Fenster- und T\u00fcrsysteme.<\/p>\n\t\t\t\t\t\t\t\t<\/div>\n\t\t\t\t<\/div>\n\t\t\t\t<section class=\"elementor-section elementor-inner-section elementor-element elementor-element-e1dd502 elementor-section-full_width elementor-section-height-default elementor-section-height-default\" data-id=\"e1dd502\" data-element_type=\"section\" data-e-type=\"section\">\n\t\t\t\t\t\t<div class=\"elementor-container elementor-column-gap-no\">\n\t\t\t\t\t<div class=\"make-column-clickable-elementor elementor-column elementor-col-50 elementor-inner-column elementor-element elementor-element-0773716\" style=\"cursor: pointer;\" data-column-clickable=\"\/de\/ueber-uns\/uber-unser-unternehmen\/\" data-column-clickable-blank=\"_self\" data-id=\"0773716\" data-element_type=\"column\" data-e-type=\"column\" data-settings=\"{&quot;background_background&quot;:&quot;classic&quot;}\">\n\t\t\t<div class=\"elementor-widget-wrap elementor-element-populated\">\n\t\t\t\t\t<div class=\"elementor-background-overlay\"><\/div>\n\t\t\t\t\t\t<div class=\"elementor-element elementor-element-caca76c elementor-widget__width-initial elementor-widget elementor-widget-heading\" data-id=\"caca76c\" data-element_type=\"widget\" data-e-type=\"widget\" data-widget_type=\"heading.default\">\n\t\t\t\t<div class=\"elementor-widget-container\">\n\t\t\t\t\t<h3 class=\"elementor-heading-title elementor-size-default\">\u00dcber unser Unternehmen\n<\/h3>\t\t\t\t<\/div>\n\t\t\t\t<\/div>\n\t\t\t\t<div class=\"elementor-element elementor-element-f180805 elementor-widget__width-initial elementor-view-default elementor-widget elementor-widget-icon\" data-id=\"f180805\" data-element_type=\"widget\" data-e-type=\"widget\" data-widget_type=\"icon.default\">\n\t\t\t\t<div class=\"elementor-widget-container\">\n\t\t\t\t\t\t\t<div class=\"elementor-icon-wrapper\">\n\t\t\t<div class=\"elementor-icon\">\n\t\t\t<svg xmlns=\"http:\/\/www.w3.org\/2000\/svg\" width=\"12\" height=\"22\" viewBox=\"0 0 12 22\" fill=\"none\"><path d=\"M12 11.0003L11.0855 9.94987L2.38507 0.0629768L0 2.16394L7.77321 11L0 19.836L2.38507 21.937L11.0855 12.0501L12 11.0003Z\" fill=\"#1D1D1B\"><\/path><\/svg>\t\t\t<\/div>\n\t\t<\/div>\n\t\t\t\t\t\t<\/div>\n\t\t\t\t<\/div>\n\t\t\t\t\t<\/div>\n\t\t<\/div>\n\t\t\t\t<div class=\"make-column-clickable-elementor elementor-column elementor-col-50 elementor-inner-column elementor-element elementor-element-8c91b5a\" style=\"cursor: pointer;\" data-column-clickable=\"\/de\/ueber-uns\/firmengeschichte\/\" data-column-clickable-blank=\"_self\" data-id=\"8c91b5a\" data-element_type=\"column\" data-e-type=\"column\" data-settings=\"{&quot;background_background&quot;:&quot;classic&quot;}\">\n\t\t\t<div class=\"elementor-widget-wrap elementor-element-populated\">\n\t\t\t\t\t\t<div class=\"elementor-element elementor-element-e8e5323 elementor-widget__width-initial elementor-widget elementor-widget-heading\" data-id=\"e8e5323\" data-element_type=\"widget\" data-e-type=\"widget\" data-widget_type=\"heading.default\">\n\t\t\t\t<div class=\"elementor-widget-container\">\n\t\t\t\t\t<h3 class=\"elementor-heading-title elementor-size-default\">Firmengeschichte<\/h3>\t\t\t\t<\/div>\n\t\t\t\t<\/div>\n\t\t\t\t<div class=\"elementor-element elementor-element-5376666 elementor-widget__width-initial elementor-view-default elementor-widget elementor-widget-icon\" data-id=\"5376666\" data-element_type=\"widget\" data-e-type=\"widget\" data-widget_type=\"icon.default\">\n\t\t\t\t<div class=\"elementor-widget-container\">\n\t\t\t\t\t\t\t<div class=\"elementor-icon-wrapper\">\n\t\t\t<div class=\"elementor-icon\">\n\t\t\t<svg xmlns=\"http:\/\/www.w3.org\/2000\/svg\" width=\"12\" height=\"22\" viewBox=\"0 0 12 22\" fill=\"none\"><path d=\"M12 11.0003L11.0855 9.94987L2.38507 0.0629768L0 2.16394L7.77321 11L0 19.836L2.38507 21.937L11.0855 12.0501L12 11.0003Z\" fill=\"#1D1D1B\"><\/path><\/svg>\t\t\t<\/div>\n\t\t<\/div>\n\t\t\t\t\t\t<\/div>\n\t\t\t\t<\/div>\n\t\t\t\t\t<\/div>\n\t\t<\/div>\n\t\t\t\t\t<\/div>\n\t\t<\/section>\n\t\t\t\t<section class=\"elementor-section elementor-inner-section elementor-element elementor-element-ba22701 elementor-section-full_width elementor-section-height-default elementor-section-height-default\" data-id=\"ba22701\" data-element_type=\"section\" data-e-type=\"section\">\n\t\t\t\t\t\t<div class=\"elementor-container elementor-column-gap-default\">\n\t\t\t\t\t<div class=\"make-column-clickable-elementor elementor-column elementor-col-50 elementor-inner-column elementor-element elementor-element-d5cc472\" style=\"cursor: pointer;\" data-column-clickable=\"\/de\/ueber-uns\/mission-vision-und-unsere-werte\/\" data-column-clickable-blank=\"_self\" data-id=\"d5cc472\" data-element_type=\"column\" data-e-type=\"column\" data-settings=\"{&quot;background_background&quot;:&quot;classic&quot;}\">\n\t\t\t<div class=\"elementor-widget-wrap elementor-element-populated\">\n\t\t\t\t\t\t<div class=\"elementor-element elementor-element-4166cc5 elementor-widget__width-initial elementor-widget elementor-widget-heading\" data-id=\"4166cc5\" data-element_type=\"widget\" data-e-type=\"widget\" data-widget_type=\"heading.default\">\n\t\t\t\t<div class=\"elementor-widget-container\">\n\t\t\t\t\t<h3 class=\"elementor-heading-title elementor-size-default\">Mission, Vision und Werte<\/h3>\t\t\t\t<\/div>\n\t\t\t\t<\/div>\n\t\t\t\t<div class=\"elementor-element elementor-element-0fab893 elementor-widget__width-initial elementor-view-default elementor-widget elementor-widget-icon\" data-id=\"0fab893\" data-element_type=\"widget\" data-e-type=\"widget\" data-widget_type=\"icon.default\">\n\t\t\t\t<div class=\"elementor-widget-container\">\n\t\t\t\t\t\t\t<div class=\"elementor-icon-wrapper\">\n\t\t\t<div class=\"elementor-icon\">\n\t\t\t<svg xmlns=\"http:\/\/www.w3.org\/2000\/svg\" width=\"12\" height=\"22\" viewBox=\"0 0 12 22\" fill=\"none\"><path d=\"M12 11.0003L11.0855 9.94987L2.38507 0.0629768L0 2.16394L7.77321 11L0 19.836L2.38507 21.937L11.0855 12.0501L12 11.0003Z\" fill=\"#1D1D1B\"><\/path><\/svg>\t\t\t<\/div>\n\t\t<\/div>\n\t\t\t\t\t\t<\/div>\n\t\t\t\t<\/div>\n\t\t\t\t\t<\/div>\n\t\t<\/div>\n\t\t\t\t<div class=\"elementor-column elementor-col-50 elementor-inner-column elementor-element elementor-element-45e5141 elementor-hidden-desktop elementor-hidden-tablet elementor-hidden-mobile\" data-id=\"45e5141\" data-element_type=\"column\" data-e-type=\"column\" data-settings=\"{&quot;background_background&quot;:&quot;classic&quot;}\">\n\t\t\t<div class=\"elementor-widget-wrap elementor-element-populated\">\n\t\t\t\t\t\t<div class=\"elementor-element elementor-element-c27d211 elementor-widget__width-initial elementor-widget elementor-widget-heading\" data-id=\"c27d211\" data-element_type=\"widget\" data-e-type=\"widget\" data-widget_type=\"heading.default\">\n\t\t\t\t<div class=\"elementor-widget-container\">\n\t\t\t\t\t<h3 class=\"elementor-heading-title elementor-size-default\">CSR-Aktivit\u00e4ten<\/h3>\t\t\t\t<\/div>\n\t\t\t\t<\/div>\n\t\t\t\t<div class=\"elementor-element elementor-element-36ae836 elementor-widget__width-initial elementor-view-default elementor-widget elementor-widget-icon\" data-id=\"36ae836\" data-element_type=\"widget\" data-e-type=\"widget\" data-widget_type=\"icon.default\">\n\t\t\t\t<div class=\"elementor-widget-container\">\n\t\t\t\t\t\t\t<div class=\"elementor-icon-wrapper\">\n\t\t\t<div class=\"elementor-icon\">\n\t\t\t<svg xmlns=\"http:\/\/www.w3.org\/2000\/svg\" width=\"12\" height=\"22\" viewBox=\"0 0 12 22\" fill=\"none\"><path d=\"M12 11.0003L11.0855 9.94987L2.38507 0.0629768L0 2.16394L7.77321 11L0 19.836L2.38507 21.937L11.0855 12.0501L12 11.0003Z\" fill=\"#1D1D1B\"><\/path><\/svg>\t\t\t<\/div>\n\t\t<\/div>\n\t\t\t\t\t\t<\/div>\n\t\t\t\t<\/div>\n\t\t\t\t\t<\/div>\n\t\t<\/div>\n\t\t\t\t\t<\/div>\n\t\t<\/section>\n\t\t\t\t\t<\/div>\n\t\t<\/div>\n\t\t\t\t\t<\/div>\n\t\t<\/section>\n\t\t\t\t<\/div>\n\t\t<script>function getWR360PopupSkin(){return 'light_clean';}<\/script>","protected":false},"excerpt":{"rendered":"<p>\u00dcber uns Entdecken Sie die All Windows Group Seit 1997 schaffen wir mit Leidenschaft und Engagement Fenster- und T\u00fcrsysteme. \u00dcber unser Unternehmen &nbsp; Firmengeschichte &nbsp; Mission, Vision und Werte &nbsp; CSR-Aktivit\u00e4ten &nbsp;<\/p>\n","protected":false},"author":2,"featured_media":0,"parent":0,"menu_order":0,"comment_status":"closed","ping_status":"closed","template":"","meta":{"_acf_changed":false,"site-sidebar-layout":"no-sidebar","site-content-layout":"page-builder","ast-site-content-layout":"full-width-container","site-content-style":"default","site-sidebar-style":"default","ast-global-header-display":"","ast-banner-title-visibility":"","ast-main-header-display":"","ast-hfb-above-header-display":"","ast-hfb-below-header-display":"","ast-hfb-mobile-header-display":"","site-post-title":"disabled","ast-breadcrumbs-content":"disabled","ast-featured-img":"disabled","footer-sml-layout":"","theme-transparent-header-meta":"default","adv-header-id-meta":"","stick-header-meta":"","header-above-stick-meta":"","header-main-stick-meta":"","header-below-stick-meta":"","astra-migrate-meta-layouts":"set","ast-page-background-enabled":"default","ast-page-background-meta":{"desktop":{"background-color":"","background-image":"","background-repeat":"repeat","background-position":"center center","background-size":"auto","background-attachment":"scroll","background-type":"","background-media":"","overlay-type":"","overlay-color":"","overlay-opacity":"","overlay-gradient":""},"tablet":{"background-color":"","background-image":"","background-repeat":"repeat","background-position":"center center","background-size":"auto","background-attachment":"scroll","background-type":"","background-media":"","overlay-type":"","overlay-color":"","overlay-opacity":"","overlay-gradient":""},"mobile":{"background-color":"","background-image":"","background-repeat":"repeat","background-position":"center center","background-size":"auto","background-attachment":"scroll","background-type":"","background-media":"","overlay-type":"","overlay-color":"","overlay-opacity":"","overlay-gradient":""}},"ast-content-background-meta":{"desktop":{"background-color":"var(--ast-global-color-5)","background-image":"","background-repeat":"repeat","background-position":"center center","background-size":"auto","background-attachment":"scroll","background-type":"","background-media":"","overlay-type":"","overlay-color":"","overlay-opacity":"","overlay-gradient":""},"tablet":{"background-color":"var(--ast-global-color-5)","background-image":"","background-repeat":"repeat","background-position":"center center","background-size":"auto","background-attachment":"scroll","background-type":"","background-media":"","overlay-type":"","overlay-color":"","overlay-opacity":"","overlay-gradient":""},"mobile":{"background-color":"var(--ast-global-color-5)","background-image":"","background-repeat":"repeat","background-position":"center center","background-size":"auto","background-attachment":"scroll","background-type":"","background-media":"","overlay-type":"","overlay-color":"","overlay-opacity":"","overlay-gradient":""}},"footnotes":""},"class_list":["post-49712","page","type-page","status-publish","hentry"],"acf":[],"yoast_head":"<!-- This site is optimized with the Yoast SEO plugin v27.1.1 - https:\/\/yoast.com\/product\/yoast-seo-wordpress\/ -->\n<title>\u00dcber uns - All Windows Group | Polski Producent Okien, Drzwi, Rolet i Bram<\/title>\n<meta name=\"robots\" content=\"index, follow, max-snippet:-1, max-image-preview:large, max-video-preview:-1\" \/>\n<link rel=\"canonical\" href=\"https:\/\/allwindows.eu\/de\/ueber-uns\/\" \/>\n<meta property=\"og:locale\" content=\"de_DE\" \/>\n<meta property=\"og:type\" content=\"article\" \/>\n<meta property=\"og:title\" content=\"\u00dcber uns - All Windows Group | Polski Producent Okien, Drzwi, Rolet i Bram\" \/>\n<meta property=\"og:description\" content=\"\u00dcber uns Entdecken Sie die All Windows Group Seit 1997 schaffen wir mit Leidenschaft und Engagement Fenster- und T\u00fcrsysteme. \u00dcber unser Unternehmen &nbsp; Firmengeschichte &nbsp; Mission, Vision und Werte &nbsp; CSR-Aktivit\u00e4ten &nbsp;\" \/>\n<meta property=\"og:url\" content=\"https:\/\/allwindows.eu\/de\/ueber-uns\/\" \/>\n<meta property=\"og:site_name\" content=\"All Windows Group | Polski Producent Okien, Drzwi, Rolet i Bram\" \/>\n<meta property=\"article:publisher\" content=\"https:\/\/www.facebook.com\/AllWindowsGroup?locale=pl_PL\" \/>\n<meta property=\"article:modified_time\" content=\"2025-01-30T11:49:24+00:00\" \/>\n<meta name=\"twitter:card\" content=\"summary_large_image\" \/>\n<meta name=\"twitter:label1\" content=\"Gesch\u00e4tzte Lesezeit\" \/>\n\t<meta name=\"twitter:data1\" content=\"1\u00a0Minute\" \/>\n<script type=\"application\/ld+json\" class=\"yoast-schema-graph\">{\"@context\":\"https:\/\/schema.org\",\"@graph\":[{\"@type\":\"WebPage\",\"@id\":\"https:\/\/allwindows.eu\/de\/ueber-uns\/\",\"url\":\"https:\/\/allwindows.eu\/de\/ueber-uns\/\",\"name\":\"\u00dcber uns - All Windows Group | Polski Producent Okien, Drzwi, Rolet i Bram\",\"isPartOf\":{\"@id\":\"https:\/\/allwindows.eu\/de\/#website\"},\"datePublished\":\"2025-01-30T10:44:19+00:00\",\"dateModified\":\"2025-01-30T11:49:24+00:00\",\"breadcrumb\":{\"@id\":\"https:\/\/allwindows.eu\/de\/ueber-uns\/#breadcrumb\"},\"inLanguage\":\"de\",\"potentialAction\":[{\"@type\":\"ReadAction\",\"target\":[\"https:\/\/allwindows.eu\/de\/ueber-uns\/\"]}]},{\"@type\":\"BreadcrumbList\",\"@id\":\"https:\/\/allwindows.eu\/de\/ueber-uns\/#breadcrumb\",\"itemListElement\":[{\"@type\":\"ListItem\",\"position\":1,\"name\":\"Startseite\",\"item\":\"https:\/\/allwindows.eu\/de\/\"},{\"@type\":\"ListItem\",\"position\":2,\"name\":\"\u00dcber uns\"}]},{\"@type\":\"WebSite\",\"@id\":\"https:\/\/allwindows.eu\/de\/#website\",\"url\":\"https:\/\/allwindows.eu\/de\/\",\"name\":\"All Windows Group | Polski Producent Okien, Drzwi, Rolet i Bram\",\"description\":\"Polski Producent Okien, Drzwi, Rolet i Bram\",\"publisher\":{\"@id\":\"https:\/\/allwindows.eu\/de\/#organization\"},\"potentialAction\":[{\"@type\":\"SearchAction\",\"target\":{\"@type\":\"EntryPoint\",\"urlTemplate\":\"https:\/\/allwindows.eu\/de\/?s={search_term_string}\"},\"query-input\":{\"@type\":\"PropertyValueSpecification\",\"valueRequired\":true,\"valueName\":\"search_term_string\"}}],\"inLanguage\":\"de\"},{\"@type\":\"Organization\",\"@id\":\"https:\/\/allwindows.eu\/de\/#organization\",\"name\":\"All Windows Group | Polski Producent Okien, Drzwi, Rolet i Bram\",\"url\":\"https:\/\/allwindows.eu\/de\/\",\"logo\":{\"@type\":\"ImageObject\",\"inLanguage\":\"de\",\"@id\":\"https:\/\/allwindows.eu\/de\/#\/schema\/logo\/image\/\",\"url\":\"https:\/\/allwindows.eu\/wp-content\/uploads\/2022\/05\/cropped-Logo_All-Windows_poziom.png\",\"contentUrl\":\"https:\/\/allwindows.eu\/wp-content\/uploads\/2022\/05\/cropped-Logo_All-Windows_poziom.png\",\"width\":2115,\"height\":551,\"caption\":\"All Windows Group | Polski Producent Okien, Drzwi, Rolet i Bram\"},\"image\":{\"@id\":\"https:\/\/allwindows.eu\/de\/#\/schema\/logo\/image\/\"},\"sameAs\":[\"https:\/\/www.facebook.com\/AllWindowsGroup?locale=pl_PL\",\"https:\/\/www.linkedin.com\/company\/allwindowsgroup\/\",\"https:\/\/www.instagram.com\/allwindowsgroup\/\"]}]}<\/script>\n<!-- \/ Yoast SEO plugin. -->","yoast_head_json":{"title":"\u00dcber uns - All Windows Group | Polski Producent Okien, Drzwi, Rolet i Bram","robots":{"index":"index","follow":"follow","max-snippet":"max-snippet:-1","max-image-preview":"max-image-preview:large","max-video-preview":"max-video-preview:-1"},"canonical":"https:\/\/allwindows.eu\/de\/ueber-uns\/","og_locale":"de_DE","og_type":"article","og_title":"\u00dcber uns - All Windows Group | Polski Producent Okien, Drzwi, Rolet i Bram","og_description":"\u00dcber uns Entdecken Sie die All Windows Group Seit 1997 schaffen wir mit Leidenschaft und Engagement Fenster- und T\u00fcrsysteme. \u00dcber unser Unternehmen &nbsp; Firmengeschichte &nbsp; Mission, Vision und Werte &nbsp; CSR-Aktivit\u00e4ten &nbsp;","og_url":"https:\/\/allwindows.eu\/de\/ueber-uns\/","og_site_name":"All Windows Group | Polski Producent Okien, Drzwi, Rolet i Bram","article_publisher":"https:\/\/www.facebook.com\/AllWindowsGroup?locale=pl_PL","article_modified_time":"2025-01-30T11:49:24+00:00","twitter_card":"summary_large_image","twitter_misc":{"Gesch\u00e4tzte Lesezeit":"1\u00a0Minute"},"schema":{"@context":"https:\/\/schema.org","@graph":[{"@type":"WebPage","@id":"https:\/\/allwindows.eu\/de\/ueber-uns\/","url":"https:\/\/allwindows.eu\/de\/ueber-uns\/","name":"\u00dcber uns - All Windows Group | Polski Producent Okien, Drzwi, Rolet i Bram","isPartOf":{"@id":"https:\/\/allwindows.eu\/de\/#website"},"datePublished":"2025-01-30T10:44:19+00:00","dateModified":"2025-01-30T11:49:24+00:00","breadcrumb":{"@id":"https:\/\/allwindows.eu\/de\/ueber-uns\/#breadcrumb"},"inLanguage":"de","potentialAction":[{"@type":"ReadAction","target":["https:\/\/allwindows.eu\/de\/ueber-uns\/"]}]},{"@type":"BreadcrumbList","@id":"https:\/\/allwindows.eu\/de\/ueber-uns\/#breadcrumb","itemListElement":[{"@type":"ListItem","position":1,"name":"Startseite","item":"https:\/\/allwindows.eu\/de\/"},{"@type":"ListItem","position":2,"name":"\u00dcber uns"}]},{"@type":"WebSite","@id":"https:\/\/allwindows.eu\/de\/#website","url":"https:\/\/allwindows.eu\/de\/","name":"All Windows Group | Polski Producent Okien, Drzwi, Rolet i Bram","description":"Polski Producent Okien, Drzwi, Rolet i Bram","publisher":{"@id":"https:\/\/allwindows.eu\/de\/#organization"},"potentialAction":[{"@type":"SearchAction","target":{"@type":"EntryPoint","urlTemplate":"https:\/\/allwindows.eu\/de\/?s={search_term_string}"},"query-input":{"@type":"PropertyValueSpecification","valueRequired":true,"valueName":"search_term_string"}}],"inLanguage":"de"},{"@type":"Organization","@id":"https:\/\/allwindows.eu\/de\/#organization","name":"All Windows Group | Polski Producent Okien, Drzwi, Rolet i Bram","url":"https:\/\/allwindows.eu\/de\/","logo":{"@type":"ImageObject","inLanguage":"de","@id":"https:\/\/allwindows.eu\/de\/#\/schema\/logo\/image\/","url":"https:\/\/allwindows.eu\/wp-content\/uploads\/2022\/05\/cropped-Logo_All-Windows_poziom.png","contentUrl":"https:\/\/allwindows.eu\/wp-content\/uploads\/2022\/05\/cropped-Logo_All-Windows_poziom.png","width":2115,"height":551,"caption":"All Windows Group | Polski Producent Okien, Drzwi, Rolet i Bram"},"image":{"@id":"https:\/\/allwindows.eu\/de\/#\/schema\/logo\/image\/"},"sameAs":["https:\/\/www.facebook.com\/AllWindowsGroup?locale=pl_PL","https:\/\/www.linkedin.com\/company\/allwindowsgroup\/","https:\/\/www.instagram.com\/allwindowsgroup\/"]}]}},"_links":{"self":[{"href":"https:\/\/allwindows.eu\/de\/wp-json\/wp\/v2\/pages\/49712","targetHints":{"allow":["GET"]}}],"collection":[{"href":"https:\/\/allwindows.eu\/de\/wp-json\/wp\/v2\/pages"}],"about":[{"href":"https:\/\/allwindows.eu\/de\/wp-json\/wp\/v2\/types\/page"}],"author":[{"embeddable":true,"href":"https:\/\/allwindows.eu\/de\/wp-json\/wp\/v2\/users\/2"}],"replies":[{"embeddable":true,"href":"https:\/\/allwindows.eu\/de\/wp-json\/wp\/v2\/comments?post=49712"}],"version-history":[{"count":11,"href":"https:\/\/allwindows.eu\/de\/wp-json\/wp\/v2\/pages\/49712\/revisions"}],"predecessor-version":[{"id":49818,"href":"https:\/\/allwindows.eu\/de\/wp-json\/wp\/v2\/pages\/49712\/revisions\/49818"}],"wp:attachment":[{"href":"https:\/\/allwindows.eu\/de\/wp-json\/wp\/v2\/media?parent=49712"}],"curies":[{"name":"wp","href":"https:\/\/api.w.org\/{rel}","templated":true}]}}