{"id":19050,"date":"2022-12-02T14:56:48","date_gmt":"2022-12-02T13:56:48","guid":{"rendered":"https:\/\/allwindows.eu\/cookie-richtlinie\/"},"modified":"2023-01-12T13:42:59","modified_gmt":"2023-01-12T12:42:59","slug":"cookie-richtlinie","status":"publish","type":"page","link":"https:\/\/allwindows.eu\/de\/cookie-richtlinie\/","title":{"rendered":"Cookie &#8211; Richtlinie"},"content":{"rendered":"\t\t<div data-elementor-type=\"wp-page\" data-elementor-id=\"19050\" class=\"elementor elementor-19050 elementor-18980\" data-elementor-post-type=\"page\">\n\t\t\t\t\t\t<section class=\"elementor-section elementor-top-section elementor-element elementor-element-2030a4a elementor-section-boxed elementor-section-height-default elementor-section-height-default\" data-id=\"2030a4a\" data-element_type=\"section\" data-e-type=\"section\">\n\t\t\t\t\t\t<div class=\"elementor-container elementor-column-gap-default\">\n\t\t\t\t\t<div class=\"elementor-column elementor-col-100 elementor-top-column elementor-element elementor-element-deac9a7\" data-id=\"deac9a7\" data-element_type=\"column\" data-e-type=\"column\">\n\t\t\t<div class=\"elementor-widget-wrap elementor-element-populated\">\n\t\t\t\t\t\t<div class=\"elementor-element elementor-element-6dcea12 elementor-widget elementor-widget-text-editor\" data-id=\"6dcea12\" data-element_type=\"widget\" data-e-type=\"widget\" data-widget_type=\"text-editor.default\">\n\t\t\t\t<div class=\"elementor-widget-container\">\n\t\t\t\t\t\t\t\t\t<center><h3><strong>COOKIE &#8211; RICHTLINIE<\/strong><\/h3><\/center>\n<ol>\n \t<li>Die All Windows Group GmbH mit Sitz in der Karpacka 6 Stra\u00dfe in 48-303 Nysa, eingetragen im Unternehmenregister des Landesgerichtsregisters unter folgender Nummer KRS: 0000345467, deren Unterlagen beim Bezirksgericht in Opole, VIII. Wirtschaftsabteilung des Landesgerichtsregisters aufbewahrt werden, Steuernr.: 7531608850, Gewerbeanmeldungsnr.: 531212343, als Eigent\u00fcmer und Betreiber der unter der Dom\u00e4ne www.<a href=\"https:\/\/allwindows.eu\/de\/\">allwindows.eu<\/a> betriebenen Website (im Folgenden als \u201eWebsite\u201c bezeichnet) und als Administrator der \u00fcber die Website erfassten personenbezogenen Daten pr\u00e4sentiert er nachstehend Informationen zur Verwendung und Verwendung von Cookies auf der Website, die sogenannten \u201eKekse\u201d.<\/li>\n \t<li>Die Website sammelt keine Informationen automatisch, mit Ausnahme der Informationen, die in den Cookies enthalten sind.<\/li>\n \t<li>Cookies sind IT-Daten, insbesondere Textdateien, die auf dem Endger\u00e4t des Website-Benutzers gespeichert werden und f\u00fcr die Nutzung der Seiten der Website bestimmt sind. Cookies enthalten in der Regel den Namen der Website, von der sie stammen, die Speicherzeit auf dem Endger\u00e4t und eine eindeutige Nummer.<\/li>\n \t<li>Das Unternehmen, das Cookies auf dem Endger\u00e4t des Website-Benutzers platziert und Zugriff darauf erh\u00e4lt, ist der Website-Betreiber &#8211; All Windows Group GmbH mit Sitz in der Karpacka 6 Stra\u00dfe in 48-303 Nysa.<\/li>\n \t<li>Cookies Dateien werden verwendet, um den Inhalt der Website an die Pr\u00e4ferenzen des Benutzers anzupassen und die Nutzung der Website zu optimieren; Insbesondere erm\u00f6glichen diese Dateien, das Ger\u00e4t des Website-Benutzers zu erkennen und die Website entsprechend anzuzeigen, die auf seine individuellen Bed\u00fcrfnisse zugeschnitten ist, und Statistiken zu erstellen, die helfen zu verstehen, wie Website-Benutzer die Websites benutzen, wodurch ihre Struktur und ihr Inhalt verbessert werden k\u00f6nnen.<\/li>\n \t<li>Die Website verwendet zwei grundlegende Arten von Cookies: Sitzungscookies (<em>session cookies<\/em>) und dauerhafte (<em>persistent<\/em>) cookies. Sitzungscookies sind tempor\u00e4re Dateien, die auf dem Endger\u00e4t des Benutzers gespeichert werden, bis er sich abmeldet, die Website verl\u00e4sst oder die Software (Webbrowser) abschaltet. Dauerhafte Cookies werden auf dem Endger\u00e4t des Benutzers f\u00fcr die in den Parametern der Cookie-Datei angegebene Zeit oder bis zu ihrer L\u00f6schung durch den Benutzer gespeichert.<\/li>\n \t<li>Dar\u00fcber hinaus verwendet die Website folgende Arten von Cookies:\n<ol>\n \t<li>\u201eNotwendige\u201d Cookies, die die Nutzung der auf der Website verf\u00fcgbaren Dienste erm\u00f6glichen, z. B. Authentifizierungscookies, die f\u00fcr Dienste verwendet werden, die eine Authentifizierung auf der Website erfordern;<\/li>\n \t<li>Cookies, die zur Gew\u00e4hrleistung der Sicherheit verwendet werden, z.B. zur Erkennung von Betrug im Bereich der Authentifizierung auf der Website;<\/li>\n \t<li>\u201eLeistungs- oder Performance Cookies&#8220;, die das Sammeln von Informationen \u00fcber die Nutzung der Seiten der Website erm\u00f6glichen;<\/li>\n \t<li>&#8222;Funktionale&#8220; Cookies, die das &#8222;Erinnern&#8220; der vom Benutzer gew\u00e4hlten Einstellungen und die Personalisierung der Benutzeroberfl\u00e4che erm\u00f6glichen, z. B. in Bezug auf die ausgew\u00e4hlte Sprache oder Region, aus der der Benutzer kommt, Schriftgr\u00f6\u00dfe, Aussehen der Website usw.;<\/li>\n \t<li>\u201eWerbe\u201c-Cookies, die die Bereitstellung von Werbeinhalten f\u00fcr Benutzer erm\u00f6glichen, die besser auf ihre Interessen zugeschnitten sind.<\/li>\n<\/ol>\n<\/li>\n \t<li>Die Rechtsgrundlage f\u00fcr die Erhebung personenbezogener Daten aus \u201eCookies\u201c ist Art. 6 Sek. 1 lit. (f) DSGVO, die die Verarbeitung personenbezogener Daten zur Erreichung des rechtm\u00e4\u00dfigen Zwecks des Datenverantwortlichen erlaubt. Der Zweck besteht darin, die Website an die individuellen Einstellungen des Benutzers anzupassen und die vom Benutzer eingegebenen Daten im Zusammenhang mit der Nutzung der Website zu speichern sowie statistische Analysen der Benutzer und Besucher der Website f\u00fcr Zwecke des Website-Administrators durchzuf\u00fchren.<\/li>\n \t<li>In vielen F\u00e4llen erlaubt die zum Durchsuchen von Websites verwendete Software (Webbrowser) standardm\u00e4\u00dfig das Speichern von Cookies auf dem Endger\u00e4t des Benutzers. Website-Benutzer k\u00f6nnen ihre Cookie-Einstellungen jederzeit \u00e4ndern. Diese Einstellungen k\u00f6nnen insbesondere so ge\u00e4ndert werden, dass die automatische Anwendung von Cookies in den Einstellungen des Webbrowsers blockiert wird oder \u00fcber jede Ver\u00f6ffentlichung auf dem Ger\u00e4t des Website-Benutzers informiert wird. Detaillierte Informationen zu den M\u00f6glichkeiten und Methoden zum Umgang mit Cookies finden Sie in den Einstellungen der Software (Webbrowser).<\/li>\n \t<li>Website-Benutzer k\u00f6nnen ebenfalls auf Dateien zugreifen, die auf ihrem Ger\u00e4t gespeichert sind, indem sie den Inhalt von \u201eCookies\u201c mithilfe der Webbrowser-Einstellungen analysieren. \u00dcber die Browsereinstellungen k\u00f6nnen Website-Benutzer auch jederzeit Dateien l\u00f6schen, die auf ihren Ger\u00e4ten gespeichert sind.<\/li>\n \t<li>Der Website-Betreiber informiert, dass die Einschr\u00e4nkung der Verwendung von Cookies einige der auf den Seiten der Website verf\u00fcgbaren Funktionen beeintr\u00e4chtigen kann.<\/li>\n \t<li>Cookies, die auf dem Endger\u00e4t des Website-Benutzers platziert werden, k\u00f6nnen auch von Werbetreibenden und Partnern verwendet werden, die mit dem Website-Betreiber zusammenarbeiten.<\/li>\n \t<li>Weitere Informationen zu Cookies finden Sie unter http:\/\/wszystkoociasteczkach.pl\/ oder in der Kategorie \u201eHilfe\u201c im Men\u00fc des Browsers.<\/li>\n<\/ol>\t\t\t\t\t\t\t\t<\/div>\n\t\t\t\t<\/div>\n\t\t\t\t\t<\/div>\n\t\t<\/div>\n\t\t\t\t\t<\/div>\n\t\t<\/section>\n\t\t\t\t<\/div>\n\t\t<script>function getWR360PopupSkin(){return 'light_clean';}<\/script>","protected":false},"excerpt":{"rendered":"<p>COOKIE &#8211; RICHTLINIE Die All Windows Group GmbH mit Sitz in der Karpacka 6 Stra\u00dfe in 48-303 Nysa, eingetragen im Unternehmenregister des Landesgerichtsregisters unter folgender Nummer KRS: 0000345467, deren Unterlagen beim Bezirksgericht in Opole, VIII. Wirtschaftsabteilung des Landesgerichtsregisters aufbewahrt werden, Steuernr.: 7531608850, Gewerbeanmeldungsnr.: 531212343, als Eigent\u00fcmer und Betreiber der unter der Dom\u00e4ne www.allwindows.eu betriebenen Website [&hellip;]<\/p>\n","protected":false},"author":2,"featured_media":0,"parent":0,"menu_order":0,"comment_status":"closed","ping_status":"closed","template":"","meta":{"_acf_changed":false,"site-sidebar-layout":"no-sidebar","site-content-layout":"page-builder","ast-site-content-layout":"","site-content-style":"default","site-sidebar-style":"default","ast-global-header-display":"","ast-banner-title-visibility":"","ast-main-header-display":"","ast-hfb-above-header-display":"","ast-hfb-below-header-display":"","ast-hfb-mobile-header-display":"","site-post-title":"disabled","ast-breadcrumbs-content":"","ast-featured-img":"disabled","footer-sml-layout":"","theme-transparent-header-meta":"default","adv-header-id-meta":"","stick-header-meta":"default","header-above-stick-meta":"","header-main-stick-meta":"","header-below-stick-meta":"","astra-migrate-meta-layouts":"default","ast-page-background-enabled":"default","ast-page-background-meta":{"desktop":{"background-color":"","background-image":"","background-repeat":"repeat","background-position":"center center","background-size":"auto","background-attachment":"scroll","background-type":"","background-media":"","overlay-type":"","overlay-color":"","overlay-opacity":"","overlay-gradient":""},"tablet":{"background-color":"","background-image":"","background-repeat":"repeat","background-position":"center center","background-size":"auto","background-attachment":"scroll","background-type":"","background-media":"","overlay-type":"","overlay-color":"","overlay-opacity":"","overlay-gradient":""},"mobile":{"background-color":"","background-image":"","background-repeat":"repeat","background-position":"center center","background-size":"auto","background-attachment":"scroll","background-type":"","background-media":"","overlay-type":"","overlay-color":"","overlay-opacity":"","overlay-gradient":""}},"ast-content-background-meta":{"desktop":{"background-color":"var(--ast-global-color-5)","background-image":"","background-repeat":"repeat","background-position":"center center","background-size":"auto","background-attachment":"scroll","background-type":"","background-media":"","overlay-type":"","overlay-color":"","overlay-opacity":"","overlay-gradient":""},"tablet":{"background-color":"var(--ast-global-color-5)","background-image":"","background-repeat":"repeat","background-position":"center center","background-size":"auto","background-attachment":"scroll","background-type":"","background-media":"","overlay-type":"","overlay-color":"","overlay-opacity":"","overlay-gradient":""},"mobile":{"background-color":"var(--ast-global-color-5)","background-image":"","background-repeat":"repeat","background-position":"center center","background-size":"auto","background-attachment":"scroll","background-type":"","background-media":"","overlay-type":"","overlay-color":"","overlay-opacity":"","overlay-gradient":""}},"footnotes":""},"class_list":["post-19050","page","type-page","status-publish","hentry"],"acf":[],"yoast_head":"<!-- This site is optimized with the Yoast SEO plugin v27.1.1 - https:\/\/yoast.com\/product\/yoast-seo-wordpress\/ -->\n<title>Cookie - Richtlinie - All Windows Group | Polski Producent Okien, Drzwi, Rolet i Bram<\/title>\n<meta name=\"robots\" content=\"index, follow, max-snippet:-1, max-image-preview:large, max-video-preview:-1\" \/>\n<link rel=\"canonical\" href=\"https:\/\/allwindows.eu\/de\/cookie-richtlinie\/\" \/>\n<meta property=\"og:locale\" content=\"de_DE\" \/>\n<meta property=\"og:type\" content=\"article\" \/>\n<meta property=\"og:title\" content=\"Cookie - Richtlinie - All Windows Group | Polski Producent Okien, Drzwi, Rolet i Bram\" \/>\n<meta property=\"og:description\" content=\"COOKIE &#8211; RICHTLINIE Die All Windows Group GmbH mit Sitz in der Karpacka 6 Stra\u00dfe in 48-303 Nysa, eingetragen im Unternehmenregister des Landesgerichtsregisters unter folgender Nummer KRS: 0000345467, deren Unterlagen beim Bezirksgericht in Opole, VIII. Wirtschaftsabteilung des Landesgerichtsregisters aufbewahrt werden, Steuernr.: 7531608850, Gewerbeanmeldungsnr.: 531212343, als Eigent\u00fcmer und Betreiber der unter der Dom\u00e4ne www.allwindows.eu betriebenen Website [&hellip;]\" \/>\n<meta property=\"og:url\" content=\"https:\/\/allwindows.eu\/de\/cookie-richtlinie\/\" \/>\n<meta property=\"og:site_name\" content=\"All Windows Group | Polski Producent Okien, Drzwi, Rolet i Bram\" \/>\n<meta property=\"article:publisher\" content=\"https:\/\/www.facebook.com\/AllWindowsGroup?locale=pl_PL\" \/>\n<meta property=\"article:modified_time\" content=\"2023-01-12T12:42:59+00:00\" \/>\n<meta name=\"twitter:card\" content=\"summary_large_image\" \/>\n<meta name=\"twitter:label1\" content=\"Gesch\u00e4tzte Lesezeit\" \/>\n\t<meta name=\"twitter:data1\" content=\"4\u00a0Minuten\" \/>\n<script type=\"application\/ld+json\" class=\"yoast-schema-graph\">{\"@context\":\"https:\/\/schema.org\",\"@graph\":[{\"@type\":\"WebPage\",\"@id\":\"https:\/\/allwindows.eu\/de\/cookie-richtlinie\/\",\"url\":\"https:\/\/allwindows.eu\/de\/cookie-richtlinie\/\",\"name\":\"Cookie - Richtlinie - All Windows Group | Polski Producent Okien, Drzwi, Rolet i Bram\",\"isPartOf\":{\"@id\":\"https:\/\/allwindows.eu\/de\/#website\"},\"datePublished\":\"2022-12-02T13:56:48+00:00\",\"dateModified\":\"2023-01-12T12:42:59+00:00\",\"breadcrumb\":{\"@id\":\"https:\/\/allwindows.eu\/de\/cookie-richtlinie\/#breadcrumb\"},\"inLanguage\":\"de\",\"potentialAction\":[{\"@type\":\"ReadAction\",\"target\":[\"https:\/\/allwindows.eu\/de\/cookie-richtlinie\/\"]}]},{\"@type\":\"BreadcrumbList\",\"@id\":\"https:\/\/allwindows.eu\/de\/cookie-richtlinie\/#breadcrumb\",\"itemListElement\":[{\"@type\":\"ListItem\",\"position\":1,\"name\":\"Startseite\",\"item\":\"https:\/\/allwindows.eu\/de\/\"},{\"@type\":\"ListItem\",\"position\":2,\"name\":\"Cookie &#8211; Richtlinie\"}]},{\"@type\":\"WebSite\",\"@id\":\"https:\/\/allwindows.eu\/de\/#website\",\"url\":\"https:\/\/allwindows.eu\/de\/\",\"name\":\"All Windows Group | Polski Producent Okien, Drzwi, Rolet i Bram\",\"description\":\"Polski Producent Okien, Drzwi, Rolet i Bram\",\"publisher\":{\"@id\":\"https:\/\/allwindows.eu\/de\/#organization\"},\"potentialAction\":[{\"@type\":\"SearchAction\",\"target\":{\"@type\":\"EntryPoint\",\"urlTemplate\":\"https:\/\/allwindows.eu\/de\/?s={search_term_string}\"},\"query-input\":{\"@type\":\"PropertyValueSpecification\",\"valueRequired\":true,\"valueName\":\"search_term_string\"}}],\"inLanguage\":\"de\"},{\"@type\":\"Organization\",\"@id\":\"https:\/\/allwindows.eu\/de\/#organization\",\"name\":\"All Windows Group | Polski Producent Okien, Drzwi, Rolet i Bram\",\"url\":\"https:\/\/allwindows.eu\/de\/\",\"logo\":{\"@type\":\"ImageObject\",\"inLanguage\":\"de\",\"@id\":\"https:\/\/allwindows.eu\/de\/#\/schema\/logo\/image\/\",\"url\":\"https:\/\/allwindows.eu\/wp-content\/uploads\/2022\/05\/cropped-Logo_All-Windows_poziom.png\",\"contentUrl\":\"https:\/\/allwindows.eu\/wp-content\/uploads\/2022\/05\/cropped-Logo_All-Windows_poziom.png\",\"width\":2115,\"height\":551,\"caption\":\"All Windows Group | Polski Producent Okien, Drzwi, Rolet i Bram\"},\"image\":{\"@id\":\"https:\/\/allwindows.eu\/de\/#\/schema\/logo\/image\/\"},\"sameAs\":[\"https:\/\/www.facebook.com\/AllWindowsGroup?locale=pl_PL\",\"https:\/\/www.linkedin.com\/company\/allwindowsgroup\/\",\"https:\/\/www.instagram.com\/allwindowsgroup\/\"]}]}<\/script>\n<!-- \/ Yoast SEO plugin. -->","yoast_head_json":{"title":"Cookie - Richtlinie - All Windows Group | Polski Producent Okien, Drzwi, Rolet i Bram","robots":{"index":"index","follow":"follow","max-snippet":"max-snippet:-1","max-image-preview":"max-image-preview:large","max-video-preview":"max-video-preview:-1"},"canonical":"https:\/\/allwindows.eu\/de\/cookie-richtlinie\/","og_locale":"de_DE","og_type":"article","og_title":"Cookie - Richtlinie - All Windows Group | Polski Producent Okien, Drzwi, Rolet i Bram","og_description":"COOKIE &#8211; RICHTLINIE Die All Windows Group GmbH mit Sitz in der Karpacka 6 Stra\u00dfe in 48-303 Nysa, eingetragen im Unternehmenregister des Landesgerichtsregisters unter folgender Nummer KRS: 0000345467, deren Unterlagen beim Bezirksgericht in Opole, VIII. Wirtschaftsabteilung des Landesgerichtsregisters aufbewahrt werden, Steuernr.: 7531608850, Gewerbeanmeldungsnr.: 531212343, als Eigent\u00fcmer und Betreiber der unter der Dom\u00e4ne www.allwindows.eu betriebenen Website [&hellip;]","og_url":"https:\/\/allwindows.eu\/de\/cookie-richtlinie\/","og_site_name":"All Windows Group | Polski Producent Okien, Drzwi, Rolet i Bram","article_publisher":"https:\/\/www.facebook.com\/AllWindowsGroup?locale=pl_PL","article_modified_time":"2023-01-12T12:42:59+00:00","twitter_card":"summary_large_image","twitter_misc":{"Gesch\u00e4tzte Lesezeit":"4\u00a0Minuten"},"schema":{"@context":"https:\/\/schema.org","@graph":[{"@type":"WebPage","@id":"https:\/\/allwindows.eu\/de\/cookie-richtlinie\/","url":"https:\/\/allwindows.eu\/de\/cookie-richtlinie\/","name":"Cookie - Richtlinie - All Windows Group | Polski Producent Okien, Drzwi, Rolet i Bram","isPartOf":{"@id":"https:\/\/allwindows.eu\/de\/#website"},"datePublished":"2022-12-02T13:56:48+00:00","dateModified":"2023-01-12T12:42:59+00:00","breadcrumb":{"@id":"https:\/\/allwindows.eu\/de\/cookie-richtlinie\/#breadcrumb"},"inLanguage":"de","potentialAction":[{"@type":"ReadAction","target":["https:\/\/allwindows.eu\/de\/cookie-richtlinie\/"]}]},{"@type":"BreadcrumbList","@id":"https:\/\/allwindows.eu\/de\/cookie-richtlinie\/#breadcrumb","itemListElement":[{"@type":"ListItem","position":1,"name":"Startseite","item":"https:\/\/allwindows.eu\/de\/"},{"@type":"ListItem","position":2,"name":"Cookie &#8211; Richtlinie"}]},{"@type":"WebSite","@id":"https:\/\/allwindows.eu\/de\/#website","url":"https:\/\/allwindows.eu\/de\/","name":"All Windows Group | Polski Producent Okien, Drzwi, Rolet i Bram","description":"Polski Producent Okien, Drzwi, Rolet i Bram","publisher":{"@id":"https:\/\/allwindows.eu\/de\/#organization"},"potentialAction":[{"@type":"SearchAction","target":{"@type":"EntryPoint","urlTemplate":"https:\/\/allwindows.eu\/de\/?s={search_term_string}"},"query-input":{"@type":"PropertyValueSpecification","valueRequired":true,"valueName":"search_term_string"}}],"inLanguage":"de"},{"@type":"Organization","@id":"https:\/\/allwindows.eu\/de\/#organization","name":"All Windows Group | Polski Producent Okien, Drzwi, Rolet i Bram","url":"https:\/\/allwindows.eu\/de\/","logo":{"@type":"ImageObject","inLanguage":"de","@id":"https:\/\/allwindows.eu\/de\/#\/schema\/logo\/image\/","url":"https:\/\/allwindows.eu\/wp-content\/uploads\/2022\/05\/cropped-Logo_All-Windows_poziom.png","contentUrl":"https:\/\/allwindows.eu\/wp-content\/uploads\/2022\/05\/cropped-Logo_All-Windows_poziom.png","width":2115,"height":551,"caption":"All Windows Group | Polski Producent Okien, Drzwi, Rolet i Bram"},"image":{"@id":"https:\/\/allwindows.eu\/de\/#\/schema\/logo\/image\/"},"sameAs":["https:\/\/www.facebook.com\/AllWindowsGroup?locale=pl_PL","https:\/\/www.linkedin.com\/company\/allwindowsgroup\/","https:\/\/www.instagram.com\/allwindowsgroup\/"]}]}},"_links":{"self":[{"href":"https:\/\/allwindows.eu\/de\/wp-json\/wp\/v2\/pages\/19050","targetHints":{"allow":["GET"]}}],"collection":[{"href":"https:\/\/allwindows.eu\/de\/wp-json\/wp\/v2\/pages"}],"about":[{"href":"https:\/\/allwindows.eu\/de\/wp-json\/wp\/v2\/types\/page"}],"author":[{"embeddable":true,"href":"https:\/\/allwindows.eu\/de\/wp-json\/wp\/v2\/users\/2"}],"replies":[{"embeddable":true,"href":"https:\/\/allwindows.eu\/de\/wp-json\/wp\/v2\/comments?post=19050"}],"version-history":[{"count":1,"href":"https:\/\/allwindows.eu\/de\/wp-json\/wp\/v2\/pages\/19050\/revisions"}],"predecessor-version":[{"id":19051,"href":"https:\/\/allwindows.eu\/de\/wp-json\/wp\/v2\/pages\/19050\/revisions\/19051"}],"wp:attachment":[{"href":"https:\/\/allwindows.eu\/de\/wp-json\/wp\/v2\/media?parent=19050"}],"curies":[{"name":"wp","href":"https:\/\/api.w.org\/{rel}","templated":true}]}}