{"id":88699,"date":"2026-03-26T23:32:29","date_gmt":"2026-03-26T22:32:29","guid":{"rendered":"https:\/\/allwindows.eu\/produkty\/prislusenstvi\/"},"modified":"2026-04-08T13:49:35","modified_gmt":"2026-04-08T11:49:35","slug":"prislusenstvi","status":"publish","type":"page","link":"https:\/\/allwindows.eu\/cs\/produkty\/prislusenstvi\/","title":{"rendered":"P\u0159\u00edslu\u0161enstv\u00ed"},"content":{"rendered":"\t\t<div data-elementor-type=\"wp-page\" data-elementor-id=\"88699\" class=\"elementor elementor-88699 elementor-86939\" data-elementor-post-type=\"page\">\n\t\t\t\t\t\t<section class=\"elementor-section elementor-top-section elementor-element elementor-element-5ecaf4d elementor-section-boxed elementor-section-height-default elementor-section-height-default\" data-id=\"5ecaf4d\" data-element_type=\"section\" data-e-type=\"section\" data-settings=\"{&quot;background_background&quot;:&quot;classic&quot;}\">\n\t\t\t\t\t\t<div class=\"elementor-container elementor-column-gap-default\">\n\t\t\t\t\t<div class=\"elementor-column elementor-col-100 elementor-top-column elementor-element elementor-element-0605446\" data-id=\"0605446\" data-element_type=\"column\" data-e-type=\"column\">\n\t\t\t<div class=\"elementor-widget-wrap elementor-element-populated\">\n\t\t\t\t\t\t<div class=\"elementor-element elementor-element-cdd9c3b elementor-widget elementor-widget-breadcrumbs\" data-id=\"cdd9c3b\" data-element_type=\"widget\" data-e-type=\"widget\" data-widget_type=\"breadcrumbs.default\">\n\t\t\t\t<div class=\"elementor-widget-container\">\n\t\t\t\t\t<p id=\"breadcrumbs\"><span><span><a href=\"https:\/\/allwindows.eu\/cs\/\">Domov<\/a><\/span><\/span><\/p>\t\t\t\t<\/div>\n\t\t\t\t<\/div>\n\t\t\t\t<div class=\"elementor-element elementor-element-3f8bfee elementor-widget elementor-widget-heading\" data-id=\"3f8bfee\" data-element_type=\"widget\" data-e-type=\"widget\" data-widget_type=\"heading.default\">\n\t\t\t\t<div class=\"elementor-widget-container\">\n\t\t\t\t\t<h1 class=\"elementor-heading-title elementor-size-default\">P\u0159\u00edslu\u0161enstv\u00ed<\/h1>\t\t\t\t<\/div>\n\t\t\t\t<\/div>\n\t\t\t\t\t<\/div>\n\t\t<\/div>\n\t\t\t\t\t<\/div>\n\t\t<\/section>\n\t\t\t\t<section class=\"elementor-section elementor-top-section elementor-element elementor-element-f18e608 elementor-section-boxed elementor-section-height-default elementor-section-height-default\" data-id=\"f18e608\" data-element_type=\"section\" data-e-type=\"section\" data-settings=\"{&quot;background_background&quot;:&quot;classic&quot;}\">\n\t\t\t\t\t\t<div class=\"elementor-container elementor-column-gap-default\">\n\t\t\t\t\t<div class=\"make-column-clickable-elementor elementor-column elementor-col-16 elementor-top-column elementor-element elementor-element-085cf4b\" style=\"cursor: pointer;\" data-column-clickable=\"https:\/\/allwindows.eu\/produkty\/akcesoria\/klamki-i-pochwyty\/\" data-column-clickable-blank=\"_self\" data-id=\"085cf4b\" data-element_type=\"column\" data-e-type=\"column\" data-settings=\"{&quot;background_background&quot;:&quot;classic&quot;}\">\n\t\t\t<div class=\"elementor-widget-wrap elementor-element-populated\">\n\t\t\t\t\t\t<div class=\"elementor-element elementor-element-6e39a09 elementor-widget elementor-widget-image\" data-id=\"6e39a09\" data-element_type=\"widget\" data-e-type=\"widget\" data-widget_type=\"image.default\">\n\t\t\t\t<div class=\"elementor-widget-container\">\n\t\t\t\t\t\t\t\t\t\t\t\t\t\t\t<img fetchpriority=\"high\" decoding=\"async\" width=\"480\" height=\"480\" src=\"https:\/\/allwindows.eu\/wp-content\/uploads\/2026\/03\/Hero-Klamki-i-pochwyty.png\" class=\"attachment-large size-large wp-image-88669\" alt=\"\" srcset=\"https:\/\/allwindows.eu\/wp-content\/uploads\/2026\/03\/Hero-Klamki-i-pochwyty.png 480w, https:\/\/allwindows.eu\/wp-content\/uploads\/2026\/03\/Hero-Klamki-i-pochwyty-300x300.png 300w, https:\/\/allwindows.eu\/wp-content\/uploads\/2026\/03\/Hero-Klamki-i-pochwyty-150x150.png 150w\" sizes=\"(max-width: 480px) 100vw, 480px\" \/>\t\t\t\t\t\t\t\t\t\t\t\t\t\t\t<\/div>\n\t\t\t\t<\/div>\n\t\t\t\t<div class=\"elementor-element elementor-element-bb7d8f2 elementor-widget elementor-widget-text-editor\" data-id=\"bb7d8f2\" data-element_type=\"widget\" data-e-type=\"widget\" data-widget_type=\"text-editor.default\">\n\t\t\t\t<div class=\"elementor-widget-container\">\n\t\t\t\t\t\t\t\t\t<p>Kliky a madla<\/p>\t\t\t\t\t\t\t\t<\/div>\n\t\t\t\t<\/div>\n\t\t\t\t\t<\/div>\n\t\t<\/div>\n\t\t\t\t<div class=\"make-column-clickable-elementor elementor-column elementor-col-16 elementor-top-column elementor-element elementor-element-a8471e7\" style=\"cursor: pointer;\" data-column-clickable=\"https:\/\/allwindows.eu\/produkty\/akcesoria\/szyby\/\" data-column-clickable-blank=\"_self\" data-id=\"a8471e7\" data-element_type=\"column\" data-e-type=\"column\" data-settings=\"{&quot;background_background&quot;:&quot;classic&quot;}\">\n\t\t\t<div class=\"elementor-widget-wrap elementor-element-populated\">\n\t\t\t\t\t\t<div class=\"elementor-element elementor-element-ffddd39 elementor-widget elementor-widget-image\" data-id=\"ffddd39\" data-element_type=\"widget\" data-e-type=\"widget\" data-widget_type=\"image.default\">\n\t\t\t\t<div class=\"elementor-widget-container\">\n\t\t\t\t\t\t\t\t\t\t\t\t\t\t\t<img decoding=\"async\" width=\"1024\" height=\"1024\" src=\"https:\/\/allwindows.eu\/wp-content\/uploads\/2026\/03\/Hero-Szyby.png\" class=\"attachment-large size-large wp-image-88670\" alt=\"\" srcset=\"https:\/\/allwindows.eu\/wp-content\/uploads\/2026\/03\/Hero-Szyby.png 1024w, https:\/\/allwindows.eu\/wp-content\/uploads\/2026\/03\/Hero-Szyby-300x300.png 300w, https:\/\/allwindows.eu\/wp-content\/uploads\/2026\/03\/Hero-Szyby-150x150.png 150w, https:\/\/allwindows.eu\/wp-content\/uploads\/2026\/03\/Hero-Szyby-768x768.png 768w\" sizes=\"(max-width: 1024px) 100vw, 1024px\" \/>\t\t\t\t\t\t\t\t\t\t\t\t\t\t\t<\/div>\n\t\t\t\t<\/div>\n\t\t\t\t<div class=\"elementor-element elementor-element-2a07845 elementor-widget elementor-widget-text-editor\" data-id=\"2a07845\" data-element_type=\"widget\" data-e-type=\"widget\" data-widget_type=\"text-editor.default\">\n\t\t\t\t<div class=\"elementor-widget-container\">\n\t\t\t\t\t\t\t\t\t<p>Skla<\/p>\t\t\t\t\t\t\t\t<\/div>\n\t\t\t\t<\/div>\n\t\t\t\t\t<\/div>\n\t\t<\/div>\n\t\t\t\t<div class=\"make-column-clickable-elementor elementor-column elementor-col-16 elementor-top-column elementor-element elementor-element-5e9d343\" style=\"cursor: pointer;\" data-column-clickable=\"https:\/\/allwindows.eu\/produkty\/akcesoria\/okucia\/\" data-column-clickable-blank=\"_self\" data-id=\"5e9d343\" data-element_type=\"column\" data-e-type=\"column\" data-settings=\"{&quot;background_background&quot;:&quot;classic&quot;}\">\n\t\t\t<div class=\"elementor-widget-wrap elementor-element-populated\">\n\t\t\t\t\t\t<div class=\"elementor-element elementor-element-df662bf elementor-widget elementor-widget-image\" data-id=\"df662bf\" data-element_type=\"widget\" data-e-type=\"widget\" data-widget_type=\"image.default\">\n\t\t\t\t<div class=\"elementor-widget-container\">\n\t\t\t\t\t\t\t\t\t\t\t\t\t\t\t<img decoding=\"async\" width=\"819\" height=\"512\" src=\"https:\/\/allwindows.eu\/wp-content\/uploads\/2026\/03\/Hero-Okucia.png\" class=\"attachment-large size-large wp-image-88671\" alt=\"\" srcset=\"https:\/\/allwindows.eu\/wp-content\/uploads\/2026\/03\/Hero-Okucia.png 819w, https:\/\/allwindows.eu\/wp-content\/uploads\/2026\/03\/Hero-Okucia-300x188.png 300w, https:\/\/allwindows.eu\/wp-content\/uploads\/2026\/03\/Hero-Okucia-768x480.png 768w\" sizes=\"(max-width: 819px) 100vw, 819px\" \/>\t\t\t\t\t\t\t\t\t\t\t\t\t\t\t<\/div>\n\t\t\t\t<\/div>\n\t\t\t\t<div class=\"elementor-element elementor-element-943db35 elementor-widget elementor-widget-text-editor\" data-id=\"943db35\" data-element_type=\"widget\" data-e-type=\"widget\" data-widget_type=\"text-editor.default\">\n\t\t\t\t<div class=\"elementor-widget-container\">\n\t\t\t\t\t\t\t\t\t<p>Kov\u00e1n\u00ed<\/p>\t\t\t\t\t\t\t\t<\/div>\n\t\t\t\t<\/div>\n\t\t\t\t\t<\/div>\n\t\t<\/div>\n\t\t\t\t<div class=\"make-column-clickable-elementor elementor-column elementor-col-16 elementor-top-column elementor-element elementor-element-cf41836\" style=\"cursor: pointer;\" data-column-clickable=\"https:\/\/allwindows.eu\/produkty\/akcesoria\/ramki-dystansowe\/\" data-column-clickable-blank=\"_self\" data-id=\"cf41836\" data-element_type=\"column\" data-e-type=\"column\" data-settings=\"{&quot;background_background&quot;:&quot;classic&quot;}\">\n\t\t\t<div class=\"elementor-widget-wrap elementor-element-populated\">\n\t\t\t\t\t\t<div class=\"elementor-element elementor-element-f345338 elementor-widget elementor-widget-image\" data-id=\"f345338\" data-element_type=\"widget\" data-e-type=\"widget\" data-widget_type=\"image.default\">\n\t\t\t\t<div class=\"elementor-widget-container\">\n\t\t\t\t\t\t\t\t\t\t\t\t\t\t\t<img loading=\"lazy\" decoding=\"async\" width=\"420\" height=\"374\" src=\"https:\/\/allwindows.eu\/wp-content\/uploads\/2026\/03\/Hero-Ramki-dystansowe.png\" class=\"attachment-large size-large wp-image-88672\" alt=\"\" srcset=\"https:\/\/allwindows.eu\/wp-content\/uploads\/2026\/03\/Hero-Ramki-dystansowe.png 420w, https:\/\/allwindows.eu\/wp-content\/uploads\/2026\/03\/Hero-Ramki-dystansowe-300x267.png 300w\" sizes=\"(max-width: 420px) 100vw, 420px\" \/>\t\t\t\t\t\t\t\t\t\t\t\t\t\t\t<\/div>\n\t\t\t\t<\/div>\n\t\t\t\t<div class=\"elementor-element elementor-element-c76b174 elementor-widget elementor-widget-text-editor\" data-id=\"c76b174\" data-element_type=\"widget\" data-e-type=\"widget\" data-widget_type=\"text-editor.default\">\n\t\t\t\t<div class=\"elementor-widget-container\">\n\t\t\t\t\t\t\t\t\t<p>R\u00e1me\u010dky distan\u010dn\u00ed<\/p>\t\t\t\t\t\t\t\t<\/div>\n\t\t\t\t<\/div>\n\t\t\t\t\t<\/div>\n\t\t<\/div>\n\t\t\t\t<div class=\"make-column-clickable-elementor elementor-column elementor-col-16 elementor-top-column elementor-element elementor-element-b6dabb5\" style=\"cursor: pointer;\" data-column-clickable=\"https:\/\/allwindows.eu\/produkty\/akcesoria\/szprosy\/\" data-column-clickable-blank=\"_self\" data-id=\"b6dabb5\" data-element_type=\"column\" data-e-type=\"column\" data-settings=\"{&quot;background_background&quot;:&quot;classic&quot;}\">\n\t\t\t<div class=\"elementor-widget-wrap elementor-element-populated\">\n\t\t\t\t\t\t<div class=\"elementor-element elementor-element-2808ce9 elementor-widget elementor-widget-image\" data-id=\"2808ce9\" data-element_type=\"widget\" data-e-type=\"widget\" data-widget_type=\"image.default\">\n\t\t\t\t<div class=\"elementor-widget-container\">\n\t\t\t\t\t\t\t\t\t\t\t\t\t\t\t<img loading=\"lazy\" decoding=\"async\" width=\"800\" height=\"800\" src=\"https:\/\/allwindows.eu\/wp-content\/uploads\/2026\/03\/Hero-Szprosy.png\" class=\"attachment-large size-large wp-image-88673\" alt=\"\" srcset=\"https:\/\/allwindows.eu\/wp-content\/uploads\/2026\/03\/Hero-Szprosy.png 800w, https:\/\/allwindows.eu\/wp-content\/uploads\/2026\/03\/Hero-Szprosy-300x300.png 300w, https:\/\/allwindows.eu\/wp-content\/uploads\/2026\/03\/Hero-Szprosy-150x150.png 150w, https:\/\/allwindows.eu\/wp-content\/uploads\/2026\/03\/Hero-Szprosy-768x768.png 768w\" sizes=\"(max-width: 800px) 100vw, 800px\" \/>\t\t\t\t\t\t\t\t\t\t\t\t\t\t\t<\/div>\n\t\t\t\t<\/div>\n\t\t\t\t<div class=\"elementor-element elementor-element-b53adf9 elementor-widget elementor-widget-text-editor\" data-id=\"b53adf9\" data-element_type=\"widget\" data-e-type=\"widget\" data-widget_type=\"text-editor.default\">\n\t\t\t\t<div class=\"elementor-widget-container\">\n\t\t\t\t\t\t\t\t\t<p>P\u0159\u00ed\u010dky<\/p>\t\t\t\t\t\t\t\t<\/div>\n\t\t\t\t<\/div>\n\t\t\t\t\t<\/div>\n\t\t<\/div>\n\t\t\t\t<div class=\"make-column-clickable-elementor elementor-column elementor-col-16 elementor-top-column elementor-element elementor-element-2ae630c\" style=\"cursor: pointer;\" data-column-clickable=\"https:\/\/allwindows.eu\/produkty\/akcesoria\/nawiewniki\/\" data-column-clickable-blank=\"_self\" data-id=\"2ae630c\" data-element_type=\"column\" data-e-type=\"column\" data-settings=\"{&quot;background_background&quot;:&quot;classic&quot;}\">\n\t\t\t<div class=\"elementor-widget-wrap elementor-element-populated\">\n\t\t\t\t\t\t<div class=\"elementor-element elementor-element-1fedbbf elementor-widget elementor-widget-image\" data-id=\"1fedbbf\" data-element_type=\"widget\" data-e-type=\"widget\" data-widget_type=\"image.default\">\n\t\t\t\t<div class=\"elementor-widget-container\">\n\t\t\t\t\t\t\t\t\t\t\t\t\t\t\t<img loading=\"lazy\" decoding=\"async\" width=\"1024\" height=\"1024\" src=\"https:\/\/allwindows.eu\/wp-content\/uploads\/2026\/03\/Hero-Nawiewniki.png\" class=\"attachment-large size-large wp-image-88674\" alt=\"\" srcset=\"https:\/\/allwindows.eu\/wp-content\/uploads\/2026\/03\/Hero-Nawiewniki.png 1024w, https:\/\/allwindows.eu\/wp-content\/uploads\/2026\/03\/Hero-Nawiewniki-300x300.png 300w, https:\/\/allwindows.eu\/wp-content\/uploads\/2026\/03\/Hero-Nawiewniki-150x150.png 150w, https:\/\/allwindows.eu\/wp-content\/uploads\/2026\/03\/Hero-Nawiewniki-768x768.png 768w\" sizes=\"(max-width: 1024px) 100vw, 1024px\" \/>\t\t\t\t\t\t\t\t\t\t\t\t\t\t\t<\/div>\n\t\t\t\t<\/div>\n\t\t\t\t<div class=\"elementor-element elementor-element-a8bccc9 elementor-widget elementor-widget-text-editor\" data-id=\"a8bccc9\" data-element_type=\"widget\" data-e-type=\"widget\" data-widget_type=\"text-editor.default\">\n\t\t\t\t<div class=\"elementor-widget-container\">\n\t\t\t\t\t\t\t\t\t<p>V\u011btrac\u00ed \u0161t\u011brbiny<\/p>\t\t\t\t\t\t\t\t<\/div>\n\t\t\t\t<\/div>\n\t\t\t\t\t<\/div>\n\t\t<\/div>\n\t\t\t\t\t<\/div>\n\t\t<\/section>\n\t\t\t\t<\/div>\n\t\t<script>function getWR360PopupSkin(){return 'light_clean';}<\/script>","protected":false},"excerpt":{"rendered":"<p>P\u0159\u00edslu\u0161enstv\u00ed Kliky a madla Skla Kov\u00e1n\u00ed R\u00e1me\u010dky distan\u010dn\u00ed P\u0159\u00ed\u010dky V\u011btrac\u00ed \u0161t\u011brbiny<\/p>\n","protected":false},"author":11,"featured_media":0,"parent":10629,"menu_order":0,"comment_status":"closed","ping_status":"closed","template":"","meta":{"_acf_changed":false,"site-sidebar-layout":"no-sidebar","site-content-layout":"page-builder","ast-site-content-layout":"full-width-container","site-content-style":"default","site-sidebar-style":"default","ast-global-header-display":"","ast-banner-title-visibility":"","ast-main-header-display":"","ast-hfb-above-header-display":"","ast-hfb-below-header-display":"","ast-hfb-mobile-header-display":"","site-post-title":"disabled","ast-breadcrumbs-content":"disabled","ast-featured-img":"disabled","footer-sml-layout":"","theme-transparent-header-meta":"default","adv-header-id-meta":"","stick-header-meta":"","header-above-stick-meta":"","header-main-stick-meta":"","header-below-stick-meta":"","astra-migrate-meta-layouts":"set","ast-page-background-enabled":"default","ast-page-background-meta":{"desktop":{"background-color":"","background-image":"","background-repeat":"repeat","background-position":"center center","background-size":"auto","background-attachment":"scroll","background-type":"","background-media":"","overlay-type":"","overlay-color":"","overlay-opacity":"","overlay-gradient":""},"tablet":{"background-color":"","background-image":"","background-repeat":"repeat","background-position":"center center","background-size":"auto","background-attachment":"scroll","background-type":"","background-media":"","overlay-type":"","overlay-color":"","overlay-opacity":"","overlay-gradient":""},"mobile":{"background-color":"","background-image":"","background-repeat":"repeat","background-position":"center center","background-size":"auto","background-attachment":"scroll","background-type":"","background-media":"","overlay-type":"","overlay-color":"","overlay-opacity":"","overlay-gradient":""}},"ast-content-background-meta":{"desktop":{"background-color":"var(--ast-global-color-5)","background-image":"","background-repeat":"repeat","background-position":"center center","background-size":"auto","background-attachment":"scroll","background-type":"","background-media":"","overlay-type":"","overlay-color":"","overlay-opacity":"","overlay-gradient":""},"tablet":{"background-color":"var(--ast-global-color-5)","background-image":"","background-repeat":"repeat","background-position":"center center","background-size":"auto","background-attachment":"scroll","background-type":"","background-media":"","overlay-type":"","overlay-color":"","overlay-opacity":"","overlay-gradient":""},"mobile":{"background-color":"var(--ast-global-color-5)","background-image":"","background-repeat":"repeat","background-position":"center center","background-size":"auto","background-attachment":"scroll","background-type":"","background-media":"","overlay-type":"","overlay-color":"","overlay-opacity":"","overlay-gradient":""}},"footnotes":""},"class_list":["post-88699","page","type-page","status-publish","hentry"],"acf":[],"yoast_head":"<!-- This site is optimized with the Yoast SEO plugin v27.1.1 - https:\/\/yoast.com\/product\/yoast-seo-wordpress\/ -->\n<title>P\u0159\u00edslu\u0161enstv\u00ed - All Windows Group | Polski Producent Okien, Drzwi, Rolet i Bram<\/title>\n<meta name=\"robots\" content=\"index, follow, max-snippet:-1, max-image-preview:large, max-video-preview:-1\" \/>\n<link rel=\"canonical\" href=\"https:\/\/allwindows.eu\/cs\/produkty\/prislusenstvi\/\" \/>\n<meta property=\"og:locale\" content=\"cs_CZ\" \/>\n<meta property=\"og:type\" content=\"article\" \/>\n<meta property=\"og:title\" content=\"P\u0159\u00edslu\u0161enstv\u00ed - All Windows Group | Polski Producent Okien, Drzwi, Rolet i Bram\" \/>\n<meta property=\"og:description\" content=\"P\u0159\u00edslu\u0161enstv\u00ed Kliky a madla Skla Kov\u00e1n\u00ed R\u00e1me\u010dky distan\u010dn\u00ed P\u0159\u00ed\u010dky V\u011btrac\u00ed \u0161t\u011brbiny\" \/>\n<meta property=\"og:url\" content=\"https:\/\/allwindows.eu\/cs\/produkty\/prislusenstvi\/\" \/>\n<meta property=\"og:site_name\" content=\"All Windows Group | Polski Producent Okien, Drzwi, Rolet i Bram\" \/>\n<meta property=\"article:publisher\" content=\"https:\/\/www.facebook.com\/AllWindowsGroup?locale=pl_PL\" \/>\n<meta property=\"article:modified_time\" content=\"2026-04-08T11:49:35+00:00\" \/>\n<meta property=\"og:image\" content=\"https:\/\/allwindows.eu\/wp-content\/uploads\/2026\/03\/Hero-Klamki-i-pochwyty.png\" \/>\n<meta name=\"twitter:card\" content=\"summary_large_image\" \/>\n<meta name=\"twitter:label1\" content=\"Odhadovan\u00e1 doba \u010dten\u00ed\" \/>\n\t<meta name=\"twitter:data1\" content=\"2 minuty\" \/>\n<script type=\"application\/ld+json\" class=\"yoast-schema-graph\">{\"@context\":\"https:\/\/schema.org\",\"@graph\":[{\"@type\":\"WebPage\",\"@id\":\"https:\/\/allwindows.eu\/cs\/produkty\/prislusenstvi\/\",\"url\":\"https:\/\/allwindows.eu\/cs\/produkty\/prislusenstvi\/\",\"name\":\"P\u0159\u00edslu\u0161enstv\u00ed - All Windows Group | Polski Producent Okien, Drzwi, Rolet i Bram\",\"isPartOf\":{\"@id\":\"https:\/\/allwindows.eu\/cs\/#website\"},\"primaryImageOfPage\":{\"@id\":\"https:\/\/allwindows.eu\/cs\/produkty\/prislusenstvi\/#primaryimage\"},\"image\":{\"@id\":\"https:\/\/allwindows.eu\/cs\/produkty\/prislusenstvi\/#primaryimage\"},\"thumbnailUrl\":\"https:\/\/allwindows.eu\/wp-content\/uploads\/2026\/03\/Hero-Klamki-i-pochwyty.png\",\"datePublished\":\"2026-03-26T22:32:29+00:00\",\"dateModified\":\"2026-04-08T11:49:35+00:00\",\"breadcrumb\":{\"@id\":\"https:\/\/allwindows.eu\/cs\/produkty\/prislusenstvi\/#breadcrumb\"},\"inLanguage\":\"cs\",\"potentialAction\":[{\"@type\":\"ReadAction\",\"target\":[\"https:\/\/allwindows.eu\/cs\/produkty\/prislusenstvi\/\"]}]},{\"@type\":\"ImageObject\",\"inLanguage\":\"cs\",\"@id\":\"https:\/\/allwindows.eu\/cs\/produkty\/prislusenstvi\/#primaryimage\",\"url\":\"https:\/\/allwindows.eu\/wp-content\/uploads\/2026\/03\/Hero-Klamki-i-pochwyty.png\",\"contentUrl\":\"https:\/\/allwindows.eu\/wp-content\/uploads\/2026\/03\/Hero-Klamki-i-pochwyty.png\"},{\"@type\":\"BreadcrumbList\",\"@id\":\"https:\/\/allwindows.eu\/cs\/produkty\/prislusenstvi\/#breadcrumb\",\"itemListElement\":[{\"@type\":\"ListItem\",\"position\":1,\"name\":\"Domov\",\"item\":\"https:\/\/allwindows.eu\/cs\/\"},{\"@type\":\"ListItem\",\"position\":2,\"name\":\"Produkty\",\"item\":\"https:\/\/allwindows.eu\/cs\/produkty\/\"},{\"@type\":\"ListItem\",\"position\":3,\"name\":\"P\u0159\u00edslu\u0161enstv\u00ed\"}]},{\"@type\":\"WebSite\",\"@id\":\"https:\/\/allwindows.eu\/cs\/#website\",\"url\":\"https:\/\/allwindows.eu\/cs\/\",\"name\":\"All Windows Group | Polski Producent Okien, Drzwi, Rolet i Bram\",\"description\":\"Polski Producent Okien, Drzwi, Rolet i Bram\",\"publisher\":{\"@id\":\"https:\/\/allwindows.eu\/cs\/#organization\"},\"potentialAction\":[{\"@type\":\"SearchAction\",\"target\":{\"@type\":\"EntryPoint\",\"urlTemplate\":\"https:\/\/allwindows.eu\/cs\/?s={search_term_string}\"},\"query-input\":{\"@type\":\"PropertyValueSpecification\",\"valueRequired\":true,\"valueName\":\"search_term_string\"}}],\"inLanguage\":\"cs\"},{\"@type\":\"Organization\",\"@id\":\"https:\/\/allwindows.eu\/cs\/#organization\",\"name\":\"All Windows Group | Polski Producent Okien, Drzwi, Rolet i Bram\",\"url\":\"https:\/\/allwindows.eu\/cs\/\",\"logo\":{\"@type\":\"ImageObject\",\"inLanguage\":\"cs\",\"@id\":\"https:\/\/allwindows.eu\/cs\/#\/schema\/logo\/image\/\",\"url\":\"https:\/\/allwindows.eu\/wp-content\/uploads\/2022\/05\/cropped-Logo_All-Windows_poziom.png\",\"contentUrl\":\"https:\/\/allwindows.eu\/wp-content\/uploads\/2022\/05\/cropped-Logo_All-Windows_poziom.png\",\"width\":2115,\"height\":551,\"caption\":\"All Windows Group | Polski Producent Okien, Drzwi, Rolet i Bram\"},\"image\":{\"@id\":\"https:\/\/allwindows.eu\/cs\/#\/schema\/logo\/image\/\"},\"sameAs\":[\"https:\/\/www.facebook.com\/AllWindowsGroup?locale=pl_PL\",\"https:\/\/www.linkedin.com\/company\/allwindowsgroup\/\",\"https:\/\/www.instagram.com\/allwindowsgroup\/\"]}]}<\/script>\n<!-- \/ Yoast SEO plugin. -->","yoast_head_json":{"title":"P\u0159\u00edslu\u0161enstv\u00ed - All Windows Group | Polski Producent Okien, Drzwi, Rolet i Bram","robots":{"index":"index","follow":"follow","max-snippet":"max-snippet:-1","max-image-preview":"max-image-preview:large","max-video-preview":"max-video-preview:-1"},"canonical":"https:\/\/allwindows.eu\/cs\/produkty\/prislusenstvi\/","og_locale":"cs_CZ","og_type":"article","og_title":"P\u0159\u00edslu\u0161enstv\u00ed - All Windows Group | Polski Producent Okien, Drzwi, Rolet i Bram","og_description":"P\u0159\u00edslu\u0161enstv\u00ed Kliky a madla Skla Kov\u00e1n\u00ed R\u00e1me\u010dky distan\u010dn\u00ed P\u0159\u00ed\u010dky V\u011btrac\u00ed \u0161t\u011brbiny","og_url":"https:\/\/allwindows.eu\/cs\/produkty\/prislusenstvi\/","og_site_name":"All Windows Group | Polski Producent Okien, Drzwi, Rolet i Bram","article_publisher":"https:\/\/www.facebook.com\/AllWindowsGroup?locale=pl_PL","article_modified_time":"2026-04-08T11:49:35+00:00","og_image":[{"url":"https:\/\/allwindows.eu\/wp-content\/uploads\/2026\/03\/Hero-Klamki-i-pochwyty.png","type":"","width":"","height":""}],"twitter_card":"summary_large_image","twitter_misc":{"Odhadovan\u00e1 doba \u010dten\u00ed":"2 minuty"},"schema":{"@context":"https:\/\/schema.org","@graph":[{"@type":"WebPage","@id":"https:\/\/allwindows.eu\/cs\/produkty\/prislusenstvi\/","url":"https:\/\/allwindows.eu\/cs\/produkty\/prislusenstvi\/","name":"P\u0159\u00edslu\u0161enstv\u00ed - All Windows Group | Polski Producent Okien, Drzwi, Rolet i Bram","isPartOf":{"@id":"https:\/\/allwindows.eu\/cs\/#website"},"primaryImageOfPage":{"@id":"https:\/\/allwindows.eu\/cs\/produkty\/prislusenstvi\/#primaryimage"},"image":{"@id":"https:\/\/allwindows.eu\/cs\/produkty\/prislusenstvi\/#primaryimage"},"thumbnailUrl":"https:\/\/allwindows.eu\/wp-content\/uploads\/2026\/03\/Hero-Klamki-i-pochwyty.png","datePublished":"2026-03-26T22:32:29+00:00","dateModified":"2026-04-08T11:49:35+00:00","breadcrumb":{"@id":"https:\/\/allwindows.eu\/cs\/produkty\/prislusenstvi\/#breadcrumb"},"inLanguage":"cs","potentialAction":[{"@type":"ReadAction","target":["https:\/\/allwindows.eu\/cs\/produkty\/prislusenstvi\/"]}]},{"@type":"ImageObject","inLanguage":"cs","@id":"https:\/\/allwindows.eu\/cs\/produkty\/prislusenstvi\/#primaryimage","url":"https:\/\/allwindows.eu\/wp-content\/uploads\/2026\/03\/Hero-Klamki-i-pochwyty.png","contentUrl":"https:\/\/allwindows.eu\/wp-content\/uploads\/2026\/03\/Hero-Klamki-i-pochwyty.png"},{"@type":"BreadcrumbList","@id":"https:\/\/allwindows.eu\/cs\/produkty\/prislusenstvi\/#breadcrumb","itemListElement":[{"@type":"ListItem","position":1,"name":"Domov","item":"https:\/\/allwindows.eu\/cs\/"},{"@type":"ListItem","position":2,"name":"Produkty","item":"https:\/\/allwindows.eu\/cs\/produkty\/"},{"@type":"ListItem","position":3,"name":"P\u0159\u00edslu\u0161enstv\u00ed"}]},{"@type":"WebSite","@id":"https:\/\/allwindows.eu\/cs\/#website","url":"https:\/\/allwindows.eu\/cs\/","name":"All Windows Group | Polski Producent Okien, Drzwi, Rolet i Bram","description":"Polski Producent Okien, Drzwi, Rolet i Bram","publisher":{"@id":"https:\/\/allwindows.eu\/cs\/#organization"},"potentialAction":[{"@type":"SearchAction","target":{"@type":"EntryPoint","urlTemplate":"https:\/\/allwindows.eu\/cs\/?s={search_term_string}"},"query-input":{"@type":"PropertyValueSpecification","valueRequired":true,"valueName":"search_term_string"}}],"inLanguage":"cs"},{"@type":"Organization","@id":"https:\/\/allwindows.eu\/cs\/#organization","name":"All Windows Group | Polski Producent Okien, Drzwi, Rolet i Bram","url":"https:\/\/allwindows.eu\/cs\/","logo":{"@type":"ImageObject","inLanguage":"cs","@id":"https:\/\/allwindows.eu\/cs\/#\/schema\/logo\/image\/","url":"https:\/\/allwindows.eu\/wp-content\/uploads\/2022\/05\/cropped-Logo_All-Windows_poziom.png","contentUrl":"https:\/\/allwindows.eu\/wp-content\/uploads\/2022\/05\/cropped-Logo_All-Windows_poziom.png","width":2115,"height":551,"caption":"All Windows Group | Polski Producent Okien, Drzwi, Rolet i Bram"},"image":{"@id":"https:\/\/allwindows.eu\/cs\/#\/schema\/logo\/image\/"},"sameAs":["https:\/\/www.facebook.com\/AllWindowsGroup?locale=pl_PL","https:\/\/www.linkedin.com\/company\/allwindowsgroup\/","https:\/\/www.instagram.com\/allwindowsgroup\/"]}]}},"_links":{"self":[{"href":"https:\/\/allwindows.eu\/cs\/wp-json\/wp\/v2\/pages\/88699","targetHints":{"allow":["GET"]}}],"collection":[{"href":"https:\/\/allwindows.eu\/cs\/wp-json\/wp\/v2\/pages"}],"about":[{"href":"https:\/\/allwindows.eu\/cs\/wp-json\/wp\/v2\/types\/page"}],"author":[{"embeddable":true,"href":"https:\/\/allwindows.eu\/cs\/wp-json\/wp\/v2\/users\/11"}],"replies":[{"embeddable":true,"href":"https:\/\/allwindows.eu\/cs\/wp-json\/wp\/v2\/comments?post=88699"}],"version-history":[{"count":3,"href":"https:\/\/allwindows.eu\/cs\/wp-json\/wp\/v2\/pages\/88699\/revisions"}],"predecessor-version":[{"id":89350,"href":"https:\/\/allwindows.eu\/cs\/wp-json\/wp\/v2\/pages\/88699\/revisions\/89350"}],"up":[{"embeddable":true,"href":"https:\/\/allwindows.eu\/cs\/wp-json\/wp\/v2\/pages\/10629"}],"wp:attachment":[{"href":"https:\/\/allwindows.eu\/cs\/wp-json\/wp\/v2\/media?parent=88699"}],"curies":[{"name":"wp","href":"https:\/\/api.w.org\/{rel}","templated":true}]}}