{"id":19037,"date":"2022-12-01T07:08:50","date_gmt":"2022-12-01T06:08:50","guid":{"rendered":"https:\/\/allwindows.eu\/politika-cookies\/"},"modified":"2023-01-12T13:42:58","modified_gmt":"2023-01-12T12:42:58","slug":"politika-cookies","status":"publish","type":"page","link":"https:\/\/allwindows.eu\/cs\/politika-cookies\/","title":{"rendered":"Politika cookies"},"content":{"rendered":"\t\t<div data-elementor-type=\"wp-page\" data-elementor-id=\"19037\" class=\"elementor elementor-19037 elementor-18980\" data-elementor-post-type=\"page\">\n\t\t\t\t\t\t<section class=\"elementor-section elementor-top-section elementor-element elementor-element-2030a4a elementor-section-boxed elementor-section-height-default elementor-section-height-default\" data-id=\"2030a4a\" data-element_type=\"section\" data-e-type=\"section\">\n\t\t\t\t\t\t<div class=\"elementor-container elementor-column-gap-default\">\n\t\t\t\t\t<div class=\"elementor-column elementor-col-100 elementor-top-column elementor-element elementor-element-deac9a7\" data-id=\"deac9a7\" data-element_type=\"column\" data-e-type=\"column\">\n\t\t\t<div class=\"elementor-widget-wrap elementor-element-populated\">\n\t\t\t\t\t\t<div class=\"elementor-element elementor-element-6dcea12 elementor-widget elementor-widget-text-editor\" data-id=\"6dcea12\" data-element_type=\"widget\" data-e-type=\"widget\" data-widget_type=\"text-editor.default\">\n\t\t\t\t<div class=\"elementor-widget-container\">\n\t\t\t\t\t\t\t\t\t<center><h3><strong>POLITIKA COOKIES<\/strong><\/h3><\/center>\n<ol>\n \t<li>All Windows Group Spole\u010dnost s ru\u010den\u00edm omezen\u00fdm se s\u00eddlem v Nyse,, ul. Karpacka6, 48-303 Nysa, zapsan\u00e1 v rejst\u0159\u00edku podnikatel\u016f N\u00e1rodn\u00edho soudn\u00edho rejst\u0159\u00edku pod \u010d. KRS: 0000345467, jeho\u017e dokumentace je ulo\u017een\u00e1 u Okresn\u00edho soudu v Opole VIII Ekonomick\u00e9 odd\u011blen\u00ed N\u00e1rodn\u00edho soudn\u00edho rejst\u0159\u00edku, NIP: 7531608850, REGON: 531212343, jako vlastn\u00edk a provozovatel Servisu pod dom\u00e9nou www.<a href=\"https:\/\/allwindows.eu\/cs\/\">allwindows.eu<\/a> (d\u00e1le zvan\u00e9ho \u201eServisem\u201d) a jako Spr\u00e1vce osobn\u00edch \u00fadaj\u016f shrom\u00e1\u017ed\u011bn\u00fdch prost\u0159ednictv\u00edm webov\u00fdch str\u00e1nek n\u00ed\u017ee uv\u00e1d\u00ed informace o pou\u017e\u00edv\u00e1n\u00ed a vyu\u017eit\u00ed na webov\u00fdch str\u00e1nk\u00e1ch soubor\u016f cookies tzv. \u201esu\u0161enka\u201d.<\/li>\n \t<li>Webov\u00e9 str\u00e1nky automaticky neshroma\u017e\u010fuj\u00ed \u017e\u00e1dn\u00e9 informace, s v\u00fdjimkou informac\u00ed obsa\u017een\u00fdch v souborech cookies.<\/li>\n \t<li>Soubory cookies jsou IT data, zejm\u00e9na textov\u00e9 soubory, kter\u00e9 jsou ulo\u017eeny na koncov\u00e9m za\u0159\u00edzen\u00ed U\u017eivatele Servisu i jsou ur\u010deny k pou\u017e\u00edv\u00e1n\u00ed webov\u00fdch str\u00e1nek. Cookies obvykle obsahuj\u00ed n\u00e1zev webov\u00e9 str\u00e1nky, ze kter\u00e9 poch\u00e1zej\u00ed, dobu jejich ulo\u017een\u00ed na koncov\u00e9m za\u0159\u00edzen\u00ed a unik\u00e1tn\u00ed \u010d\u00edslo.<\/li>\n \t<li>Subjektem, kter\u00fd um\u00eds\u0165uje soubory cookie na koncov\u00e9 za\u0159\u00edzen\u00ed u\u017eivatele webov\u00fdch str\u00e1nek a p\u0159istupuje k nim, je provozovatel webov\u00fdch str\u00e1nek &#8211; All Windows Group Spole\u010dnost s ru\u010den\u00edm omezen\u00fdm se s\u00eddlem v Nyse, ul. Karpacka6, 48-303 Nysa.<\/li>\n \t<li>Soubory cookies se pou\u017e\u00edvaj\u00ed k p\u0159izp\u016fsoben\u00ed obsahu Webov\u00fdch str\u00e1nek preferenc\u00edm U\u017eivatele a k optimalizaci pou\u017e\u00edv\u00e1n\u00ed Webov\u00fdch str\u00e1nek; tyto soubory zejm\u00e9na umo\u017e\u0148uj\u00ed rozpoznat za\u0159\u00edzen\u00ed u\u017eivatele webov\u00fdch str\u00e1nek a spr\u00e1vn\u011b zobrazit webov\u00e9 str\u00e1nky p\u0159izp\u016fsoben\u00e9 jeho individu\u00e1ln\u00edm pot\u0159eb\u00e1m a vytv\u00e1\u0159et statistiky, kter\u00e9 pom\u00e1haj\u00ed pochopit, jak u\u017eivatel\u00e9 webov\u00fdch str\u00e1nek pou\u017e\u00edvaj\u00ed webov\u00e9 str\u00e1nky, co\u017e umo\u017e\u0148uje zlep\u0161it jejich strukturu a obsah.<\/li>\n \t<li>Web pou\u017e\u00edv\u00e1 dva z\u00e1kladn\u00ed typy soubor\u016f cookies: \u201erela\u010dn\u00ed\u201d (<em>session cookies<\/em>) a \u201etrval\u00e9\u201d (<em>persistent cookies<\/em>). Cookies \u201erela\u010dn\u00ed\u201d jsou do\u010dasn\u00e9 soubory, kter\u00e9 se ukl\u00e1daj\u00ed na koncov\u00e9m za\u0159\u00edzen\u00ed u\u017eivatele a\u017e do odhl\u00e1\u0161en\u00ed, opu\u0161t\u011bn\u00ed webov\u00e9 str\u00e1nky nebo vypnut\u00ed softwaru (webov\u00e9ho prohl\u00ed\u017ee\u010de). \u201eTrval\u00e9\u201d soubory cookie jsou ulo\u017eeny v koncov\u00e9m za\u0159\u00edzen\u00ed u\u017eivatele po dobu uvedenou v parametrech soubor\u016f cookie nebo do doby, ne\u017e je u\u017eivatel sma\u017ee.<\/li>\n \t<li>Krom\u011b toho se na webov\u00fdch str\u00e1nk\u00e1ch pou\u017e\u00edvaj\u00ed n\u00e1sleduj\u00edc\u00ed typy soubor\u016f cookie:\n<ol>\n \t<li>,,nezbytn\u00e9\u201d soubory cookie, kter\u00e9 umo\u017e\u0148uj\u00ed pou\u017e\u00edv\u00e1n\u00ed slu\u017eeb dostupn\u00fdch na webu, nap\u0159. autentiza\u010dn\u00ed soubory cookie pou\u017e\u00edvan\u00e9 pro slu\u017eby, kter\u00e9 vy\u017eaduj\u00ed ov\u011b\u0159en\u00ed na webu;<\/li>\n \t<li>cookies pou\u017e\u00edvan\u00e9 k zaji\u0161t\u011bn\u00ed bezpe\u010dnosti, nap\u0159. pou\u017e\u00edvan\u00e9 k odhalov\u00e1n\u00ed podvod\u016f v oblasti autentizace v r\u00e1mci webov\u00e9 str\u00e1nky;<\/li>\n \t<li>\u201ev\u00fdkonnostn\u00ed\u201d soubory cookies, umo\u017e\u0148uj\u00edc\u00ed shroma\u017e\u010fov\u00e1n\u00ed informac\u00ed o sp\u016fsobu pou\u017e\u00edv\u00e1n\u00ed webov\u00fdch str\u00e1nek;<\/li>\n \t<li>\u201efunk\u010dn\u00ed\u201d soubory cookie, umo\u017e\u0148uj\u00edc\u00ed zapamatov\u00e1n\u00ed nastaven\u00ed zvolen\u00e9ho u\u017eivatelem a personalizaci u\u017eivatelsk\u00e9ho rozhran\u00ed, nap\u0159. z hlediska zvolen\u00e9ho jazyka nebo regionu u\u017eivatele, velikosti p\u00edsma, vzhledu webov\u00fdch str\u00e1nek atd.;<\/li>\n \t<li>\u201ereklamn\u00ed\u201d soubory cookie, kter\u00e9 u\u017eivatel\u016fm umo\u017e\u0148uj\u00ed poskytovat reklamn\u00ed obsah p\u0159izp\u016fsoben\u00fd jejich z\u00e1jm\u016fm.<\/li>\n<\/ol>\n<\/li>\n \t<li>Pr\u00e1vn\u00edm z\u00e1kladem pro shroma\u017e\u010fov\u00e1n\u00ed osobn\u00edch \u00fadaj\u016f na\u010dten\u00fdch z \u201ecookies\u201c je \u010dl. 6 odst.. 1 p\u00edsm. (f) GDPR., umo\u017e\u0148uj\u00edc\u00ed zpracov\u00e1n\u00ed osobn\u00edch \u00fadaj\u016f k dosa\u017een\u00ed opr\u00e1vn\u011bn\u00e9ho \u00fa\u010delu spr\u00e1vce \u00fadaj\u016f. Takov\u00fdm c\u00edlem je p\u0159izp\u016fsobit webov\u00e9 str\u00e1nky individu\u00e1ln\u00edm nastaven\u00edm u\u017eivatele a pamatovat si u\u017eivatelem zadan\u00e9 \u00fadaje souvisej\u00edc\u00ed s pou\u017e\u00edv\u00e1n\u00edm webov\u00fdch str\u00e1nek, jako\u017e i prov\u00e1d\u011bt statistick\u00e9 anal\u00fdzy t\u00fdkaj\u00edc\u00ed se u\u017eivatel\u016f a n\u00e1v\u0161t\u011bvn\u00edk\u016f webov\u00fdch str\u00e1nek pro pot\u0159eby spr\u00e1vce webov\u00fdch str\u00e1nek.<\/li>\n \t<li>Software pou\u017e\u00edvan\u00fd k prohl\u00ed\u017een\u00ed webov\u00fdch str\u00e1nek (webov\u00fd prohl\u00ed\u017ee\u010d) v mnoha p\u0159\u00edpadech standardn\u011b umo\u017e\u0148uje ukl\u00e1d\u00e1n\u00ed soubor\u016f cookies na koncov\u00e9m za\u0159\u00edzen\u00ed U\u017eivatele. U\u017eivatel\u00e9 webov\u00fdch str\u00e1nek mohou sv\u00e9 nastaven\u00ed soubor\u016f cookie kdykoli zm\u011bnit. Tato nastaven\u00ed lze zm\u011bnit zejm\u00e9na tak, aby bylo zablokov\u00e1no automatick\u00e9 ovl\u00e1d\u00e1n\u00ed soubor\u016f cookies v nastaven\u00ed webov\u00e9ho prohl\u00ed\u017ee\u010de nebo o nich bylo informov\u00e1no p\u0159i ka\u017ed\u00e9m jejich um\u00edst\u011bn\u00ed na za\u0159\u00edzen\u00ed U\u017eivatele Webu. Podrobn\u00e9 informace o mo\u017enostech a zp\u016fsobech ovl\u00e1d\u00e1n\u00ed soubor\u016f cookies jsou k dispozici v nastaven\u00ed softwaru (webov\u00e9ho prohl\u00ed\u017ee\u010de).<\/li>\n \t<li>U\u017eivatel\u00e9 webov\u00fdch str\u00e1nek mohou tak\u00e9 p\u0159istupovat k soubor\u016fm ulo\u017een\u00fdm na jejich za\u0159\u00edzen\u00ed anal\u00fdzou obsahu soubor\u016f \u201ecookies\u201c pomoc\u00ed nastaven\u00ed webov\u00e9ho prohl\u00ed\u017ee\u010de. Prost\u0159ednictv\u00edm nastaven\u00ed prohl\u00ed\u017ee\u010de mohou u\u017eivatel\u00e9 webov\u00fdch str\u00e1nek tak\u00e9 kdykoli smazat soubory ulo\u017een\u00e9 na jejich za\u0159\u00edzen\u00edch.<\/li>\n \t<li>Provozovatel webu informuje, \u017ee omezen\u00ed pou\u017e\u00edv\u00e1n\u00ed soubor\u016f cookie m\u016f\u017ee ovlivnit n\u011bkter\u00e9 funkce dostupn\u00e9 na webov\u00fdch str\u00e1nk\u00e1ch.<\/li>\n \t<li>Soubory cookie um\u00edst\u011bn\u00e9 na koncov\u00e9m za\u0159\u00edzen\u00ed U\u017eivatele Webu mohou vyu\u017e\u00edvat tak\u00e9 inzerenti a partne\u0159i spolupracuj\u00edc\u00ed s provozovatelem Webu.<\/li>\n \t<li>Dal\u0161\u00ed informace o souborech cookie jsou k dispozici na https:\/\/recruitment.academy\/cz\/pravidla-pro-pouzivani-cookies nebo v \u010d\u00e1sti \u201eN\u00e1pov\u011bda\u201c v nab\u00eddce webov\u00e9ho prohl\u00ed\u017ee\u010de.<\/li>\n<\/ol>\t\t\t\t\t\t\t\t<\/div>\n\t\t\t\t<\/div>\n\t\t\t\t\t<\/div>\n\t\t<\/div>\n\t\t\t\t\t<\/div>\n\t\t<\/section>\n\t\t\t\t<\/div>\n\t\t<script>function getWR360PopupSkin(){return 'light_clean';}<\/script>","protected":false},"excerpt":{"rendered":"<p>POLITIKA COOKIES All Windows Group Spole\u010dnost s ru\u010den\u00edm omezen\u00fdm se s\u00eddlem v Nyse,, ul. Karpacka6, 48-303 Nysa, zapsan\u00e1 v rejst\u0159\u00edku podnikatel\u016f N\u00e1rodn\u00edho soudn\u00edho rejst\u0159\u00edku pod \u010d. KRS: 0000345467, jeho\u017e dokumentace je ulo\u017een\u00e1 u Okresn\u00edho soudu v Opole VIII Ekonomick\u00e9 odd\u011blen\u00ed N\u00e1rodn\u00edho soudn\u00edho rejst\u0159\u00edku, NIP: 7531608850, REGON: 531212343, jako vlastn\u00edk a provozovatel Servisu pod dom\u00e9nou www.allwindows.eu [&hellip;]<\/p>\n","protected":false},"author":2,"featured_media":0,"parent":0,"menu_order":0,"comment_status":"closed","ping_status":"closed","template":"","meta":{"_acf_changed":false,"site-sidebar-layout":"no-sidebar","site-content-layout":"page-builder","ast-site-content-layout":"","site-content-style":"default","site-sidebar-style":"default","ast-global-header-display":"","ast-banner-title-visibility":"","ast-main-header-display":"","ast-hfb-above-header-display":"","ast-hfb-below-header-display":"","ast-hfb-mobile-header-display":"","site-post-title":"disabled","ast-breadcrumbs-content":"","ast-featured-img":"disabled","footer-sml-layout":"","theme-transparent-header-meta":"default","adv-header-id-meta":"","stick-header-meta":"default","header-above-stick-meta":"","header-main-stick-meta":"","header-below-stick-meta":"","astra-migrate-meta-layouts":"default","ast-page-background-enabled":"default","ast-page-background-meta":{"desktop":{"background-color":"","background-image":"","background-repeat":"repeat","background-position":"center center","background-size":"auto","background-attachment":"scroll","background-type":"","background-media":"","overlay-type":"","overlay-color":"","overlay-opacity":"","overlay-gradient":""},"tablet":{"background-color":"","background-image":"","background-repeat":"repeat","background-position":"center center","background-size":"auto","background-attachment":"scroll","background-type":"","background-media":"","overlay-type":"","overlay-color":"","overlay-opacity":"","overlay-gradient":""},"mobile":{"background-color":"","background-image":"","background-repeat":"repeat","background-position":"center center","background-size":"auto","background-attachment":"scroll","background-type":"","background-media":"","overlay-type":"","overlay-color":"","overlay-opacity":"","overlay-gradient":""}},"ast-content-background-meta":{"desktop":{"background-color":"var(--ast-global-color-5)","background-image":"","background-repeat":"repeat","background-position":"center center","background-size":"auto","background-attachment":"scroll","background-type":"","background-media":"","overlay-type":"","overlay-color":"","overlay-opacity":"","overlay-gradient":""},"tablet":{"background-color":"var(--ast-global-color-5)","background-image":"","background-repeat":"repeat","background-position":"center center","background-size":"auto","background-attachment":"scroll","background-type":"","background-media":"","overlay-type":"","overlay-color":"","overlay-opacity":"","overlay-gradient":""},"mobile":{"background-color":"var(--ast-global-color-5)","background-image":"","background-repeat":"repeat","background-position":"center center","background-size":"auto","background-attachment":"scroll","background-type":"","background-media":"","overlay-type":"","overlay-color":"","overlay-opacity":"","overlay-gradient":""}},"footnotes":""},"class_list":["post-19037","page","type-page","status-publish","hentry"],"acf":[],"yoast_head":"<!-- This site is optimized with the Yoast SEO plugin v27.1.1 - https:\/\/yoast.com\/product\/yoast-seo-wordpress\/ -->\n<title>Politika cookies - All Windows Group | Polski Producent Okien, Drzwi, Rolet i Bram<\/title>\n<meta name=\"robots\" content=\"index, follow, max-snippet:-1, max-image-preview:large, max-video-preview:-1\" \/>\n<link rel=\"canonical\" href=\"https:\/\/allwindows.eu\/cs\/politika-cookies\/\" \/>\n<meta property=\"og:locale\" content=\"cs_CZ\" \/>\n<meta property=\"og:type\" content=\"article\" \/>\n<meta property=\"og:title\" content=\"Politika cookies - All Windows Group | Polski Producent Okien, Drzwi, Rolet i Bram\" \/>\n<meta property=\"og:description\" content=\"POLITIKA COOKIES All Windows Group Spole\u010dnost s ru\u010den\u00edm omezen\u00fdm se s\u00eddlem v Nyse,, ul. Karpacka6, 48-303 Nysa, zapsan\u00e1 v rejst\u0159\u00edku podnikatel\u016f N\u00e1rodn\u00edho soudn\u00edho rejst\u0159\u00edku pod \u010d. KRS: 0000345467, jeho\u017e dokumentace je ulo\u017een\u00e1 u Okresn\u00edho soudu v Opole VIII Ekonomick\u00e9 odd\u011blen\u00ed N\u00e1rodn\u00edho soudn\u00edho rejst\u0159\u00edku, NIP: 7531608850, REGON: 531212343, jako vlastn\u00edk a provozovatel Servisu pod dom\u00e9nou www.allwindows.eu [&hellip;]\" \/>\n<meta property=\"og:url\" content=\"https:\/\/allwindows.eu\/cs\/politika-cookies\/\" \/>\n<meta property=\"og:site_name\" content=\"All Windows Group | Polski Producent Okien, Drzwi, Rolet i Bram\" \/>\n<meta property=\"article:publisher\" content=\"https:\/\/www.facebook.com\/AllWindowsGroup?locale=pl_PL\" \/>\n<meta property=\"article:modified_time\" content=\"2023-01-12T12:42:58+00:00\" \/>\n<meta name=\"twitter:card\" content=\"summary_large_image\" \/>\n<meta name=\"twitter:label1\" content=\"Odhadovan\u00e1 doba \u010dten\u00ed\" \/>\n\t<meta name=\"twitter:data1\" content=\"5 minut\" \/>\n<script type=\"application\/ld+json\" class=\"yoast-schema-graph\">{\"@context\":\"https:\/\/schema.org\",\"@graph\":[{\"@type\":\"WebPage\",\"@id\":\"https:\/\/allwindows.eu\/cs\/politika-cookies\/\",\"url\":\"https:\/\/allwindows.eu\/cs\/politika-cookies\/\",\"name\":\"Politika cookies - All Windows Group | Polski Producent Okien, Drzwi, Rolet i Bram\",\"isPartOf\":{\"@id\":\"https:\/\/allwindows.eu\/cs\/#website\"},\"datePublished\":\"2022-12-01T06:08:50+00:00\",\"dateModified\":\"2023-01-12T12:42:58+00:00\",\"breadcrumb\":{\"@id\":\"https:\/\/allwindows.eu\/cs\/politika-cookies\/#breadcrumb\"},\"inLanguage\":\"cs\",\"potentialAction\":[{\"@type\":\"ReadAction\",\"target\":[\"https:\/\/allwindows.eu\/cs\/politika-cookies\/\"]}]},{\"@type\":\"BreadcrumbList\",\"@id\":\"https:\/\/allwindows.eu\/cs\/politika-cookies\/#breadcrumb\",\"itemListElement\":[{\"@type\":\"ListItem\",\"position\":1,\"name\":\"Domov\",\"item\":\"https:\/\/allwindows.eu\/cs\/\"},{\"@type\":\"ListItem\",\"position\":2,\"name\":\"Politika cookies\"}]},{\"@type\":\"WebSite\",\"@id\":\"https:\/\/allwindows.eu\/cs\/#website\",\"url\":\"https:\/\/allwindows.eu\/cs\/\",\"name\":\"All Windows Group | Polski Producent Okien, Drzwi, Rolet i Bram\",\"description\":\"Polski Producent Okien, Drzwi, Rolet i Bram\",\"publisher\":{\"@id\":\"https:\/\/allwindows.eu\/cs\/#organization\"},\"potentialAction\":[{\"@type\":\"SearchAction\",\"target\":{\"@type\":\"EntryPoint\",\"urlTemplate\":\"https:\/\/allwindows.eu\/cs\/?s={search_term_string}\"},\"query-input\":{\"@type\":\"PropertyValueSpecification\",\"valueRequired\":true,\"valueName\":\"search_term_string\"}}],\"inLanguage\":\"cs\"},{\"@type\":\"Organization\",\"@id\":\"https:\/\/allwindows.eu\/cs\/#organization\",\"name\":\"All Windows Group | Polski Producent Okien, Drzwi, Rolet i Bram\",\"url\":\"https:\/\/allwindows.eu\/cs\/\",\"logo\":{\"@type\":\"ImageObject\",\"inLanguage\":\"cs\",\"@id\":\"https:\/\/allwindows.eu\/cs\/#\/schema\/logo\/image\/\",\"url\":\"https:\/\/allwindows.eu\/wp-content\/uploads\/2022\/05\/cropped-Logo_All-Windows_poziom.png\",\"contentUrl\":\"https:\/\/allwindows.eu\/wp-content\/uploads\/2022\/05\/cropped-Logo_All-Windows_poziom.png\",\"width\":2115,\"height\":551,\"caption\":\"All Windows Group | Polski Producent Okien, Drzwi, Rolet i Bram\"},\"image\":{\"@id\":\"https:\/\/allwindows.eu\/cs\/#\/schema\/logo\/image\/\"},\"sameAs\":[\"https:\/\/www.facebook.com\/AllWindowsGroup?locale=pl_PL\",\"https:\/\/www.linkedin.com\/company\/allwindowsgroup\/\",\"https:\/\/www.instagram.com\/allwindowsgroup\/\"]}]}<\/script>\n<!-- \/ Yoast SEO plugin. -->","yoast_head_json":{"title":"Politika cookies - All Windows Group | Polski Producent Okien, Drzwi, Rolet i Bram","robots":{"index":"index","follow":"follow","max-snippet":"max-snippet:-1","max-image-preview":"max-image-preview:large","max-video-preview":"max-video-preview:-1"},"canonical":"https:\/\/allwindows.eu\/cs\/politika-cookies\/","og_locale":"cs_CZ","og_type":"article","og_title":"Politika cookies - All Windows Group | Polski Producent Okien, Drzwi, Rolet i Bram","og_description":"POLITIKA COOKIES All Windows Group Spole\u010dnost s ru\u010den\u00edm omezen\u00fdm se s\u00eddlem v Nyse,, ul. Karpacka6, 48-303 Nysa, zapsan\u00e1 v rejst\u0159\u00edku podnikatel\u016f N\u00e1rodn\u00edho soudn\u00edho rejst\u0159\u00edku pod \u010d. KRS: 0000345467, jeho\u017e dokumentace je ulo\u017een\u00e1 u Okresn\u00edho soudu v Opole VIII Ekonomick\u00e9 odd\u011blen\u00ed N\u00e1rodn\u00edho soudn\u00edho rejst\u0159\u00edku, NIP: 7531608850, REGON: 531212343, jako vlastn\u00edk a provozovatel Servisu pod dom\u00e9nou www.allwindows.eu [&hellip;]","og_url":"https:\/\/allwindows.eu\/cs\/politika-cookies\/","og_site_name":"All Windows Group | Polski Producent Okien, Drzwi, Rolet i Bram","article_publisher":"https:\/\/www.facebook.com\/AllWindowsGroup?locale=pl_PL","article_modified_time":"2023-01-12T12:42:58+00:00","twitter_card":"summary_large_image","twitter_misc":{"Odhadovan\u00e1 doba \u010dten\u00ed":"5 minut"},"schema":{"@context":"https:\/\/schema.org","@graph":[{"@type":"WebPage","@id":"https:\/\/allwindows.eu\/cs\/politika-cookies\/","url":"https:\/\/allwindows.eu\/cs\/politika-cookies\/","name":"Politika cookies - All Windows Group | Polski Producent Okien, Drzwi, Rolet i Bram","isPartOf":{"@id":"https:\/\/allwindows.eu\/cs\/#website"},"datePublished":"2022-12-01T06:08:50+00:00","dateModified":"2023-01-12T12:42:58+00:00","breadcrumb":{"@id":"https:\/\/allwindows.eu\/cs\/politika-cookies\/#breadcrumb"},"inLanguage":"cs","potentialAction":[{"@type":"ReadAction","target":["https:\/\/allwindows.eu\/cs\/politika-cookies\/"]}]},{"@type":"BreadcrumbList","@id":"https:\/\/allwindows.eu\/cs\/politika-cookies\/#breadcrumb","itemListElement":[{"@type":"ListItem","position":1,"name":"Domov","item":"https:\/\/allwindows.eu\/cs\/"},{"@type":"ListItem","position":2,"name":"Politika cookies"}]},{"@type":"WebSite","@id":"https:\/\/allwindows.eu\/cs\/#website","url":"https:\/\/allwindows.eu\/cs\/","name":"All Windows Group | Polski Producent Okien, Drzwi, Rolet i Bram","description":"Polski Producent Okien, Drzwi, Rolet i Bram","publisher":{"@id":"https:\/\/allwindows.eu\/cs\/#organization"},"potentialAction":[{"@type":"SearchAction","target":{"@type":"EntryPoint","urlTemplate":"https:\/\/allwindows.eu\/cs\/?s={search_term_string}"},"query-input":{"@type":"PropertyValueSpecification","valueRequired":true,"valueName":"search_term_string"}}],"inLanguage":"cs"},{"@type":"Organization","@id":"https:\/\/allwindows.eu\/cs\/#organization","name":"All Windows Group | Polski Producent Okien, Drzwi, Rolet i Bram","url":"https:\/\/allwindows.eu\/cs\/","logo":{"@type":"ImageObject","inLanguage":"cs","@id":"https:\/\/allwindows.eu\/cs\/#\/schema\/logo\/image\/","url":"https:\/\/allwindows.eu\/wp-content\/uploads\/2022\/05\/cropped-Logo_All-Windows_poziom.png","contentUrl":"https:\/\/allwindows.eu\/wp-content\/uploads\/2022\/05\/cropped-Logo_All-Windows_poziom.png","width":2115,"height":551,"caption":"All Windows Group | Polski Producent Okien, Drzwi, Rolet i Bram"},"image":{"@id":"https:\/\/allwindows.eu\/cs\/#\/schema\/logo\/image\/"},"sameAs":["https:\/\/www.facebook.com\/AllWindowsGroup?locale=pl_PL","https:\/\/www.linkedin.com\/company\/allwindowsgroup\/","https:\/\/www.instagram.com\/allwindowsgroup\/"]}]}},"_links":{"self":[{"href":"https:\/\/allwindows.eu\/cs\/wp-json\/wp\/v2\/pages\/19037","targetHints":{"allow":["GET"]}}],"collection":[{"href":"https:\/\/allwindows.eu\/cs\/wp-json\/wp\/v2\/pages"}],"about":[{"href":"https:\/\/allwindows.eu\/cs\/wp-json\/wp\/v2\/types\/page"}],"author":[{"embeddable":true,"href":"https:\/\/allwindows.eu\/cs\/wp-json\/wp\/v2\/users\/2"}],"replies":[{"embeddable":true,"href":"https:\/\/allwindows.eu\/cs\/wp-json\/wp\/v2\/comments?post=19037"}],"version-history":[{"count":1,"href":"https:\/\/allwindows.eu\/cs\/wp-json\/wp\/v2\/pages\/19037\/revisions"}],"predecessor-version":[{"id":19038,"href":"https:\/\/allwindows.eu\/cs\/wp-json\/wp\/v2\/pages\/19037\/revisions\/19038"}],"wp:attachment":[{"href":"https:\/\/allwindows.eu\/cs\/wp-json\/wp\/v2\/media?parent=19037"}],"curies":[{"name":"wp","href":"https:\/\/api.w.org\/{rel}","templated":true}]}}